{"id":5246,"date":"2024-11-25T23:42:41","date_gmt":"2024-11-25T21:42:41","guid":{"rendered":"https:\/\/granbazar-games.com\/?page_id=5246"},"modified":"2024-12-21T20:23:43","modified_gmt":"2024-12-21T18:23:43","slug":"dj5d46v1jrjg","status":"publish","type":"page","link":"https:\/\/granbazar-games.com\/fr\/dj5d46v1jrjg\/","title":{"rendered":"Shinji-A1-1-2"},"content":{"rendered":"<div data-elementor-type=\"wp-page\" data-elementor-id=\"5246\" class=\"elementor elementor-5246\">\n\t\t\t\t\t\t<section class=\"elementor-section elementor-top-section elementor-element elementor-element-d4a1695 elementor-section-boxed elementor-section-height-default elementor-section-height-default\" data-id=\"d4a1695\" data-element_type=\"section\" data-e-type=\"section\">\n\t\t\t\t\t\t<div class=\"elementor-container elementor-column-gap-default\">\n\t\t\t\t\t<div class=\"elementor-column elementor-col-50 elementor-top-column elementor-element elementor-element-99d62b4\" data-id=\"99d62b4\" data-element_type=\"column\" data-e-type=\"column\">\n\t\t\t<div class=\"elementor-widget-wrap elementor-element-populated\">\n\t\t\t\t\t\t<div class=\"elementor-element elementor-element-05a1771 elementor-widget elementor-widget-image\" data-id=\"05a1771\" data-element_type=\"widget\" data-e-type=\"widget\" data-widget_type=\"image.default\">\n\t\t\t\t<div class=\"elementor-widget-container\">\n\t\t\t\t\t\t\t\t\t\t\t\t\t\t\t<img fetchpriority=\"high\" decoding=\"async\" width=\"667\" height=\"609\" src=\"https:\/\/granbazar-games.com\/wp-content\/uploads\/2024\/11\/shinji_C3.png\" class=\"attachment-large size-large wp-image-5293\" alt=\"\" srcset=\"https:\/\/granbazar-games.com\/wp-content\/uploads\/2024\/11\/shinji_C3.png 667w, https:\/\/granbazar-games.com\/wp-content\/uploads\/2024\/11\/shinji_C3-300x274.png 300w, https:\/\/granbazar-games.com\/wp-content\/uploads\/2024\/11\/shinji_C3-13x12.png 13w, https:\/\/granbazar-games.com\/wp-content\/uploads\/2024\/11\/shinji_C3-600x548.png 600w\" sizes=\"(max-width: 667px) 100vw, 667px\" \/>\t\t\t\t\t\t\t\t\t\t\t\t\t\t\t<\/div>\n\t\t\t\t<\/div>\n\t\t\t\t\t<\/div>\n\t\t<\/div>\n\t\t\t\t<div class=\"elementor-column elementor-col-50 elementor-top-column elementor-element elementor-element-49e4743\" data-id=\"49e4743\" data-element_type=\"column\" data-e-type=\"column\">\n\t\t\t<div class=\"elementor-widget-wrap elementor-element-populated\">\n\t\t\t\t\t\t<div class=\"elementor-element elementor-element-26e2a16 elementor-widget elementor-widget-text-editor\" data-id=\"26e2a16\" data-element_type=\"widget\" data-e-type=\"widget\" data-widget_type=\"text-editor.default\">\n\t\t\t\t<div class=\"elementor-widget-container\">\n\t\t\t\t\t\t\t\t\t<p>Mmmh, pas beaucoup plus que ce que tout le monde sait : le Consortium l\u2019a construit il y a un peu plus de 400 ans\u2026 avant de nous abandonner. Il a fallu pas mal de temps avant qu\u2019on remarque qu\u2019elle commen\u00e7ait \u00e0 se disloquer.<\/p>\n<p>Faut dire, les gars de l\u2019\u00e9poque n'avaient pas l\u2019habitude de remettre en question les autorit\u00e9s scientifiques.&nbsp;<span style=\"font-family: inherit; font-size: inherit; font-style: inherit; font-variant-ligatures: inherit; font-variant-caps: inherit; font-weight: inherit; letter-spacing: var(--theme-letter-spacing); text-transform: var(--theme-text-transform);\">Comment auraient-ils pu se douter que le Consortium avait construit une coquille vide ?&nbsp;<\/span><\/p>\n<p><span style=\"font-family: inherit; font-size: inherit; font-style: inherit; font-variant-ligatures: inherit; font-variant-caps: inherit; font-weight: inherit; letter-spacing: var(--theme-letter-spacing); text-transform: var(--theme-text-transform);\">Le plan \u00e9tait simple : Construire la Porte, se rendre sur Hope, y construire la deuxi\u00e8me Porte en orbite et d\u00e9buter une colonie \u00e0 bas\u2026<\/span><\/p>\n<p>Mais y' a pas un pet de technologie dans la Porte\u2026 c\u2019\u00e9tait juste une cruelle distraction pour filer avec le peu qu\u2019il nous restait.<\/p>\t\t\t\t\t\t\t\t<\/div>\n\t\t\t\t<\/div>\n\t\t\t\t\t<\/div>\n\t\t<\/div>\n\t\t\t\t\t<\/div>\n\t\t<\/section>\n\t\t\t\t<section class=\"elementor-section elementor-top-section elementor-element elementor-element-930e7ad elementor-section-boxed elementor-section-height-default elementor-section-height-default\" data-id=\"930e7ad\" data-element_type=\"section\" data-e-type=\"section\">\n\t\t\t\t\t\t<div class=\"elementor-container elementor-column-gap-default\">\n\t\t\t\t\t<div class=\"elementor-column elementor-col-100 elementor-top-column elementor-element elementor-element-8168ee6\" data-id=\"8168ee6\" data-element_type=\"column\" data-e-type=\"column\">\n\t\t\t<div class=\"elementor-widget-wrap elementor-element-populated\">\n\t\t\t\t\t\t<div class=\"elementor-element elementor-element-1fdae0b elementor-hidden-tablet elementor-hidden-mobile elementor-widget-divider--view-line elementor-widget elementor-widget-divider\" data-id=\"1fdae0b\" data-element_type=\"widget\" data-e-type=\"widget\" data-widget_type=\"divider.default\">\n\t\t\t\t<div class=\"elementor-widget-container\">\n\t\t\t\t\t\t\t<div class=\"elementor-divider\">\n\t\t\t<span class=\"elementor-divider-separator\">\n\t\t\t\t\t\t<\/span>\n\t\t<\/div>\n\t\t\t\t\t\t<\/div>\n\t\t\t\t<\/div>\n\t\t\t\t\t<\/div>\n\t\t<\/div>\n\t\t\t\t\t<\/div>\n\t\t<\/section>\n\t\t\t\t<section class=\"elementor-section elementor-top-section elementor-element elementor-element-c7d3274 elementor-section-boxed elementor-section-height-default elementor-section-height-default\" data-id=\"c7d3274\" data-element_type=\"section\" data-e-type=\"section\">\n\t\t\t\t\t\t<div class=\"elementor-container elementor-column-gap-default\">\n\t\t\t\t\t<div class=\"elementor-column elementor-col-33 elementor-top-column elementor-element elementor-element-647755c\" data-id=\"647755c\" data-element_type=\"column\" data-e-type=\"column\">\n\t\t\t<div class=\"elementor-widget-wrap elementor-element-populated\">\n\t\t\t\t\t\t<div class=\"elementor-element elementor-element-c27ad58 elementor-align-center elementor-widget elementor-widget-button\" data-id=\"c27ad58\" data-element_type=\"widget\" data-e-type=\"widget\" data-widget_type=\"button.default\">\n\t\t\t\t<div class=\"elementor-widget-container\">\n\t\t\t\t\t\t\t\t\t<div class=\"elementor-button-wrapper\">\n\t\t\t\t\t<a class=\"elementor-button elementor-button-link elementor-size-xl elementor-animation-float\" href=\"https:\/\/granbazar-games.com\/fr\/end\/\">\n\t\t\t\t\t\t<span class=\"elementor-button-content-wrapper\">\n\t\t\t\t\t\t\t\t\t<span class=\"elementor-button-text\">Qui a inspect\u00e9 la Porte Orbitale ?<\/span>\n\t\t\t\t\t<\/span>\n\t\t\t\t\t<\/a>\n\t\t\t\t<\/div>\n\t\t\t\t\t\t\t\t<\/div>\n\t\t\t\t<\/div>\n\t\t\t\t\t<\/div>\n\t\t<\/div>\n\t\t\t\t<div class=\"elementor-column elementor-col-33 elementor-top-column elementor-element elementor-element-537e40d\" data-id=\"537e40d\" data-element_type=\"column\" data-e-type=\"column\">\n\t\t\t<div class=\"elementor-widget-wrap\">\n\t\t\t\t\t\t\t<\/div>\n\t\t<\/div>\n\t\t\t\t<div class=\"elementor-column elementor-col-33 elementor-top-column elementor-element elementor-element-a95f409\" data-id=\"a95f409\" data-element_type=\"column\" data-e-type=\"column\">\n\t\t\t<div class=\"elementor-widget-wrap\">\n\t\t\t\t\t\t\t<\/div>\n\t\t<\/div>\n\t\t\t\t\t<\/div>\n\t\t<\/section>\n\t\t\t\t<section class=\"elementor-section elementor-top-section elementor-element elementor-element-6ffdec2 elementor-section-boxed elementor-section-height-default elementor-section-height-default\" data-id=\"6ffdec2\" data-element_type=\"section\" data-e-type=\"section\">\n\t\t\t\t\t\t<div class=\"elementor-container elementor-column-gap-default\">\n\t\t\t\t\t<div class=\"elementor-column elementor-col-100 elementor-top-column elementor-element elementor-element-cbf189a\" data-id=\"cbf189a\" data-element_type=\"column\" data-e-type=\"column\">\n\t\t\t<div class=\"elementor-widget-wrap elementor-element-populated\">\n\t\t\t\t\t\t<section class=\"elementor-section elementor-inner-section elementor-element elementor-element-122e4b9 elementor-section-boxed elementor-section-height-default elementor-section-height-default\" data-id=\"122e4b9\" data-element_type=\"section\" data-e-type=\"section\">\n\t\t\t\t\t\t<div class=\"elementor-container elementor-column-gap-default\">\n\t\t\t\t\t<div class=\"elementor-column elementor-col-50 elementor-inner-column elementor-element elementor-element-68761ed\" data-id=\"68761ed\" data-element_type=\"column\" data-e-type=\"column\">\n\t\t\t<div class=\"elementor-widget-wrap\">\n\t\t\t\t\t\t\t<\/div>\n\t\t<\/div>\n\t\t\t\t<div class=\"elementor-column elementor-col-50 elementor-inner-column elementor-element elementor-element-493e54c\" data-id=\"493e54c\" data-element_type=\"column\" data-e-type=\"column\">\n\t\t\t<div class=\"elementor-widget-wrap\">\n\t\t\t\t\t\t\t<\/div>\n\t\t<\/div>\n\t\t\t\t\t<\/div>\n\t\t<\/section>\n\t\t\t\t\t<\/div>\n\t\t<\/div>\n\t\t\t\t\t<\/div>\n\t\t<\/section>\n\t\t\t\t<\/div>","protected":false},"excerpt":{"rendered":"<p>Mmmh, not much more than what everyone knows: the Consortium built it a little over 400 years ago\u2026 before ditching us. Took a while for people to notice it was starting to fall apart. Gotta say, folks back then weren\u2019t exactly used to questioning scientific authorities.&nbsp;How could they have guessed the Consortium had built a [&hellip;]<\/p>\n","protected":false},"author":1,"featured_media":0,"parent":0,"menu_order":0,"comment_status":"closed","ping_status":"closed","template":"","meta":{"footnotes":""},"class_list":["post-5246","page","type-page","status-publish","hentry"],"blocksy_meta":[],"yoast_head":"<!-- This site is optimized with the Yoast SEO plugin v27.4 - https:\/\/yoast.com\/product\/yoast-seo-wordpress\/ -->\n<title>Shinji-A1-1-2 - Gran Bazar<\/title>\n<meta name=\"robots\" content=\"index, follow, max-snippet:-1, max-image-preview:large, max-video-preview:-1\" \/>\n<link rel=\"canonical\" href=\"https:\/\/granbazar-games.com\/fr\/dj5d46v1jrjg\/\" \/>\n<meta property=\"og:locale\" content=\"fr_FR\" \/>\n<meta property=\"og:type\" content=\"article\" \/>\n<meta property=\"og:title\" content=\"Shinji-A1-1-2 - Gran Bazar\" \/>\n<meta property=\"og:description\" content=\"Mmmh, not much more than what everyone knows: the Consortium built it a little over 400 years ago\u2026 before ditching us. Took a while for people to notice it was starting to fall apart. Gotta say, folks back then weren\u2019t exactly used to questioning scientific authorities.&nbsp;How could they have guessed the Consortium had built a [&hellip;]\" \/>\n<meta property=\"og:url\" content=\"https:\/\/granbazar-games.com\/fr\/dj5d46v1jrjg\/\" \/>\n<meta property=\"og:site_name\" content=\"Gran Bazar\" \/>\n<meta property=\"article:modified_time\" content=\"2024-12-21T18:23:43+00:00\" \/>\n<meta property=\"og:image\" content=\"https:\/\/granbazar-games.com\/wp-content\/uploads\/2024\/11\/shinji_C3.png\" \/>\n\t<meta property=\"og:image:width\" content=\"667\" \/>\n\t<meta property=\"og:image:height\" content=\"609\" \/>\n\t<meta property=\"og:image:type\" content=\"image\/png\" \/>\n<meta name=\"twitter:card\" content=\"summary_large_image\" \/>\n<meta name=\"twitter:label1\" content=\"Dur\u00e9e de lecture estim\u00e9e\" \/>\n\t<meta name=\"twitter:data1\" content=\"1 minute\" \/>\n<script type=\"application\/ld+json\" class=\"yoast-schema-graph\">{\"@context\":\"https:\\\/\\\/schema.org\",\"@graph\":[{\"@type\":\"WebPage\",\"@id\":\"https:\\\/\\\/granbazar-games.com\\\/dj5d46v1jrjg\\\/\",\"url\":\"https:\\\/\\\/granbazar-games.com\\\/dj5d46v1jrjg\\\/\",\"name\":\"Shinji-A1-1-2 - Gran Bazar\",\"isPartOf\":{\"@id\":\"https:\\\/\\\/granbazar-games.com\\\/en\\\/#website\"},\"primaryImageOfPage\":{\"@id\":\"https:\\\/\\\/granbazar-games.com\\\/dj5d46v1jrjg\\\/#primaryimage\"},\"image\":{\"@id\":\"https:\\\/\\\/granbazar-games.com\\\/dj5d46v1jrjg\\\/#primaryimage\"},\"thumbnailUrl\":\"http:\\\/\\\/granbazar-games.com\\\/wp-content\\\/uploads\\\/2024\\\/11\\\/shinji_C3.png\",\"datePublished\":\"2024-11-25T21:42:41+00:00\",\"dateModified\":\"2024-12-21T18:23:43+00:00\",\"breadcrumb\":{\"@id\":\"https:\\\/\\\/granbazar-games.com\\\/dj5d46v1jrjg\\\/#breadcrumb\"},\"inLanguage\":\"fr-FR\",\"potentialAction\":[{\"@type\":\"ReadAction\",\"target\":[\"https:\\\/\\\/granbazar-games.com\\\/dj5d46v1jrjg\\\/\"]}]},{\"@type\":\"ImageObject\",\"inLanguage\":\"fr-FR\",\"@id\":\"https:\\\/\\\/granbazar-games.com\\\/dj5d46v1jrjg\\\/#primaryimage\",\"url\":\"http:\\\/\\\/granbazar-games.com\\\/wp-content\\\/uploads\\\/2024\\\/11\\\/shinji_C3.png\",\"contentUrl\":\"http:\\\/\\\/granbazar-games.com\\\/wp-content\\\/uploads\\\/2024\\\/11\\\/shinji_C3.png\"},{\"@type\":\"BreadcrumbList\",\"@id\":\"https:\\\/\\\/granbazar-games.com\\\/dj5d46v1jrjg\\\/#breadcrumb\",\"itemListElement\":[{\"@type\":\"ListItem\",\"position\":1,\"name\":\"Home\",\"item\":\"https:\\\/\\\/granbazar-games.com\\\/\"},{\"@type\":\"ListItem\",\"position\":2,\"name\":\"Shinji-A1-1-2\"}]},{\"@type\":\"WebSite\",\"@id\":\"https:\\\/\\\/granbazar-games.com\\\/en\\\/#website\",\"url\":\"https:\\\/\\\/granbazar-games.com\\\/en\\\/\",\"name\":\"indiewargame\",\"description\":\"Tout sur jeu de figurine Warbound\",\"publisher\":{\"@id\":\"https:\\\/\\\/granbazar-games.com\\\/en\\\/#organization\"},\"potentialAction\":[{\"@type\":\"SearchAction\",\"target\":{\"@type\":\"EntryPoint\",\"urlTemplate\":\"https:\\\/\\\/granbazar-games.com\\\/en\\\/?s={search_term_string}\"},\"query-input\":{\"@type\":\"PropertyValueSpecification\",\"valueRequired\":true,\"valueName\":\"search_term_string\"}}],\"inLanguage\":\"fr-FR\"},{\"@type\":\"Organization\",\"@id\":\"https:\\\/\\\/granbazar-games.com\\\/en\\\/#organization\",\"name\":\"Indie Wargame\",\"url\":\"https:\\\/\\\/granbazar-games.com\\\/en\\\/\",\"logo\":{\"@type\":\"ImageObject\",\"inLanguage\":\"fr-FR\",\"@id\":\"https:\\\/\\\/granbazar-games.com\\\/en\\\/#\\\/schema\\\/logo\\\/image\\\/\",\"url\":\"https:\\\/\\\/granbazar-games.com\\\/wp-content\\\/uploads\\\/2020\\\/05\\\/warbound.png\",\"contentUrl\":\"https:\\\/\\\/granbazar-games.com\\\/wp-content\\\/uploads\\\/2020\\\/05\\\/warbound.png\",\"width\":3987,\"height\":1269,\"caption\":\"Indie Wargame\"},\"image\":{\"@id\":\"https:\\\/\\\/granbazar-games.com\\\/en\\\/#\\\/schema\\\/logo\\\/image\\\/\"},\"sameAs\":[\"https:\\\/\\\/www.youtube.com\\\/channel\\\/UC89OhvX60LiNJU-jCoWs-LQ?view_as=subscriber\"]}]}<\/script>\n<!-- \/ Yoast SEO plugin. -->","yoast_head_json":{"title":"Shinji-A1-1-2 - Gran Bazar","robots":{"index":"index","follow":"follow","max-snippet":"max-snippet:-1","max-image-preview":"max-image-preview:large","max-video-preview":"max-video-preview:-1"},"canonical":"https:\/\/granbazar-games.com\/fr\/dj5d46v1jrjg\/","og_locale":"fr_FR","og_type":"article","og_title":"Shinji-A1-1-2 - Gran Bazar","og_description":"Mmmh, not much more than what everyone knows: the Consortium built it a little over 400 years ago\u2026 before ditching us. Took a while for people to notice it was starting to fall apart. Gotta say, folks back then weren\u2019t exactly used to questioning scientific authorities.&nbsp;How could they have guessed the Consortium had built a [&hellip;]","og_url":"https:\/\/granbazar-games.com\/fr\/dj5d46v1jrjg\/","og_site_name":"Gran Bazar","article_modified_time":"2024-12-21T18:23:43+00:00","og_image":[{"width":667,"height":609,"url":"https:\/\/granbazar-games.com\/wp-content\/uploads\/2024\/11\/shinji_C3.png","type":"image\/png"}],"twitter_card":"summary_large_image","twitter_misc":{"Dur\u00e9e de lecture estim\u00e9e":"1 minute"},"schema":{"@context":"https:\/\/schema.org","@graph":[{"@type":"WebPage","@id":"https:\/\/granbazar-games.com\/dj5d46v1jrjg\/","url":"https:\/\/granbazar-games.com\/dj5d46v1jrjg\/","name":"Shinji-A1-1-2 - Gran Bazar","isPartOf":{"@id":"https:\/\/granbazar-games.com\/en\/#website"},"primaryImageOfPage":{"@id":"https:\/\/granbazar-games.com\/dj5d46v1jrjg\/#primaryimage"},"image":{"@id":"https:\/\/granbazar-games.com\/dj5d46v1jrjg\/#primaryimage"},"thumbnailUrl":"http:\/\/granbazar-games.com\/wp-content\/uploads\/2024\/11\/shinji_C3.png","datePublished":"2024-11-25T21:42:41+00:00","dateModified":"2024-12-21T18:23:43+00:00","breadcrumb":{"@id":"https:\/\/granbazar-games.com\/dj5d46v1jrjg\/#breadcrumb"},"inLanguage":"fr-FR","potentialAction":[{"@type":"ReadAction","target":["https:\/\/granbazar-games.com\/dj5d46v1jrjg\/"]}]},{"@type":"ImageObject","inLanguage":"fr-FR","@id":"https:\/\/granbazar-games.com\/dj5d46v1jrjg\/#primaryimage","url":"http:\/\/granbazar-games.com\/wp-content\/uploads\/2024\/11\/shinji_C3.png","contentUrl":"http:\/\/granbazar-games.com\/wp-content\/uploads\/2024\/11\/shinji_C3.png"},{"@type":"BreadcrumbList","@id":"https:\/\/granbazar-games.com\/dj5d46v1jrjg\/#breadcrumb","itemListElement":[{"@type":"ListItem","position":1,"name":"Home","item":"https:\/\/granbazar-games.com\/"},{"@type":"ListItem","position":2,"name":"Shinji-A1-1-2"}]},{"@type":"WebSite","@id":"https:\/\/granbazar-games.com\/en\/#website","url":"https:\/\/granbazar-games.com\/en\/","name":"indiewargame","description":"Tout sur jeu de figurine Warbound","publisher":{"@id":"https:\/\/granbazar-games.com\/en\/#organization"},"potentialAction":[{"@type":"SearchAction","target":{"@type":"EntryPoint","urlTemplate":"https:\/\/granbazar-games.com\/en\/?s={search_term_string}"},"query-input":{"@type":"PropertyValueSpecification","valueRequired":true,"valueName":"search_term_string"}}],"inLanguage":"fr-FR"},{"@type":"Organization","@id":"https:\/\/granbazar-games.com\/en\/#organization","name":"Indie Wargame","url":"https:\/\/granbazar-games.com\/en\/","logo":{"@type":"ImageObject","inLanguage":"fr-FR","@id":"https:\/\/granbazar-games.com\/en\/#\/schema\/logo\/image\/","url":"https:\/\/granbazar-games.com\/wp-content\/uploads\/2020\/05\/warbound.png","contentUrl":"https:\/\/granbazar-games.com\/wp-content\/uploads\/2020\/05\/warbound.png","width":3987,"height":1269,"caption":"Indie Wargame"},"image":{"@id":"https:\/\/granbazar-games.com\/en\/#\/schema\/logo\/image\/"},"sameAs":["https:\/\/www.youtube.com\/channel\/UC89OhvX60LiNJU-jCoWs-LQ?view_as=subscriber"]}]}},"jetpack_sharing_enabled":true,"_links":{"self":[{"href":"https:\/\/granbazar-games.com\/fr\/wp-json\/wp\/v2\/pages\/5246","targetHints":{"allow":["GET"]}}],"collection":[{"href":"https:\/\/granbazar-games.com\/fr\/wp-json\/wp\/v2\/pages"}],"about":[{"href":"https:\/\/granbazar-games.com\/fr\/wp-json\/wp\/v2\/types\/page"}],"author":[{"embeddable":true,"href":"https:\/\/granbazar-games.com\/fr\/wp-json\/wp\/v2\/users\/1"}],"replies":[{"embeddable":true,"href":"https:\/\/granbazar-games.com\/fr\/wp-json\/wp\/v2\/comments?post=5246"}],"version-history":[{"count":12,"href":"https:\/\/granbazar-games.com\/fr\/wp-json\/wp\/v2\/pages\/5246\/revisions"}],"predecessor-version":[{"id":5361,"href":"https:\/\/granbazar-games.com\/fr\/wp-json\/wp\/v2\/pages\/5246\/revisions\/5361"}],"wp:attachment":[{"href":"https:\/\/granbazar-games.com\/fr\/wp-json\/wp\/v2\/media?parent=5246"}],"curies":[{"name":"wp","href":"https:\/\/api.w.org\/{rel}","templated":true}]}}