{"id":5458,"date":"2025-01-12T22:37:34","date_gmt":"2025-01-12T20:37:34","guid":{"rendered":"https:\/\/granbazar-games.com\/?page_id=5458"},"modified":"2025-01-12T23:40:15","modified_gmt":"2025-01-12T21:40:15","slug":"pekfnqbhsg56er","status":"publish","type":"page","link":"https:\/\/granbazar-games.com\/fr\/pekfnqbhsg56er\/","title":{"rendered":"Shinji-B1-1"},"content":{"rendered":"<div data-elementor-type=\"wp-page\" data-elementor-id=\"5458\" class=\"elementor elementor-5458\">\n\t\t\t\t\t\t<section class=\"elementor-section elementor-top-section elementor-element elementor-element-d4a1695 elementor-section-boxed elementor-section-height-default elementor-section-height-default\" data-id=\"d4a1695\" data-element_type=\"section\" data-e-type=\"section\">\n\t\t\t\t\t\t<div class=\"elementor-container elementor-column-gap-default\">\n\t\t\t\t\t<div class=\"elementor-column elementor-col-50 elementor-top-column elementor-element elementor-element-99d62b4\" data-id=\"99d62b4\" data-element_type=\"column\" data-e-type=\"column\">\n\t\t\t<div class=\"elementor-widget-wrap elementor-element-populated\">\n\t\t\t\t\t\t<div class=\"elementor-element elementor-element-05a1771 elementor-widget__width-initial elementor-widget elementor-widget-image\" data-id=\"05a1771\" data-element_type=\"widget\" data-e-type=\"widget\" data-widget_type=\"image.default\">\n\t\t\t\t<div class=\"elementor-widget-container\">\n\t\t\t\t\t\t\t\t\t\t\t\t\t\t\t<img fetchpriority=\"high\" decoding=\"async\" width=\"565\" height=\"584\" src=\"https:\/\/granbazar-games.com\/wp-content\/uploads\/2025\/01\/shinji_finger4.png\" class=\"attachment-large size-large wp-image-5450\" alt=\"\" srcset=\"https:\/\/granbazar-games.com\/wp-content\/uploads\/2025\/01\/shinji_finger4.png 565w, https:\/\/granbazar-games.com\/wp-content\/uploads\/2025\/01\/shinji_finger4-290x300.png 290w, https:\/\/granbazar-games.com\/wp-content\/uploads\/2025\/01\/shinji_finger4-12x12.png 12w, https:\/\/granbazar-games.com\/wp-content\/uploads\/2025\/01\/shinji_finger4-300x310.png 300w\" sizes=\"(max-width: 565px) 100vw, 565px\" \/>\t\t\t\t\t\t\t\t\t\t\t\t\t\t\t<\/div>\n\t\t\t\t<\/div>\n\t\t\t\t\t<\/div>\n\t\t<\/div>\n\t\t\t\t<div class=\"elementor-column elementor-col-50 elementor-top-column elementor-element elementor-element-49e4743\" data-id=\"49e4743\" data-element_type=\"column\" data-e-type=\"column\">\n\t\t\t<div class=\"elementor-widget-wrap elementor-element-populated\">\n\t\t\t\t\t\t<div class=\"elementor-element elementor-element-26e2a16 elementor-widget elementor-widget-text-editor\" data-id=\"26e2a16\" data-element_type=\"widget\" data-e-type=\"widget\" data-widget_type=\"text-editor.default\">\n\t\t\t\t<div class=\"elementor-widget-container\">\n\t\t\t\t\t\t\t\t\t<p>J\u2019esp\u00e9rais que vous diriez \u00e7a ! Les quartiers pauvres de Managhone, le Geth, Shinji y passe le plus clair de son temps.<\/p><p>Dans les rues du Geth, les COPP n\u2019osent pas s\u2019aventurer, c\u2019est la Loi des Barons qui r\u00e8gne ! Les Gangs s\u2019affrontent tous les jours pour gagner un peu plus de terrain.<\/p><p>M\u00eame le Loop ne s\u2019y arr\u00eate plus, ils ont d\u00fb fermer la Station depuis que les Ironskins de la 26e ont d\u00e9log\u00e9 les Loopers !<\/p>\t\t\t\t\t\t\t\t<\/div>\n\t\t\t\t<\/div>\n\t\t\t\t\t<\/div>\n\t\t<\/div>\n\t\t\t\t\t<\/div>\n\t\t<\/section>\n\t\t\t\t<section class=\"elementor-section elementor-top-section elementor-element elementor-element-930e7ad elementor-section-boxed elementor-section-height-default elementor-section-height-default\" data-id=\"930e7ad\" data-element_type=\"section\" data-e-type=\"section\">\n\t\t\t\t\t\t<div class=\"elementor-container elementor-column-gap-default\">\n\t\t\t\t\t<div class=\"elementor-column elementor-col-100 elementor-top-column elementor-element elementor-element-8168ee6\" data-id=\"8168ee6\" data-element_type=\"column\" data-e-type=\"column\">\n\t\t\t<div class=\"elementor-widget-wrap elementor-element-populated\">\n\t\t\t\t\t\t<div class=\"elementor-element elementor-element-1fdae0b elementor-hidden-tablet elementor-hidden-mobile elementor-widget-divider--view-line elementor-widget elementor-widget-divider\" data-id=\"1fdae0b\" data-element_type=\"widget\" data-e-type=\"widget\" data-widget_type=\"divider.default\">\n\t\t\t\t<div class=\"elementor-widget-container\">\n\t\t\t\t\t\t\t<div class=\"elementor-divider\">\n\t\t\t<span class=\"elementor-divider-separator\">\n\t\t\t\t\t\t<\/span>\n\t\t<\/div>\n\t\t\t\t\t\t<\/div>\n\t\t\t\t<\/div>\n\t\t\t\t\t<\/div>\n\t\t<\/div>\n\t\t\t\t\t<\/div>\n\t\t<\/section>\n\t\t\t\t<section class=\"elementor-section elementor-top-section elementor-element elementor-element-c7d3274 elementor-section-boxed elementor-section-height-default elementor-section-height-default\" data-id=\"c7d3274\" data-element_type=\"section\" data-e-type=\"section\">\n\t\t\t\t\t\t<div class=\"elementor-container elementor-column-gap-default\">\n\t\t\t\t\t<div class=\"elementor-column elementor-col-33 elementor-top-column elementor-element elementor-element-647755c\" data-id=\"647755c\" data-element_type=\"column\" data-e-type=\"column\">\n\t\t\t<div class=\"elementor-widget-wrap elementor-element-populated\">\n\t\t\t\t\t\t<div class=\"elementor-element elementor-element-6eb92aa elementor-align-center elementor-widget elementor-widget-button\" data-id=\"6eb92aa\" data-element_type=\"widget\" data-e-type=\"widget\" data-widget_type=\"button.default\">\n\t\t\t\t<div class=\"elementor-widget-container\">\n\t\t\t\t\t\t\t\t\t<div class=\"elementor-button-wrapper\">\n\t\t\t\t\t<a class=\"elementor-button elementor-button-link elementor-size-xl elementor-animation-float\" href=\"https:\/\/granbazar-games.com\/fr\/end\/\">\n\t\t\t\t\t\t<span class=\"elementor-button-content-wrapper\">\n\t\t\t\t\t\t\t\t\t<span class=\"elementor-button-text\">Les Barons ?<\/span>\n\t\t\t\t\t<\/span>\n\t\t\t\t\t<\/a>\n\t\t\t\t<\/div>\n\t\t\t\t\t\t\t\t<\/div>\n\t\t\t\t<\/div>\n\t\t\t\t\t<\/div>\n\t\t<\/div>\n\t\t\t\t<div class=\"elementor-column elementor-col-33 elementor-top-column elementor-element elementor-element-537e40d\" data-id=\"537e40d\" data-element_type=\"column\" data-e-type=\"column\">\n\t\t\t<div class=\"elementor-widget-wrap elementor-element-populated\">\n\t\t\t\t\t\t<div class=\"elementor-element elementor-element-8a57ce5 elementor-align-center elementor-widget elementor-widget-button\" data-id=\"8a57ce5\" data-element_type=\"widget\" data-e-type=\"widget\" data-widget_type=\"button.default\">\n\t\t\t\t<div class=\"elementor-widget-container\">\n\t\t\t\t\t\t\t\t\t<div class=\"elementor-button-wrapper\">\n\t\t\t\t\t<a class=\"elementor-button elementor-button-link elementor-size-xl elementor-animation-float\" href=\"https:\/\/granbazar-games.com\/fr\/end\/\">\n\t\t\t\t\t\t<span class=\"elementor-button-content-wrapper\">\n\t\t\t\t\t\t\t\t\t<span class=\"elementor-button-text\">Dis m'en plus sur le Loop.<\/span>\n\t\t\t\t\t<\/span>\n\t\t\t\t\t<\/a>\n\t\t\t\t<\/div>\n\t\t\t\t\t\t\t\t<\/div>\n\t\t\t\t<\/div>\n\t\t\t\t\t<\/div>\n\t\t<\/div>\n\t\t\t\t<div class=\"elementor-column elementor-col-33 elementor-top-column elementor-element elementor-element-a95f409\" data-id=\"a95f409\" data-element_type=\"column\" data-e-type=\"column\">\n\t\t\t<div class=\"elementor-widget-wrap\">\n\t\t\t\t\t\t\t<\/div>\n\t\t<\/div>\n\t\t\t\t\t<\/div>\n\t\t<\/section>\n\t\t\t\t<\/div>","protected":false},"excerpt":{"rendered":"<p>I was hoping you\u2019d say that! The slums of Manhagone, the Geth. That\u2019s where Shinji spends most of his time. In the streets of the Geth, the COPPs don\u2019t dare set foot. It\u2019s the Barons\u2019 Law that rules the place! Gangs clash every day, fighting for a bit more turf. Even the Loop doesn\u2019t stop [&hellip;]<\/p>\n","protected":false},"author":1,"featured_media":0,"parent":0,"menu_order":0,"comment_status":"closed","ping_status":"closed","template":"","meta":{"footnotes":""},"class_list":["post-5458","page","type-page","status-publish","hentry"],"blocksy_meta":[],"yoast_head":"<!-- This site is optimized with the Yoast SEO plugin v27.4 - https:\/\/yoast.com\/product\/yoast-seo-wordpress\/ -->\n<title>Shinji-B1-1 - Gran Bazar<\/title>\n<meta name=\"robots\" content=\"index, follow, max-snippet:-1, max-image-preview:large, max-video-preview:-1\" \/>\n<link rel=\"canonical\" href=\"https:\/\/granbazar-games.com\/fr\/pekfnqbhsg56er\/\" \/>\n<meta property=\"og:locale\" content=\"fr_FR\" \/>\n<meta property=\"og:type\" content=\"article\" \/>\n<meta property=\"og:title\" content=\"Shinji-B1-1 - Gran Bazar\" \/>\n<meta property=\"og:description\" content=\"I was hoping you\u2019d say that! The slums of Manhagone, the Geth. That\u2019s where Shinji spends most of his time. In the streets of the Geth, the COPPs don\u2019t dare set foot. It\u2019s the Barons\u2019 Law that rules the place! Gangs clash every day, fighting for a bit more turf. Even the Loop doesn\u2019t stop [&hellip;]\" \/>\n<meta property=\"og:url\" content=\"https:\/\/granbazar-games.com\/fr\/pekfnqbhsg56er\/\" \/>\n<meta property=\"og:site_name\" content=\"Gran Bazar\" \/>\n<meta property=\"article:modified_time\" content=\"2025-01-12T21:40:15+00:00\" \/>\n<meta property=\"og:image\" content=\"https:\/\/granbazar-games.com\/wp-content\/uploads\/2025\/01\/shinji_finger4.png\" \/>\n\t<meta property=\"og:image:width\" content=\"565\" \/>\n\t<meta property=\"og:image:height\" content=\"584\" \/>\n\t<meta property=\"og:image:type\" content=\"image\/png\" \/>\n<meta name=\"twitter:card\" content=\"summary_large_image\" \/>\n<meta name=\"twitter:label1\" content=\"Dur\u00e9e de lecture estim\u00e9e\" \/>\n\t<meta name=\"twitter:data1\" content=\"1 minute\" \/>\n<script type=\"application\/ld+json\" class=\"yoast-schema-graph\">{\"@context\":\"https:\\\/\\\/schema.org\",\"@graph\":[{\"@type\":\"WebPage\",\"@id\":\"https:\\\/\\\/granbazar-games.com\\\/pekfnqbhsg56er\\\/\",\"url\":\"https:\\\/\\\/granbazar-games.com\\\/pekfnqbhsg56er\\\/\",\"name\":\"Shinji-B1-1 - Gran Bazar\",\"isPartOf\":{\"@id\":\"https:\\\/\\\/granbazar-games.com\\\/en\\\/#website\"},\"primaryImageOfPage\":{\"@id\":\"https:\\\/\\\/granbazar-games.com\\\/pekfnqbhsg56er\\\/#primaryimage\"},\"image\":{\"@id\":\"https:\\\/\\\/granbazar-games.com\\\/pekfnqbhsg56er\\\/#primaryimage\"},\"thumbnailUrl\":\"http:\\\/\\\/granbazar-games.com\\\/wp-content\\\/uploads\\\/2025\\\/01\\\/shinji_finger4.png\",\"datePublished\":\"2025-01-12T20:37:34+00:00\",\"dateModified\":\"2025-01-12T21:40:15+00:00\",\"breadcrumb\":{\"@id\":\"https:\\\/\\\/granbazar-games.com\\\/pekfnqbhsg56er\\\/#breadcrumb\"},\"inLanguage\":\"fr-FR\",\"potentialAction\":[{\"@type\":\"ReadAction\",\"target\":[\"https:\\\/\\\/granbazar-games.com\\\/pekfnqbhsg56er\\\/\"]}]},{\"@type\":\"ImageObject\",\"inLanguage\":\"fr-FR\",\"@id\":\"https:\\\/\\\/granbazar-games.com\\\/pekfnqbhsg56er\\\/#primaryimage\",\"url\":\"http:\\\/\\\/granbazar-games.com\\\/wp-content\\\/uploads\\\/2025\\\/01\\\/shinji_finger4.png\",\"contentUrl\":\"http:\\\/\\\/granbazar-games.com\\\/wp-content\\\/uploads\\\/2025\\\/01\\\/shinji_finger4.png\"},{\"@type\":\"BreadcrumbList\",\"@id\":\"https:\\\/\\\/granbazar-games.com\\\/pekfnqbhsg56er\\\/#breadcrumb\",\"itemListElement\":[{\"@type\":\"ListItem\",\"position\":1,\"name\":\"Home\",\"item\":\"https:\\\/\\\/granbazar-games.com\\\/\"},{\"@type\":\"ListItem\",\"position\":2,\"name\":\"Shinji-B1-1\"}]},{\"@type\":\"WebSite\",\"@id\":\"https:\\\/\\\/granbazar-games.com\\\/en\\\/#website\",\"url\":\"https:\\\/\\\/granbazar-games.com\\\/en\\\/\",\"name\":\"indiewargame\",\"description\":\"Tout sur jeu de figurine Warbound\",\"publisher\":{\"@id\":\"https:\\\/\\\/granbazar-games.com\\\/en\\\/#organization\"},\"potentialAction\":[{\"@type\":\"SearchAction\",\"target\":{\"@type\":\"EntryPoint\",\"urlTemplate\":\"https:\\\/\\\/granbazar-games.com\\\/en\\\/?s={search_term_string}\"},\"query-input\":{\"@type\":\"PropertyValueSpecification\",\"valueRequired\":true,\"valueName\":\"search_term_string\"}}],\"inLanguage\":\"fr-FR\"},{\"@type\":\"Organization\",\"@id\":\"https:\\\/\\\/granbazar-games.com\\\/en\\\/#organization\",\"name\":\"Indie Wargame\",\"url\":\"https:\\\/\\\/granbazar-games.com\\\/en\\\/\",\"logo\":{\"@type\":\"ImageObject\",\"inLanguage\":\"fr-FR\",\"@id\":\"https:\\\/\\\/granbazar-games.com\\\/en\\\/#\\\/schema\\\/logo\\\/image\\\/\",\"url\":\"https:\\\/\\\/granbazar-games.com\\\/wp-content\\\/uploads\\\/2020\\\/05\\\/warbound.png\",\"contentUrl\":\"https:\\\/\\\/granbazar-games.com\\\/wp-content\\\/uploads\\\/2020\\\/05\\\/warbound.png\",\"width\":3987,\"height\":1269,\"caption\":\"Indie Wargame\"},\"image\":{\"@id\":\"https:\\\/\\\/granbazar-games.com\\\/en\\\/#\\\/schema\\\/logo\\\/image\\\/\"},\"sameAs\":[\"https:\\\/\\\/www.youtube.com\\\/channel\\\/UC89OhvX60LiNJU-jCoWs-LQ?view_as=subscriber\"]}]}<\/script>\n<!-- \/ Yoast SEO plugin. -->","yoast_head_json":{"title":"Shinji-B1-1 - Gran Bazar","robots":{"index":"index","follow":"follow","max-snippet":"max-snippet:-1","max-image-preview":"max-image-preview:large","max-video-preview":"max-video-preview:-1"},"canonical":"https:\/\/granbazar-games.com\/fr\/pekfnqbhsg56er\/","og_locale":"fr_FR","og_type":"article","og_title":"Shinji-B1-1 - Gran Bazar","og_description":"I was hoping you\u2019d say that! The slums of Manhagone, the Geth. That\u2019s where Shinji spends most of his time. In the streets of the Geth, the COPPs don\u2019t dare set foot. It\u2019s the Barons\u2019 Law that rules the place! Gangs clash every day, fighting for a bit more turf. Even the Loop doesn\u2019t stop [&hellip;]","og_url":"https:\/\/granbazar-games.com\/fr\/pekfnqbhsg56er\/","og_site_name":"Gran Bazar","article_modified_time":"2025-01-12T21:40:15+00:00","og_image":[{"width":565,"height":584,"url":"https:\/\/granbazar-games.com\/wp-content\/uploads\/2025\/01\/shinji_finger4.png","type":"image\/png"}],"twitter_card":"summary_large_image","twitter_misc":{"Dur\u00e9e de lecture estim\u00e9e":"1 minute"},"schema":{"@context":"https:\/\/schema.org","@graph":[{"@type":"WebPage","@id":"https:\/\/granbazar-games.com\/pekfnqbhsg56er\/","url":"https:\/\/granbazar-games.com\/pekfnqbhsg56er\/","name":"Shinji-B1-1 - Gran Bazar","isPartOf":{"@id":"https:\/\/granbazar-games.com\/en\/#website"},"primaryImageOfPage":{"@id":"https:\/\/granbazar-games.com\/pekfnqbhsg56er\/#primaryimage"},"image":{"@id":"https:\/\/granbazar-games.com\/pekfnqbhsg56er\/#primaryimage"},"thumbnailUrl":"http:\/\/granbazar-games.com\/wp-content\/uploads\/2025\/01\/shinji_finger4.png","datePublished":"2025-01-12T20:37:34+00:00","dateModified":"2025-01-12T21:40:15+00:00","breadcrumb":{"@id":"https:\/\/granbazar-games.com\/pekfnqbhsg56er\/#breadcrumb"},"inLanguage":"fr-FR","potentialAction":[{"@type":"ReadAction","target":["https:\/\/granbazar-games.com\/pekfnqbhsg56er\/"]}]},{"@type":"ImageObject","inLanguage":"fr-FR","@id":"https:\/\/granbazar-games.com\/pekfnqbhsg56er\/#primaryimage","url":"http:\/\/granbazar-games.com\/wp-content\/uploads\/2025\/01\/shinji_finger4.png","contentUrl":"http:\/\/granbazar-games.com\/wp-content\/uploads\/2025\/01\/shinji_finger4.png"},{"@type":"BreadcrumbList","@id":"https:\/\/granbazar-games.com\/pekfnqbhsg56er\/#breadcrumb","itemListElement":[{"@type":"ListItem","position":1,"name":"Home","item":"https:\/\/granbazar-games.com\/"},{"@type":"ListItem","position":2,"name":"Shinji-B1-1"}]},{"@type":"WebSite","@id":"https:\/\/granbazar-games.com\/en\/#website","url":"https:\/\/granbazar-games.com\/en\/","name":"indiewargame","description":"Tout sur jeu de figurine Warbound","publisher":{"@id":"https:\/\/granbazar-games.com\/en\/#organization"},"potentialAction":[{"@type":"SearchAction","target":{"@type":"EntryPoint","urlTemplate":"https:\/\/granbazar-games.com\/en\/?s={search_term_string}"},"query-input":{"@type":"PropertyValueSpecification","valueRequired":true,"valueName":"search_term_string"}}],"inLanguage":"fr-FR"},{"@type":"Organization","@id":"https:\/\/granbazar-games.com\/en\/#organization","name":"Indie Wargame","url":"https:\/\/granbazar-games.com\/en\/","logo":{"@type":"ImageObject","inLanguage":"fr-FR","@id":"https:\/\/granbazar-games.com\/en\/#\/schema\/logo\/image\/","url":"https:\/\/granbazar-games.com\/wp-content\/uploads\/2020\/05\/warbound.png","contentUrl":"https:\/\/granbazar-games.com\/wp-content\/uploads\/2020\/05\/warbound.png","width":3987,"height":1269,"caption":"Indie Wargame"},"image":{"@id":"https:\/\/granbazar-games.com\/en\/#\/schema\/logo\/image\/"},"sameAs":["https:\/\/www.youtube.com\/channel\/UC89OhvX60LiNJU-jCoWs-LQ?view_as=subscriber"]}]}},"jetpack_sharing_enabled":true,"_links":{"self":[{"href":"https:\/\/granbazar-games.com\/fr\/wp-json\/wp\/v2\/pages\/5458","targetHints":{"allow":["GET"]}}],"collection":[{"href":"https:\/\/granbazar-games.com\/fr\/wp-json\/wp\/v2\/pages"}],"about":[{"href":"https:\/\/granbazar-games.com\/fr\/wp-json\/wp\/v2\/types\/page"}],"author":[{"embeddable":true,"href":"https:\/\/granbazar-games.com\/fr\/wp-json\/wp\/v2\/users\/1"}],"replies":[{"embeddable":true,"href":"https:\/\/granbazar-games.com\/fr\/wp-json\/wp\/v2\/comments?post=5458"}],"version-history":[{"count":13,"href":"https:\/\/granbazar-games.com\/fr\/wp-json\/wp\/v2\/pages\/5458\/revisions"}],"predecessor-version":[{"id":5572,"href":"https:\/\/granbazar-games.com\/fr\/wp-json\/wp\/v2\/pages\/5458\/revisions\/5572"}],"wp:attachment":[{"href":"https:\/\/granbazar-games.com\/fr\/wp-json\/wp\/v2\/media?parent=5458"}],"curies":[{"name":"wp","href":"https:\/\/api.w.org\/{rel}","templated":true}]}}