{"id":5470,"date":"2025-01-12T22:52:01","date_gmt":"2025-01-12T20:52:01","guid":{"rendered":"https:\/\/granbazar-games.com\/?page_id=5470"},"modified":"2025-01-12T23:34:25","modified_gmt":"2025-01-12T21:34:25","slug":"lmckzfe5fegr6gr","status":"publish","type":"page","link":"https:\/\/granbazar-games.com\/fr\/lmckzfe5fegr6gr\/","title":{"rendered":"Shinji-B2-1"},"content":{"rendered":"<div data-elementor-type=\"wp-page\" data-elementor-id=\"5470\" class=\"elementor elementor-5470\">\n\t\t\t\t\t\t<section class=\"elementor-section elementor-top-section elementor-element elementor-element-d4a1695 elementor-section-boxed elementor-section-height-default elementor-section-height-default\" data-id=\"d4a1695\" data-element_type=\"section\" data-e-type=\"section\">\n\t\t\t\t\t\t<div class=\"elementor-container elementor-column-gap-default\">\n\t\t\t\t\t<div class=\"elementor-column elementor-col-50 elementor-top-column elementor-element elementor-element-99d62b4\" data-id=\"99d62b4\" data-element_type=\"column\" data-e-type=\"column\">\n\t\t\t<div class=\"elementor-widget-wrap elementor-element-populated\">\n\t\t\t\t\t\t<div class=\"elementor-element elementor-element-26e2a16 elementor-widget elementor-widget-text-editor\" data-id=\"26e2a16\" data-element_type=\"widget\" data-e-type=\"widget\" data-widget_type=\"text-editor.default\">\n\t\t\t\t<div class=\"elementor-widget-container\">\n\t\t\t\t\t\t\t\t\t<p>Ok, Ok, vous m'avez d\u00e9masqu\u00e9 ! <br>Mais on garde \u00e7a entre nous, hein ?<\/p>\n<p style=\"text-align: left;\">Les Arches ne sont pas aussi imperm\u00e9ables qu\u2019on le croit. Un r\u00e9seau de passeurs organise des navettes entre la surface et les cales techniques. Ils se cachent sous le nom de la Barge Ghost.&nbsp;<\/p>\n<p style=\"text-align: left;\">Mais il a fallu la fortune d\u2019un clan entier pour que Shinji se paye une place alors Shut ! <br>Shinji est mort s\u2019il retourne au sol\u2026 c\u2019\u00e9tait pas vraiment un emprunt.<\/p>\t\t\t\t\t\t\t\t<\/div>\n\t\t\t\t<\/div>\n\t\t\t\t\t<\/div>\n\t\t<\/div>\n\t\t\t\t<div class=\"elementor-column elementor-col-50 elementor-top-column elementor-element elementor-element-49e4743\" data-id=\"49e4743\" data-element_type=\"column\" data-e-type=\"column\">\n\t\t\t<div class=\"elementor-widget-wrap elementor-element-populated\">\n\t\t\t\t\t\t<div class=\"elementor-element elementor-element-05a1771 elementor-widget__width-initial elementor-widget elementor-widget-image\" data-id=\"05a1771\" data-element_type=\"widget\" data-e-type=\"widget\" data-widget_type=\"image.default\">\n\t\t\t\t<div class=\"elementor-widget-container\">\n\t\t\t\t\t\t\t\t\t\t\t\t\t\t\t<img fetchpriority=\"high\" decoding=\"async\" width=\"565\" height=\"983\" src=\"https:\/\/granbazar-games.com\/wp-content\/uploads\/2025\/01\/shinji_finger1.png\" class=\"attachment-large size-large wp-image-5472\" alt=\"\" srcset=\"https:\/\/granbazar-games.com\/wp-content\/uploads\/2025\/01\/shinji_finger1.png 565w, https:\/\/granbazar-games.com\/wp-content\/uploads\/2025\/01\/shinji_finger1-172x300.png 172w, https:\/\/granbazar-games.com\/wp-content\/uploads\/2025\/01\/shinji_finger1-7x12.png 7w, https:\/\/granbazar-games.com\/wp-content\/uploads\/2025\/01\/shinji_finger1-300x522.png 300w\" sizes=\"(max-width: 565px) 100vw, 565px\" \/>\t\t\t\t\t\t\t\t\t\t\t\t\t\t\t<\/div>\n\t\t\t\t<\/div>\n\t\t\t\t\t<\/div>\n\t\t<\/div>\n\t\t\t\t\t<\/div>\n\t\t<\/section>\n\t\t\t\t<section class=\"elementor-section elementor-top-section elementor-element elementor-element-930e7ad elementor-section-boxed elementor-section-height-default elementor-section-height-default\" data-id=\"930e7ad\" data-element_type=\"section\" data-e-type=\"section\">\n\t\t\t\t\t\t<div class=\"elementor-container elementor-column-gap-default\">\n\t\t\t\t\t<div class=\"elementor-column elementor-col-100 elementor-top-column elementor-element elementor-element-8168ee6\" data-id=\"8168ee6\" data-element_type=\"column\" data-e-type=\"column\">\n\t\t\t<div class=\"elementor-widget-wrap elementor-element-populated\">\n\t\t\t\t\t\t<div class=\"elementor-element elementor-element-1fdae0b elementor-hidden-tablet elementor-hidden-mobile elementor-widget-divider--view-line elementor-widget elementor-widget-divider\" data-id=\"1fdae0b\" data-element_type=\"widget\" data-e-type=\"widget\" data-widget_type=\"divider.default\">\n\t\t\t\t<div class=\"elementor-widget-container\">\n\t\t\t\t\t\t\t<div class=\"elementor-divider\">\n\t\t\t<span class=\"elementor-divider-separator\">\n\t\t\t\t\t\t<\/span>\n\t\t<\/div>\n\t\t\t\t\t\t<\/div>\n\t\t\t\t<\/div>\n\t\t\t\t\t<\/div>\n\t\t<\/div>\n\t\t\t\t\t<\/div>\n\t\t<\/section>\n\t\t\t\t<section class=\"elementor-section elementor-top-section elementor-element elementor-element-c7d3274 elementor-section-boxed elementor-section-height-default elementor-section-height-default\" data-id=\"c7d3274\" data-element_type=\"section\" data-e-type=\"section\">\n\t\t\t\t\t\t<div class=\"elementor-container elementor-column-gap-default\">\n\t\t\t\t\t<div class=\"elementor-column elementor-col-33 elementor-top-column elementor-element elementor-element-647755c\" data-id=\"647755c\" data-element_type=\"column\" data-e-type=\"column\">\n\t\t\t<div class=\"elementor-widget-wrap elementor-element-populated\">\n\t\t\t\t\t\t<div class=\"elementor-element elementor-element-6eb92aa elementor-align-center elementor-widget elementor-widget-button\" data-id=\"6eb92aa\" data-element_type=\"widget\" data-e-type=\"widget\" data-widget_type=\"button.default\">\n\t\t\t\t<div class=\"elementor-widget-container\">\n\t\t\t\t\t\t\t\t\t<div class=\"elementor-button-wrapper\">\n\t\t\t\t\t<a class=\"elementor-button elementor-button-link elementor-size-xl elementor-animation-float\" href=\"https:\/\/granbazar-games.com\/fr\/end\/\">\n\t\t\t\t\t\t<span class=\"elementor-button-content-wrapper\">\n\t\t\t\t\t\t\t\t\t<span class=\"elementor-button-text\">Qui dirige la Barge Ghost ?<\/span>\n\t\t\t\t\t<\/span>\n\t\t\t\t\t<\/a>\n\t\t\t\t<\/div>\n\t\t\t\t\t\t\t\t<\/div>\n\t\t\t\t<\/div>\n\t\t\t\t\t<\/div>\n\t\t<\/div>\n\t\t\t\t<div class=\"elementor-column elementor-col-33 elementor-top-column elementor-element elementor-element-537e40d\" data-id=\"537e40d\" data-element_type=\"column\" data-e-type=\"column\">\n\t\t\t<div class=\"elementor-widget-wrap\">\n\t\t\t\t\t\t\t<\/div>\n\t\t<\/div>\n\t\t\t\t<div class=\"elementor-column elementor-col-33 elementor-top-column elementor-element elementor-element-a95f409\" data-id=\"a95f409\" data-element_type=\"column\" data-e-type=\"column\">\n\t\t\t<div class=\"elementor-widget-wrap\">\n\t\t\t\t\t\t\t<\/div>\n\t\t<\/div>\n\t\t\t\t\t<\/div>\n\t\t<\/section>\n\t\t\t\t<\/div>","protected":false},"excerpt":{"rendered":"<p>Alright, alright\u2026 you got me ! But we keep this between us, yeah? The Arks aren\u2019t as sealed off as people think. There\u2019s a whole smuggling network running shuttles between the surface and the tech holds. They go by the name of the Ghost Barge.&nbsp; But it took an entire clan\u2019s fortune for Shinji to [&hellip;]<\/p>\n","protected":false},"author":1,"featured_media":0,"parent":0,"menu_order":0,"comment_status":"closed","ping_status":"closed","template":"","meta":{"footnotes":""},"class_list":["post-5470","page","type-page","status-publish","hentry"],"blocksy_meta":[],"yoast_head":"<!-- This site is optimized with the Yoast SEO plugin v27.4 - https:\/\/yoast.com\/product\/yoast-seo-wordpress\/ -->\n<title>Shinji-B2-1 - Gran Bazar<\/title>\n<meta name=\"robots\" content=\"index, follow, max-snippet:-1, max-image-preview:large, max-video-preview:-1\" \/>\n<link rel=\"canonical\" href=\"https:\/\/granbazar-games.com\/fr\/lmckzfe5fegr6gr\/\" \/>\n<meta property=\"og:locale\" content=\"fr_FR\" \/>\n<meta property=\"og:type\" content=\"article\" \/>\n<meta property=\"og:title\" content=\"Shinji-B2-1 - Gran Bazar\" \/>\n<meta property=\"og:description\" content=\"Alright, alright\u2026 you got me ! But we keep this between us, yeah? The Arks aren\u2019t as sealed off as people think. There\u2019s a whole smuggling network running shuttles between the surface and the tech holds. They go by the name of the Ghost Barge.&nbsp; But it took an entire clan\u2019s fortune for Shinji to [&hellip;]\" \/>\n<meta property=\"og:url\" content=\"https:\/\/granbazar-games.com\/fr\/lmckzfe5fegr6gr\/\" \/>\n<meta property=\"og:site_name\" content=\"Gran Bazar\" \/>\n<meta property=\"article:modified_time\" content=\"2025-01-12T21:34:25+00:00\" \/>\n<meta property=\"og:image\" content=\"https:\/\/granbazar-games.com\/wp-content\/uploads\/2025\/01\/shinji_finger1.png\" \/>\n\t<meta property=\"og:image:width\" content=\"565\" \/>\n\t<meta property=\"og:image:height\" content=\"983\" \/>\n\t<meta property=\"og:image:type\" content=\"image\/png\" \/>\n<meta name=\"twitter:card\" content=\"summary_large_image\" \/>\n<meta name=\"twitter:label1\" content=\"Dur\u00e9e de lecture estim\u00e9e\" \/>\n\t<meta name=\"twitter:data1\" content=\"1 minute\" \/>\n<script type=\"application\/ld+json\" class=\"yoast-schema-graph\">{\"@context\":\"https:\\\/\\\/schema.org\",\"@graph\":[{\"@type\":\"WebPage\",\"@id\":\"https:\\\/\\\/granbazar-games.com\\\/lmckzfe5fegr6gr\\\/\",\"url\":\"https:\\\/\\\/granbazar-games.com\\\/lmckzfe5fegr6gr\\\/\",\"name\":\"Shinji-B2-1 - Gran Bazar\",\"isPartOf\":{\"@id\":\"https:\\\/\\\/granbazar-games.com\\\/en\\\/#website\"},\"primaryImageOfPage\":{\"@id\":\"https:\\\/\\\/granbazar-games.com\\\/lmckzfe5fegr6gr\\\/#primaryimage\"},\"image\":{\"@id\":\"https:\\\/\\\/granbazar-games.com\\\/lmckzfe5fegr6gr\\\/#primaryimage\"},\"thumbnailUrl\":\"http:\\\/\\\/granbazar-games.com\\\/wp-content\\\/uploads\\\/2025\\\/01\\\/shinji_finger1.png\",\"datePublished\":\"2025-01-12T20:52:01+00:00\",\"dateModified\":\"2025-01-12T21:34:25+00:00\",\"breadcrumb\":{\"@id\":\"https:\\\/\\\/granbazar-games.com\\\/lmckzfe5fegr6gr\\\/#breadcrumb\"},\"inLanguage\":\"fr-FR\",\"potentialAction\":[{\"@type\":\"ReadAction\",\"target\":[\"https:\\\/\\\/granbazar-games.com\\\/lmckzfe5fegr6gr\\\/\"]}]},{\"@type\":\"ImageObject\",\"inLanguage\":\"fr-FR\",\"@id\":\"https:\\\/\\\/granbazar-games.com\\\/lmckzfe5fegr6gr\\\/#primaryimage\",\"url\":\"http:\\\/\\\/granbazar-games.com\\\/wp-content\\\/uploads\\\/2025\\\/01\\\/shinji_finger1.png\",\"contentUrl\":\"http:\\\/\\\/granbazar-games.com\\\/wp-content\\\/uploads\\\/2025\\\/01\\\/shinji_finger1.png\"},{\"@type\":\"BreadcrumbList\",\"@id\":\"https:\\\/\\\/granbazar-games.com\\\/lmckzfe5fegr6gr\\\/#breadcrumb\",\"itemListElement\":[{\"@type\":\"ListItem\",\"position\":1,\"name\":\"Home\",\"item\":\"https:\\\/\\\/granbazar-games.com\\\/\"},{\"@type\":\"ListItem\",\"position\":2,\"name\":\"Shinji-B2-1\"}]},{\"@type\":\"WebSite\",\"@id\":\"https:\\\/\\\/granbazar-games.com\\\/en\\\/#website\",\"url\":\"https:\\\/\\\/granbazar-games.com\\\/en\\\/\",\"name\":\"indiewargame\",\"description\":\"Tout sur jeu de figurine Warbound\",\"publisher\":{\"@id\":\"https:\\\/\\\/granbazar-games.com\\\/en\\\/#organization\"},\"potentialAction\":[{\"@type\":\"SearchAction\",\"target\":{\"@type\":\"EntryPoint\",\"urlTemplate\":\"https:\\\/\\\/granbazar-games.com\\\/en\\\/?s={search_term_string}\"},\"query-input\":{\"@type\":\"PropertyValueSpecification\",\"valueRequired\":true,\"valueName\":\"search_term_string\"}}],\"inLanguage\":\"fr-FR\"},{\"@type\":\"Organization\",\"@id\":\"https:\\\/\\\/granbazar-games.com\\\/en\\\/#organization\",\"name\":\"Indie Wargame\",\"url\":\"https:\\\/\\\/granbazar-games.com\\\/en\\\/\",\"logo\":{\"@type\":\"ImageObject\",\"inLanguage\":\"fr-FR\",\"@id\":\"https:\\\/\\\/granbazar-games.com\\\/en\\\/#\\\/schema\\\/logo\\\/image\\\/\",\"url\":\"https:\\\/\\\/granbazar-games.com\\\/wp-content\\\/uploads\\\/2020\\\/05\\\/warbound.png\",\"contentUrl\":\"https:\\\/\\\/granbazar-games.com\\\/wp-content\\\/uploads\\\/2020\\\/05\\\/warbound.png\",\"width\":3987,\"height\":1269,\"caption\":\"Indie Wargame\"},\"image\":{\"@id\":\"https:\\\/\\\/granbazar-games.com\\\/en\\\/#\\\/schema\\\/logo\\\/image\\\/\"},\"sameAs\":[\"https:\\\/\\\/www.youtube.com\\\/channel\\\/UC89OhvX60LiNJU-jCoWs-LQ?view_as=subscriber\"]}]}<\/script>\n<!-- \/ Yoast SEO plugin. -->","yoast_head_json":{"title":"Shinji-B2-1 - Gran Bazar","robots":{"index":"index","follow":"follow","max-snippet":"max-snippet:-1","max-image-preview":"max-image-preview:large","max-video-preview":"max-video-preview:-1"},"canonical":"https:\/\/granbazar-games.com\/fr\/lmckzfe5fegr6gr\/","og_locale":"fr_FR","og_type":"article","og_title":"Shinji-B2-1 - Gran Bazar","og_description":"Alright, alright\u2026 you got me ! But we keep this between us, yeah? The Arks aren\u2019t as sealed off as people think. There\u2019s a whole smuggling network running shuttles between the surface and the tech holds. They go by the name of the Ghost Barge.&nbsp; But it took an entire clan\u2019s fortune for Shinji to [&hellip;]","og_url":"https:\/\/granbazar-games.com\/fr\/lmckzfe5fegr6gr\/","og_site_name":"Gran Bazar","article_modified_time":"2025-01-12T21:34:25+00:00","og_image":[{"width":565,"height":983,"url":"https:\/\/granbazar-games.com\/wp-content\/uploads\/2025\/01\/shinji_finger1.png","type":"image\/png"}],"twitter_card":"summary_large_image","twitter_misc":{"Dur\u00e9e de lecture estim\u00e9e":"1 minute"},"schema":{"@context":"https:\/\/schema.org","@graph":[{"@type":"WebPage","@id":"https:\/\/granbazar-games.com\/lmckzfe5fegr6gr\/","url":"https:\/\/granbazar-games.com\/lmckzfe5fegr6gr\/","name":"Shinji-B2-1 - Gran Bazar","isPartOf":{"@id":"https:\/\/granbazar-games.com\/en\/#website"},"primaryImageOfPage":{"@id":"https:\/\/granbazar-games.com\/lmckzfe5fegr6gr\/#primaryimage"},"image":{"@id":"https:\/\/granbazar-games.com\/lmckzfe5fegr6gr\/#primaryimage"},"thumbnailUrl":"http:\/\/granbazar-games.com\/wp-content\/uploads\/2025\/01\/shinji_finger1.png","datePublished":"2025-01-12T20:52:01+00:00","dateModified":"2025-01-12T21:34:25+00:00","breadcrumb":{"@id":"https:\/\/granbazar-games.com\/lmckzfe5fegr6gr\/#breadcrumb"},"inLanguage":"fr-FR","potentialAction":[{"@type":"ReadAction","target":["https:\/\/granbazar-games.com\/lmckzfe5fegr6gr\/"]}]},{"@type":"ImageObject","inLanguage":"fr-FR","@id":"https:\/\/granbazar-games.com\/lmckzfe5fegr6gr\/#primaryimage","url":"http:\/\/granbazar-games.com\/wp-content\/uploads\/2025\/01\/shinji_finger1.png","contentUrl":"http:\/\/granbazar-games.com\/wp-content\/uploads\/2025\/01\/shinji_finger1.png"},{"@type":"BreadcrumbList","@id":"https:\/\/granbazar-games.com\/lmckzfe5fegr6gr\/#breadcrumb","itemListElement":[{"@type":"ListItem","position":1,"name":"Home","item":"https:\/\/granbazar-games.com\/"},{"@type":"ListItem","position":2,"name":"Shinji-B2-1"}]},{"@type":"WebSite","@id":"https:\/\/granbazar-games.com\/en\/#website","url":"https:\/\/granbazar-games.com\/en\/","name":"indiewargame","description":"Tout sur jeu de figurine Warbound","publisher":{"@id":"https:\/\/granbazar-games.com\/en\/#organization"},"potentialAction":[{"@type":"SearchAction","target":{"@type":"EntryPoint","urlTemplate":"https:\/\/granbazar-games.com\/en\/?s={search_term_string}"},"query-input":{"@type":"PropertyValueSpecification","valueRequired":true,"valueName":"search_term_string"}}],"inLanguage":"fr-FR"},{"@type":"Organization","@id":"https:\/\/granbazar-games.com\/en\/#organization","name":"Indie Wargame","url":"https:\/\/granbazar-games.com\/en\/","logo":{"@type":"ImageObject","inLanguage":"fr-FR","@id":"https:\/\/granbazar-games.com\/en\/#\/schema\/logo\/image\/","url":"https:\/\/granbazar-games.com\/wp-content\/uploads\/2020\/05\/warbound.png","contentUrl":"https:\/\/granbazar-games.com\/wp-content\/uploads\/2020\/05\/warbound.png","width":3987,"height":1269,"caption":"Indie Wargame"},"image":{"@id":"https:\/\/granbazar-games.com\/en\/#\/schema\/logo\/image\/"},"sameAs":["https:\/\/www.youtube.com\/channel\/UC89OhvX60LiNJU-jCoWs-LQ?view_as=subscriber"]}]}},"jetpack_sharing_enabled":true,"_links":{"self":[{"href":"https:\/\/granbazar-games.com\/fr\/wp-json\/wp\/v2\/pages\/5470","targetHints":{"allow":["GET"]}}],"collection":[{"href":"https:\/\/granbazar-games.com\/fr\/wp-json\/wp\/v2\/pages"}],"about":[{"href":"https:\/\/granbazar-games.com\/fr\/wp-json\/wp\/v2\/types\/page"}],"author":[{"embeddable":true,"href":"https:\/\/granbazar-games.com\/fr\/wp-json\/wp\/v2\/users\/1"}],"replies":[{"embeddable":true,"href":"https:\/\/granbazar-games.com\/fr\/wp-json\/wp\/v2\/comments?post=5470"}],"version-history":[{"count":25,"href":"https:\/\/granbazar-games.com\/fr\/wp-json\/wp\/v2\/pages\/5470\/revisions"}],"predecessor-version":[{"id":5559,"href":"https:\/\/granbazar-games.com\/fr\/wp-json\/wp\/v2\/pages\/5470\/revisions\/5559"}],"wp:attachment":[{"href":"https:\/\/granbazar-games.com\/fr\/wp-json\/wp\/v2\/media?parent=5470"}],"curies":[{"name":"wp","href":"https:\/\/api.w.org\/{rel}","templated":true}]}}