{"id":5580,"date":"2025-01-23T22:03:46","date_gmt":"2025-01-23T20:03:46","guid":{"rendered":"https:\/\/granbazar-games.com\/?page_id=5580"},"modified":"2025-02-23T17:19:02","modified_gmt":"2025-02-23T15:19:02","slug":"the-artists","status":"publish","type":"page","link":"https:\/\/granbazar-games.com\/fr\/the-artists\/","title":{"rendered":"Nos Artistes"},"content":{"rendered":"<div data-elementor-type=\"wp-page\" data-elementor-id=\"5580\" class=\"elementor elementor-5580\">\n\t\t\t\t\t\t<section class=\"elementor-section elementor-top-section elementor-element elementor-element-9b68060 elementor-section-boxed elementor-section-height-default elementor-section-height-default\" data-id=\"9b68060\" data-element_type=\"section\" data-e-type=\"section\">\n\t\t\t\t\t\t<div class=\"elementor-container elementor-column-gap-default\">\n\t\t\t\t\t<div class=\"elementor-column elementor-col-100 elementor-top-column elementor-element elementor-element-3a81369\" data-id=\"3a81369\" data-element_type=\"column\" data-e-type=\"column\">\n\t\t\t<div class=\"elementor-widget-wrap elementor-element-populated\">\n\t\t\t\t\t\t<div class=\"elementor-element elementor-element-f1051b4 elementor-widget elementor-widget-heading\" data-id=\"f1051b4\" data-element_type=\"widget\" data-e-type=\"widget\" data-widget_type=\"heading.default\">\n\t\t\t\t<div class=\"elementor-widget-container\">\n\t\t\t\t\t<h4 class=\"elementor-heading-title elementor-size-default\">Les artistes du Gran Bazar<\/h4>\t\t\t\t<\/div>\n\t\t\t\t<\/div>\n\t\t\t\t<div class=\"elementor-element elementor-element-3b1d2e1 elementor-widget elementor-widget-heading\" data-id=\"3b1d2e1\" data-element_type=\"widget\" data-e-type=\"widget\" data-widget_type=\"heading.default\">\n\t\t\t\t<div class=\"elementor-widget-container\">\n\t\t\t\t\t<h1 class=\"elementor-heading-title elementor-size-default\">Promouvoir  la Passion<\/h1>\t\t\t\t<\/div>\n\t\t\t\t<\/div>\n\t\t\t\t\t<\/div>\n\t\t<\/div>\n\t\t\t\t\t<\/div>\n\t\t<\/section>\n\t\t\t\t<section class=\"elementor-section elementor-top-section elementor-element elementor-element-5eb1a00 elementor-hidden-tablet elementor-section-boxed elementor-section-height-default elementor-section-height-default\" data-id=\"5eb1a00\" data-element_type=\"section\" data-e-type=\"section\">\n\t\t\t\t\t\t<div class=\"elementor-container elementor-column-gap-default\">\n\t\t\t\t\t<div class=\"elementor-column elementor-col-33 elementor-top-column elementor-element elementor-element-78bff06\" data-id=\"78bff06\" data-element_type=\"column\" data-e-type=\"column\">\n\t\t\t<div class=\"elementor-widget-wrap elementor-element-populated\">\n\t\t\t\t\t\t<div class=\"elementor-element elementor-element-1337267 elementor-widget__width-initial elementor-widget-mobile__width-initial elementor-widget elementor-widget-text-editor\" data-id=\"1337267\" data-element_type=\"widget\" data-e-type=\"widget\" data-widget_type=\"text-editor.default\">\n\t\t\t\t<div class=\"elementor-widget-container\">\n\t\t\t\t\t\t\t\t\t<p>La fondation du Gran Bazar s\u2019est articul\u00e9e autour d\u2019un r\u00eave qui, au fil de l\u2019exp\u00e9rience, est devenu de plus en plus une \u00e9vidence.<\/p><p>L\u2019envie de cr\u00e9er et produire mon premier jeu de figurines : Warbound, m\u2019a mis en relation avec une s\u00e9rie d\u2019artistes, plus talentueux les uns que les autres. Chaque nouvelle figurine \u00e9tait l\u2019occasion d\u2019\u00e9changer nos id\u00e9es cr\u00e9atrices autour d\u2019un projet commun. Exp\u00e9rimenter, confronter et aboutir. Nos r\u00e9alisations se sont affut\u00e9es au fur et \u00e0 mesure que nous apprenions \u00e0 tirer le meilleur du talent des artisans de Warbound.<\/p><p>Aujourd\u2019hui, il m\u2019appara\u00eet clair que les produits qui r\u00e9sultent de ces \u00e9changes ne sont que l\u2019heureuse cons\u00e9quence de la v\u00e9ritable passion qui se cache derri\u00e8re nos projets : le processus m\u00eame de cr\u00e9ation.<\/p><p>Afin que jamais cette flamme cr\u00e9atrice ne s\u2019\u00e9teigne, j\u2019ai d\u00e9cid\u00e9 d\u2019embrasser pleinement ma nouvelle mission : promouvoir le talent des artistes qui, depuis des mois et des ann\u00e9es, pr\u00eatent leur temps et leur \u00e9nergie \u00e0 mes projets. Le Gran Bazar, c\u2019est un lieu o\u00f9 la Passion fait loi et o\u00f9 mettre les artistes en avant est une priorit\u00e9.<\/p>\t\t\t\t\t\t\t\t<\/div>\n\t\t\t\t<\/div>\n\t\t\t\t\t<\/div>\n\t\t<\/div>\n\t\t\t\t<div class=\"elementor-column elementor-col-33 elementor-top-column elementor-element elementor-element-409434c\" data-id=\"409434c\" data-element_type=\"column\" data-e-type=\"column\">\n\t\t\t<div class=\"elementor-widget-wrap elementor-element-populated\">\n\t\t\t\t\t\t<div class=\"elementor-element elementor-element-ca1df84 elementor-widget elementor-widget-image\" data-id=\"ca1df84\" data-element_type=\"widget\" data-e-type=\"widget\" data-widget_type=\"image.default\">\n\t\t\t\t<div class=\"elementor-widget-container\">\n\t\t\t\t\t\t\t\t\t\t\t\t\t\t\t<img fetchpriority=\"high\" decoding=\"async\" width=\"648\" height=\"1024\" src=\"https:\/\/granbazar-games.com\/wp-content\/uploads\/2025\/01\/TR-648x1024.jpg\" class=\"attachment-large size-large wp-image-5585\" alt=\"\" srcset=\"https:\/\/granbazar-games.com\/wp-content\/uploads\/2025\/01\/TR-648x1024.jpg 648w, https:\/\/granbazar-games.com\/wp-content\/uploads\/2025\/01\/TR-190x300.jpg 190w, https:\/\/granbazar-games.com\/wp-content\/uploads\/2025\/01\/TR-8x12.jpg 8w, https:\/\/granbazar-games.com\/wp-content\/uploads\/2025\/01\/TR-300x474.jpg 300w, https:\/\/granbazar-games.com\/wp-content\/uploads\/2025\/01\/TR-600x949.jpg 600w, https:\/\/granbazar-games.com\/wp-content\/uploads\/2025\/01\/TR.jpg 759w\" sizes=\"(max-width: 648px) 100vw, 648px\" \/>\t\t\t\t\t\t\t\t\t\t\t\t\t\t\t<\/div>\n\t\t\t\t<\/div>\n\t\t\t\t\t<\/div>\n\t\t<\/div>\n\t\t\t\t<div class=\"elementor-column elementor-col-33 elementor-top-column elementor-element elementor-element-92fbd3b\" data-id=\"92fbd3b\" data-element_type=\"column\" data-e-type=\"column\">\n\t\t\t<div class=\"elementor-widget-wrap elementor-element-populated\">\n\t\t\t\t\t\t<div class=\"elementor-element elementor-element-d994536 elementor-hidden-mobile elementor-widget elementor-widget-image\" data-id=\"d994536\" data-element_type=\"widget\" data-e-type=\"widget\" data-widget_type=\"image.default\">\n\t\t\t\t<div class=\"elementor-widget-container\">\n\t\t\t\t\t\t\t\t\t\t\t\t\t\t\t<img decoding=\"async\" width=\"648\" height=\"1024\" src=\"https:\/\/granbazar-games.com\/wp-content\/uploads\/2025\/01\/Sans-titre-1-648x1024.jpg\" class=\"attachment-large size-large wp-image-5584\" alt=\"\" srcset=\"https:\/\/granbazar-games.com\/wp-content\/uploads\/2025\/01\/Sans-titre-1-648x1024.jpg 648w, https:\/\/granbazar-games.com\/wp-content\/uploads\/2025\/01\/Sans-titre-1-190x300.jpg 190w, https:\/\/granbazar-games.com\/wp-content\/uploads\/2025\/01\/Sans-titre-1-8x12.jpg 8w, https:\/\/granbazar-games.com\/wp-content\/uploads\/2025\/01\/Sans-titre-1-300x474.jpg 300w, https:\/\/granbazar-games.com\/wp-content\/uploads\/2025\/01\/Sans-titre-1-600x949.jpg 600w, https:\/\/granbazar-games.com\/wp-content\/uploads\/2025\/01\/Sans-titre-1.jpg 759w\" sizes=\"(max-width: 648px) 100vw, 648px\" \/>\t\t\t\t\t\t\t\t\t\t\t\t\t\t\t<\/div>\n\t\t\t\t<\/div>\n\t\t\t\t\t<\/div>\n\t\t<\/div>\n\t\t\t\t\t<\/div>\n\t\t<\/section>\n\t\t\t\t<section class=\"elementor-section elementor-top-section elementor-element elementor-element-14abfbc elementor-hidden-desktop elementor-hidden-mobile elementor-section-boxed elementor-section-height-default elementor-section-height-default\" data-id=\"14abfbc\" data-element_type=\"section\" data-e-type=\"section\">\n\t\t\t\t\t\t<div class=\"elementor-container elementor-column-gap-default\">\n\t\t\t\t\t<div class=\"elementor-column elementor-col-100 elementor-top-column elementor-element elementor-element-c38675d\" data-id=\"c38675d\" data-element_type=\"column\" data-e-type=\"column\">\n\t\t\t<div class=\"elementor-widget-wrap elementor-element-populated\">\n\t\t\t\t\t\t<div class=\"elementor-element elementor-element-c5aa82f elementor-widget elementor-widget-text-editor\" data-id=\"c5aa82f\" data-element_type=\"widget\" data-e-type=\"widget\" data-widget_type=\"text-editor.default\">\n\t\t\t\t<div class=\"elementor-widget-container\">\n\t\t\t\t\t\t\t\t\t<p>La fondation du Gran Bazar s\u2019est articul\u00e9e autour d\u2019un r\u00eave qui, au fil de l\u2019exp\u00e9rience, est devenu de plus en plus une \u00e9vidence.<\/p><p>L\u2019envie de cr\u00e9er et produire mon premier jeu de figurines : Warbound, m\u2019a mis en relation avec une s\u00e9rie d\u2019artistes, plus talentueux les uns que les autres. Chaque nouvelle figurine \u00e9tait l\u2019occasion d\u2019\u00e9changer nos id\u00e9es cr\u00e9atrices autour d\u2019un projet commun. Exp\u00e9rimenter, confronter et aboutir. Nos r\u00e9alisations se sont affut\u00e9es au fur et \u00e0 mesure que nous apprenions \u00e0 tirer le meilleur du talent des artisans de Warbound.<\/p><p>Aujourd\u2019hui, il m\u2019appara\u00eet clair que les produits qui r\u00e9sultent de ces \u00e9changes ne sont que l\u2019heureuse cons\u00e9quence de la v\u00e9ritable passion qui se cache derri\u00e8re nos projets : le processus m\u00eame de cr\u00e9ation.<\/p><p>Afin que jamais cette flamme cr\u00e9atrice ne s\u2019\u00e9teigne, j\u2019ai d\u00e9cid\u00e9 d\u2019embrasser pleinement ma nouvelle mission : promouvoir le talent des artistes qui, depuis des mois et des ann\u00e9es, pr\u00eatent leur temps et leur \u00e9nergie \u00e0 mes projets. Le Gran Bazar, c\u2019est un lieu o\u00f9 la Passion fait loi et o\u00f9 mettre les artistes en avant est une priorit\u00e9.<\/p>\t\t\t\t\t\t\t\t<\/div>\n\t\t\t\t<\/div>\n\t\t\t\t\t<\/div>\n\t\t<\/div>\n\t\t\t\t\t<\/div>\n\t\t<\/section>\n\t\t\t\t<section class=\"elementor-section elementor-top-section elementor-element elementor-element-80e5a4f elementor-section-boxed elementor-section-height-default elementor-section-height-default\" data-id=\"80e5a4f\" data-element_type=\"section\" data-e-type=\"section\">\n\t\t\t\t\t\t<div class=\"elementor-container elementor-column-gap-default\">\n\t\t\t\t\t<div class=\"elementor-column elementor-col-100 elementor-top-column elementor-element elementor-element-f266b9b\" data-id=\"f266b9b\" data-element_type=\"column\" data-e-type=\"column\">\n\t\t\t<div class=\"elementor-widget-wrap elementor-element-populated\">\n\t\t\t\t\t\t<div class=\"elementor-element elementor-element-ecfdbc3 elementor-widget elementor-widget-spacer\" data-id=\"ecfdbc3\" data-element_type=\"widget\" data-e-type=\"widget\" data-widget_type=\"spacer.default\">\n\t\t\t\t<div class=\"elementor-widget-container\">\n\t\t\t\t\t\t\t<div class=\"elementor-spacer\">\n\t\t\t<div class=\"elementor-spacer-inner\"><\/div>\n\t\t<\/div>\n\t\t\t\t\t\t<\/div>\n\t\t\t\t<\/div>\n\t\t\t\t<div class=\"elementor-element elementor-element-4bcb2e5 elementor-widget elementor-widget-heading\" data-id=\"4bcb2e5\" data-element_type=\"widget\" data-e-type=\"widget\" data-widget_type=\"heading.default\">\n\t\t\t\t<div class=\"elementor-widget-container\">\n\t\t\t\t\t<h2 class=\"elementor-heading-title elementor-size-default\">L'\u00e9quipe Warbound<\/h2>\t\t\t\t<\/div>\n\t\t\t\t<\/div>\n\t\t\t\t\t<\/div>\n\t\t<\/div>\n\t\t\t\t\t<\/div>\n\t\t<\/section>\n\t\t\t\t<section class=\"elementor-section elementor-top-section elementor-element elementor-element-5c5ebe3 elementor-hidden-tablet elementor-section-boxed elementor-section-height-default elementor-section-height-default\" data-id=\"5c5ebe3\" data-element_type=\"section\" data-e-type=\"section\">\n\t\t\t\t\t\t<div class=\"elementor-container elementor-column-gap-default\">\n\t\t\t\t\t<div class=\"elementor-column elementor-col-100 elementor-top-column elementor-element elementor-element-0bbfc03\" data-id=\"0bbfc03\" data-element_type=\"column\" data-e-type=\"column\">\n\t\t\t<div class=\"elementor-widget-wrap elementor-element-populated\">\n\t\t\t\t\t\t<section class=\"elementor-section elementor-inner-section elementor-element elementor-element-87ed15f elementor-section-boxed elementor-section-height-default elementor-section-height-default\" data-id=\"87ed15f\" data-element_type=\"section\" data-e-type=\"section\">\n\t\t\t\t\t\t<div class=\"elementor-container elementor-column-gap-default\">\n\t\t\t\t\t<div class=\"elementor-column elementor-col-50 elementor-inner-column elementor-element elementor-element-2b08d23\" data-id=\"2b08d23\" data-element_type=\"column\" data-e-type=\"column\">\n\t\t\t<div class=\"elementor-widget-wrap elementor-element-populated\">\n\t\t\t\t\t\t<div class=\"elementor-element elementor-element-2e49879 elementor-widget-tablet__width-initial elementor-widget elementor-widget-heading\" data-id=\"2e49879\" data-element_type=\"widget\" data-e-type=\"widget\" data-widget_type=\"heading.default\">\n\t\t\t\t<div class=\"elementor-widget-container\">\n\t\t\t\t\t<h4 class=\"elementor-heading-title elementor-size-default\"><a href=\"https:\/\/granbazar-games.com\/fr\/remi-leflere\/\">\u2022 R\u00e9mi Leflere<\/a><\/h4>\t\t\t\t<\/div>\n\t\t\t\t<\/div>\n\t\t\t\t\t<\/div>\n\t\t<\/div>\n\t\t\t\t<div class=\"elementor-column elementor-col-50 elementor-inner-column elementor-element elementor-element-04784bd\" data-id=\"04784bd\" data-element_type=\"column\" data-e-type=\"column\">\n\t\t\t<div class=\"elementor-widget-wrap elementor-element-populated\">\n\t\t\t\t\t\t<div class=\"elementor-element elementor-element-3ff9441 elementor-shape-circle e-grid-align-left elementor-hidden-tablet elementor-hidden-mobile elementor-grid-0 elementor-widget elementor-widget-social-icons\" data-id=\"3ff9441\" data-element_type=\"widget\" data-e-type=\"widget\" data-widget_type=\"social-icons.default\">\n\t\t\t\t<div class=\"elementor-widget-container\">\n\t\t\t\t\t\t\t<div class=\"elementor-social-icons-wrapper elementor-grid\">\n\t\t\t\t\t\t\t<span class=\"elementor-grid-item\">\n\t\t\t\t\t<a class=\"elementor-icon elementor-social-icon elementor-social-icon-instagram elementor-repeater-item-de46c5c\" href=\"https:\/\/www.instagram.com\/orkimeds\/\" target=\"_blank\">\n\t\t\t\t\t\t<span class=\"elementor-screen-only\">Instagram<\/span>\n\t\t\t\t\t\t<i aria-hidden=\"true\" class=\"fab fa-instagram\"><\/i>\t\t\t\t\t<\/a>\n\t\t\t\t<\/span>\n\t\t\t\t\t<\/div>\n\t\t\t\t\t\t<\/div>\n\t\t\t\t<\/div>\n\t\t\t\t\t<\/div>\n\t\t<\/div>\n\t\t\t\t\t<\/div>\n\t\t<\/section>\n\t\t\t\t\t<\/div>\n\t\t<\/div>\n\t\t\t\t\t<\/div>\n\t\t<\/section>\n\t\t\t\t<\/div>","protected":false},"excerpt":{"rendered":"<p>The Gran Bazar atrists Promoting Passion The Gran Bazar was founded on a dream that, over time and through experience, became undeniably clear. The ambition to create and produce my first miniatures game: Warbound, introduced me to a series of exceptionally talented artists. Each new miniature became an opportunity to share creative ideas and collaborate [&hellip;]<\/p>\n","protected":false},"author":1,"featured_media":0,"parent":0,"menu_order":0,"comment_status":"closed","ping_status":"closed","template":"","meta":{"footnotes":""},"class_list":["post-5580","page","type-page","status-publish","hentry"],"blocksy_meta":[],"yoast_head":"<!-- This site is optimized with the Yoast SEO plugin v27.3 - https:\/\/yoast.com\/product\/yoast-seo-wordpress\/ -->\n<title>The Artists - Gran Bazar<\/title>\n<meta name=\"robots\" content=\"index, follow, max-snippet:-1, max-image-preview:large, max-video-preview:-1\" \/>\n<link rel=\"canonical\" href=\"https:\/\/granbazar-games.com\/fr\/the-artists\/\" \/>\n<meta property=\"og:locale\" content=\"fr_FR\" \/>\n<meta property=\"og:type\" content=\"article\" \/>\n<meta property=\"og:title\" content=\"The Artists - Gran Bazar\" \/>\n<meta property=\"og:description\" content=\"The Gran Bazar atrists Promoting Passion The Gran Bazar was founded on a dream that, over time and through experience, became undeniably clear. The ambition to create and produce my first miniatures game: Warbound, introduced me to a series of exceptionally talented artists. Each new miniature became an opportunity to share creative ideas and collaborate [&hellip;]\" \/>\n<meta property=\"og:url\" content=\"https:\/\/granbazar-games.com\/fr\/the-artists\/\" \/>\n<meta property=\"og:site_name\" content=\"Gran Bazar\" \/>\n<meta property=\"article:modified_time\" content=\"2025-02-23T15:19:02+00:00\" \/>\n<meta property=\"og:image\" content=\"https:\/\/granbazar-games.com\/wp-content\/uploads\/2025\/01\/TR.jpg\" \/>\n\t<meta property=\"og:image:width\" content=\"759\" \/>\n\t<meta property=\"og:image:height\" content=\"1200\" \/>\n\t<meta property=\"og:image:type\" content=\"image\/jpeg\" \/>\n<meta name=\"twitter:card\" content=\"summary_large_image\" \/>\n<meta name=\"twitter:label1\" content=\"Dur\u00e9e de lecture estim\u00e9e\" \/>\n\t<meta name=\"twitter:data1\" content=\"3 minutes\" \/>\n<script type=\"application\/ld+json\" class=\"yoast-schema-graph\">{\"@context\":\"https:\\\/\\\/schema.org\",\"@graph\":[{\"@type\":\"WebPage\",\"@id\":\"https:\\\/\\\/granbazar-games.com\\\/the-artists\\\/\",\"url\":\"https:\\\/\\\/granbazar-games.com\\\/the-artists\\\/\",\"name\":\"The Artists - Gran Bazar\",\"isPartOf\":{\"@id\":\"https:\\\/\\\/granbazar-games.com\\\/en\\\/#website\"},\"primaryImageOfPage\":{\"@id\":\"https:\\\/\\\/granbazar-games.com\\\/the-artists\\\/#primaryimage\"},\"image\":{\"@id\":\"https:\\\/\\\/granbazar-games.com\\\/the-artists\\\/#primaryimage\"},\"thumbnailUrl\":\"http:\\\/\\\/granbazar-games.com\\\/wp-content\\\/uploads\\\/2025\\\/01\\\/TR-648x1024.jpg\",\"datePublished\":\"2025-01-23T20:03:46+00:00\",\"dateModified\":\"2025-02-23T15:19:02+00:00\",\"breadcrumb\":{\"@id\":\"https:\\\/\\\/granbazar-games.com\\\/the-artists\\\/#breadcrumb\"},\"inLanguage\":\"fr-FR\",\"potentialAction\":[{\"@type\":\"ReadAction\",\"target\":[\"https:\\\/\\\/granbazar-games.com\\\/the-artists\\\/\"]}]},{\"@type\":\"ImageObject\",\"inLanguage\":\"fr-FR\",\"@id\":\"https:\\\/\\\/granbazar-games.com\\\/the-artists\\\/#primaryimage\",\"url\":\"http:\\\/\\\/granbazar-games.com\\\/wp-content\\\/uploads\\\/2025\\\/01\\\/TR-648x1024.jpg\",\"contentUrl\":\"http:\\\/\\\/granbazar-games.com\\\/wp-content\\\/uploads\\\/2025\\\/01\\\/TR-648x1024.jpg\"},{\"@type\":\"BreadcrumbList\",\"@id\":\"https:\\\/\\\/granbazar-games.com\\\/the-artists\\\/#breadcrumb\",\"itemListElement\":[{\"@type\":\"ListItem\",\"position\":1,\"name\":\"Home\",\"item\":\"https:\\\/\\\/granbazar-games.com\\\/\"},{\"@type\":\"ListItem\",\"position\":2,\"name\":\"The Artists\"}]},{\"@type\":\"WebSite\",\"@id\":\"https:\\\/\\\/granbazar-games.com\\\/en\\\/#website\",\"url\":\"https:\\\/\\\/granbazar-games.com\\\/en\\\/\",\"name\":\"indiewargame\",\"description\":\"Tout sur jeu de figurine Warbound\",\"publisher\":{\"@id\":\"https:\\\/\\\/granbazar-games.com\\\/en\\\/#organization\"},\"potentialAction\":[{\"@type\":\"SearchAction\",\"target\":{\"@type\":\"EntryPoint\",\"urlTemplate\":\"https:\\\/\\\/granbazar-games.com\\\/en\\\/?s={search_term_string}\"},\"query-input\":{\"@type\":\"PropertyValueSpecification\",\"valueRequired\":true,\"valueName\":\"search_term_string\"}}],\"inLanguage\":\"fr-FR\"},{\"@type\":\"Organization\",\"@id\":\"https:\\\/\\\/granbazar-games.com\\\/en\\\/#organization\",\"name\":\"Indie Wargame\",\"url\":\"https:\\\/\\\/granbazar-games.com\\\/en\\\/\",\"logo\":{\"@type\":\"ImageObject\",\"inLanguage\":\"fr-FR\",\"@id\":\"https:\\\/\\\/granbazar-games.com\\\/en\\\/#\\\/schema\\\/logo\\\/image\\\/\",\"url\":\"https:\\\/\\\/granbazar-games.com\\\/wp-content\\\/uploads\\\/2020\\\/05\\\/warbound.png\",\"contentUrl\":\"https:\\\/\\\/granbazar-games.com\\\/wp-content\\\/uploads\\\/2020\\\/05\\\/warbound.png\",\"width\":3987,\"height\":1269,\"caption\":\"Indie Wargame\"},\"image\":{\"@id\":\"https:\\\/\\\/granbazar-games.com\\\/en\\\/#\\\/schema\\\/logo\\\/image\\\/\"},\"sameAs\":[\"https:\\\/\\\/www.youtube.com\\\/channel\\\/UC89OhvX60LiNJU-jCoWs-LQ?view_as=subscriber\"]}]}<\/script>\n<!-- \/ Yoast SEO plugin. -->","yoast_head_json":{"title":"The Artists - Gran Bazar","robots":{"index":"index","follow":"follow","max-snippet":"max-snippet:-1","max-image-preview":"max-image-preview:large","max-video-preview":"max-video-preview:-1"},"canonical":"https:\/\/granbazar-games.com\/fr\/the-artists\/","og_locale":"fr_FR","og_type":"article","og_title":"The Artists - Gran Bazar","og_description":"The Gran Bazar atrists Promoting Passion The Gran Bazar was founded on a dream that, over time and through experience, became undeniably clear. The ambition to create and produce my first miniatures game: Warbound, introduced me to a series of exceptionally talented artists. Each new miniature became an opportunity to share creative ideas and collaborate [&hellip;]","og_url":"https:\/\/granbazar-games.com\/fr\/the-artists\/","og_site_name":"Gran Bazar","article_modified_time":"2025-02-23T15:19:02+00:00","og_image":[{"width":759,"height":1200,"url":"https:\/\/granbazar-games.com\/wp-content\/uploads\/2025\/01\/TR.jpg","type":"image\/jpeg"}],"twitter_card":"summary_large_image","twitter_misc":{"Dur\u00e9e de lecture estim\u00e9e":"3 minutes"},"schema":{"@context":"https:\/\/schema.org","@graph":[{"@type":"WebPage","@id":"https:\/\/granbazar-games.com\/the-artists\/","url":"https:\/\/granbazar-games.com\/the-artists\/","name":"The Artists - Gran Bazar","isPartOf":{"@id":"https:\/\/granbazar-games.com\/en\/#website"},"primaryImageOfPage":{"@id":"https:\/\/granbazar-games.com\/the-artists\/#primaryimage"},"image":{"@id":"https:\/\/granbazar-games.com\/the-artists\/#primaryimage"},"thumbnailUrl":"http:\/\/granbazar-games.com\/wp-content\/uploads\/2025\/01\/TR-648x1024.jpg","datePublished":"2025-01-23T20:03:46+00:00","dateModified":"2025-02-23T15:19:02+00:00","breadcrumb":{"@id":"https:\/\/granbazar-games.com\/the-artists\/#breadcrumb"},"inLanguage":"fr-FR","potentialAction":[{"@type":"ReadAction","target":["https:\/\/granbazar-games.com\/the-artists\/"]}]},{"@type":"ImageObject","inLanguage":"fr-FR","@id":"https:\/\/granbazar-games.com\/the-artists\/#primaryimage","url":"http:\/\/granbazar-games.com\/wp-content\/uploads\/2025\/01\/TR-648x1024.jpg","contentUrl":"http:\/\/granbazar-games.com\/wp-content\/uploads\/2025\/01\/TR-648x1024.jpg"},{"@type":"BreadcrumbList","@id":"https:\/\/granbazar-games.com\/the-artists\/#breadcrumb","itemListElement":[{"@type":"ListItem","position":1,"name":"Home","item":"https:\/\/granbazar-games.com\/"},{"@type":"ListItem","position":2,"name":"The Artists"}]},{"@type":"WebSite","@id":"https:\/\/granbazar-games.com\/en\/#website","url":"https:\/\/granbazar-games.com\/en\/","name":"indiewargame","description":"Tout sur jeu de figurine Warbound","publisher":{"@id":"https:\/\/granbazar-games.com\/en\/#organization"},"potentialAction":[{"@type":"SearchAction","target":{"@type":"EntryPoint","urlTemplate":"https:\/\/granbazar-games.com\/en\/?s={search_term_string}"},"query-input":{"@type":"PropertyValueSpecification","valueRequired":true,"valueName":"search_term_string"}}],"inLanguage":"fr-FR"},{"@type":"Organization","@id":"https:\/\/granbazar-games.com\/en\/#organization","name":"Indie Wargame","url":"https:\/\/granbazar-games.com\/en\/","logo":{"@type":"ImageObject","inLanguage":"fr-FR","@id":"https:\/\/granbazar-games.com\/en\/#\/schema\/logo\/image\/","url":"https:\/\/granbazar-games.com\/wp-content\/uploads\/2020\/05\/warbound.png","contentUrl":"https:\/\/granbazar-games.com\/wp-content\/uploads\/2020\/05\/warbound.png","width":3987,"height":1269,"caption":"Indie Wargame"},"image":{"@id":"https:\/\/granbazar-games.com\/en\/#\/schema\/logo\/image\/"},"sameAs":["https:\/\/www.youtube.com\/channel\/UC89OhvX60LiNJU-jCoWs-LQ?view_as=subscriber"]}]}},"jetpack_sharing_enabled":true,"_links":{"self":[{"href":"https:\/\/granbazar-games.com\/fr\/wp-json\/wp\/v2\/pages\/5580","targetHints":{"allow":["GET"]}}],"collection":[{"href":"https:\/\/granbazar-games.com\/fr\/wp-json\/wp\/v2\/pages"}],"about":[{"href":"https:\/\/granbazar-games.com\/fr\/wp-json\/wp\/v2\/types\/page"}],"author":[{"embeddable":true,"href":"https:\/\/granbazar-games.com\/fr\/wp-json\/wp\/v2\/users\/1"}],"replies":[{"embeddable":true,"href":"https:\/\/granbazar-games.com\/fr\/wp-json\/wp\/v2\/comments?post=5580"}],"version-history":[{"count":71,"href":"https:\/\/granbazar-games.com\/fr\/wp-json\/wp\/v2\/pages\/5580\/revisions"}],"predecessor-version":[{"id":6081,"href":"https:\/\/granbazar-games.com\/fr\/wp-json\/wp\/v2\/pages\/5580\/revisions\/6081"}],"wp:attachment":[{"href":"https:\/\/granbazar-games.com\/fr\/wp-json\/wp\/v2\/media?parent=5580"}],"curies":[{"name":"wp","href":"https:\/\/api.w.org\/{rel}","templated":true}]}}