{"id":6008,"date":"2025-02-22T23:38:13","date_gmt":"2025-02-22T21:38:13","guid":{"rendered":"https:\/\/granbazar-games.com\/?page_id=6008"},"modified":"2025-02-23T17:13:36","modified_gmt":"2025-02-23T15:13:36","slug":"remi-leflere","status":"publish","type":"page","link":"https:\/\/granbazar-games.com\/fr\/remi-leflere\/","title":{"rendered":"R\u00e9mi Leflere"},"content":{"rendered":"<div data-elementor-type=\"wp-page\" data-elementor-id=\"6008\" class=\"elementor elementor-6008\">\n\t\t\t\t\t\t<section class=\"elementor-section elementor-top-section elementor-element elementor-element-985a7cf elementor-section-boxed elementor-section-height-default elementor-section-height-default\" data-id=\"985a7cf\" data-element_type=\"section\" data-e-type=\"section\">\n\t\t\t\t\t\t<div class=\"elementor-container elementor-column-gap-default\">\n\t\t\t\t\t<div class=\"elementor-column elementor-col-100 elementor-top-column elementor-element elementor-element-a57a544\" data-id=\"a57a544\" data-element_type=\"column\" data-e-type=\"column\">\n\t\t\t<div class=\"elementor-widget-wrap elementor-element-populated\">\n\t\t\t\t\t\t<div class=\"elementor-element elementor-element-dc14b8c elementor-widget elementor-widget-image\" data-id=\"dc14b8c\" data-element_type=\"widget\" data-e-type=\"widget\" data-widget_type=\"image.default\">\n\t\t\t\t<div class=\"elementor-widget-container\">\n\t\t\t\t\t\t\t\t\t\t\t\t\t\t\t<img fetchpriority=\"high\" decoding=\"async\" width=\"1000\" height=\"560\" src=\"https:\/\/granbazar-games.com\/wp-content\/uploads\/2025\/02\/the_lab_public.jpg\" class=\"attachment-full size-full wp-image-6011\" alt=\"\" srcset=\"https:\/\/granbazar-games.com\/wp-content\/uploads\/2025\/02\/the_lab_public.jpg 1000w, https:\/\/granbazar-games.com\/wp-content\/uploads\/2025\/02\/the_lab_public-300x168.jpg 300w, https:\/\/granbazar-games.com\/wp-content\/uploads\/2025\/02\/the_lab_public-768x430.jpg 768w, https:\/\/granbazar-games.com\/wp-content\/uploads\/2025\/02\/the_lab_public-18x10.jpg 18w, https:\/\/granbazar-games.com\/wp-content\/uploads\/2025\/02\/the_lab_public-600x336.jpg 600w\" sizes=\"(max-width: 1000px) 100vw, 1000px\" \/>\t\t\t\t\t\t\t\t\t\t\t\t\t\t\t<\/div>\n\t\t\t\t<\/div>\n\t\t\t\t<div class=\"elementor-element elementor-element-7816c31 elementor-widget elementor-widget-spacer\" data-id=\"7816c31\" data-element_type=\"widget\" data-e-type=\"widget\" data-widget_type=\"spacer.default\">\n\t\t\t\t<div class=\"elementor-widget-container\">\n\t\t\t\t\t\t\t<div class=\"elementor-spacer\">\n\t\t\t<div class=\"elementor-spacer-inner\"><\/div>\n\t\t<\/div>\n\t\t\t\t\t\t<\/div>\n\t\t\t\t<\/div>\n\t\t\t\t\t<\/div>\n\t\t<\/div>\n\t\t\t\t\t<\/div>\n\t\t<\/section>\n\t\t\t\t<section class=\"elementor-section elementor-top-section elementor-element elementor-element-32b2f6e elementor-section-boxed elementor-section-height-default elementor-section-height-default\" data-id=\"32b2f6e\" data-element_type=\"section\" data-e-type=\"section\">\n\t\t\t\t\t\t<div class=\"elementor-container elementor-column-gap-default\">\n\t\t\t\t\t<div class=\"elementor-column elementor-col-50 elementor-top-column elementor-element elementor-element-547bc13\" data-id=\"547bc13\" data-element_type=\"column\" data-e-type=\"column\">\n\t\t\t<div class=\"elementor-widget-wrap elementor-element-populated\">\n\t\t\t\t\t\t<div class=\"elementor-element elementor-element-a280663 elementor-widget elementor-widget-heading\" data-id=\"a280663\" data-element_type=\"widget\" data-e-type=\"widget\" data-widget_type=\"heading.default\">\n\t\t\t\t<div class=\"elementor-widget-container\">\n\t\t\t\t\t<h2 class=\"elementor-heading-title elementor-size-default\">R\u00e9mi Leflere<\/h2>\t\t\t\t<\/div>\n\t\t\t\t<\/div>\n\t\t\t\t<div class=\"elementor-element elementor-element-c8a88e6 elementor-widget elementor-widget-spacer\" data-id=\"c8a88e6\" data-element_type=\"widget\" data-e-type=\"widget\" data-widget_type=\"spacer.default\">\n\t\t\t\t<div class=\"elementor-widget-container\">\n\t\t\t\t\t\t\t<div class=\"elementor-spacer\">\n\t\t\t<div class=\"elementor-spacer-inner\"><\/div>\n\t\t<\/div>\n\t\t\t\t\t\t<\/div>\n\t\t\t\t<\/div>\n\t\t\t\t<div class=\"elementor-element elementor-element-a631325 elementor-widget elementor-widget-text-editor\" data-id=\"a631325\" data-element_type=\"widget\" data-e-type=\"widget\" data-widget_type=\"text-editor.default\">\n\t\t\t\t<div class=\"elementor-widget-container\">\n\t\t\t\t\t\t\t\t\t<p>R\u00e9mi a toujours \u00e9t\u00e9 tr\u00e8s influenc\u00e9 par la Science-Fiction. Attir\u00e9 par les univers \"sombres qui tachent\", pour reprendre ses propres mots, il tombe rapidement dans le monde de la figurine et des jeux vid\u00e9o, qui lui permettent d'explorer des mondes aux esth\u00e9tiques tranch\u00e9es.<\/p>\n<p>C'est par l'interm\u00e9diaire d'un ami commun que je d\u00e9couvre son travail et tombe imm\u00e9diatement sous le charme. Des sc\u00e8nes de r\u00e9volte et des ambiances citadines charg\u00e9es de d\u00e9tails me plongent directement dans mon imaginaire, je parcours d\u00e9j\u00e0 les rues du Geth \u00e0 la vue des  \u0153uvres de R\u00e9mi, avant m\u00eame qu'il ne rejoigne l'\u00e9quipe.<\/p>\n<p>Apr\u00e8s un test plus que concluant, o\u00f9 l'artiste d\u00e9peint des citoyens des quartiers pauvres, observant les parties plus riches de la ville, si proche et pourtant hors d'atteinte, R\u00e9mi vient compl\u00e9ter notre joyeuse bande, pour imaginer de nouveaux personnages qui rejoindront bient\u00f4t la gamme de figurines de Warbound.<\/p>\n<p>R\u00e9mi est un artiste acharn\u00e9. Malgr\u00e9 les constants rappels de ne pas en faire plus que de raison, il va bien souvent pousser un concept dans ses retranchements. passant de l'illustration \u00e0 la 3D au cours des recherches graphiques, il peut passer des nuits \u00e0 se battre contre un concept qui lui r\u00e9siste, avant de m'envoyer, \u00e0 4h du matin, le r\u00e9sultat triomphant de cette lutte artistique.<\/p>\n<p>L'une des grandes forces de notre illustrateur est d'arriver \u00e0 puiser dans les \u00e9l\u00e9ments existants d'une faction, pour conserver une coh\u00e9rence \u00e9vidente, tout en amenant un concept fort pour s'assurer que le personnage ne passera pas inaper\u00e7u.  On notera particuli\u00e8rement son travail sur l'Amalgame pour lequel il a d\u00e9pass\u00e9 toutes mes attentes, ainsi que celui sur l'\u00c9minence, qui a donn\u00e9 \u00e0 l'Institut ses airs de haute couture d\u00e9cadente<\/p>\t\t\t\t\t\t\t\t<\/div>\n\t\t\t\t<\/div>\n\t\t\t\t\t<\/div>\n\t\t<\/div>\n\t\t\t\t<div class=\"elementor-column elementor-col-50 elementor-top-column elementor-element elementor-element-0c22372\" data-id=\"0c22372\" data-element_type=\"column\" data-e-type=\"column\">\n\t\t\t<div class=\"elementor-widget-wrap elementor-element-populated\">\n\t\t\t\t\t\t<div class=\"elementor-element elementor-element-3f3f229 elementor-widget elementor-widget-image\" data-id=\"3f3f229\" data-element_type=\"widget\" data-e-type=\"widget\" data-widget_type=\"image.default\">\n\t\t\t\t<div class=\"elementor-widget-container\">\n\t\t\t\t\t\t\t\t\t\t\t\t\t\t\t<img decoding=\"async\" width=\"707\" height=\"1000\" src=\"https:\/\/granbazar-games.com\/wp-content\/uploads\/2025\/02\/elle_dort_encore_PUBLIC.jpg\" class=\"attachment-large size-large wp-image-6012\" alt=\"\" srcset=\"https:\/\/granbazar-games.com\/wp-content\/uploads\/2025\/02\/elle_dort_encore_PUBLIC.jpg 707w, https:\/\/granbazar-games.com\/wp-content\/uploads\/2025\/02\/elle_dort_encore_PUBLIC-212x300.jpg 212w, https:\/\/granbazar-games.com\/wp-content\/uploads\/2025\/02\/elle_dort_encore_PUBLIC-8x12.jpg 8w, https:\/\/granbazar-games.com\/wp-content\/uploads\/2025\/02\/elle_dort_encore_PUBLIC-300x424.jpg 300w, https:\/\/granbazar-games.com\/wp-content\/uploads\/2025\/02\/elle_dort_encore_PUBLIC-600x849.jpg 600w\" sizes=\"(max-width: 707px) 100vw, 707px\" \/>\t\t\t\t\t\t\t\t\t\t\t\t\t\t\t<\/div>\n\t\t\t\t<\/div>\n\t\t\t\t\t<\/div>\n\t\t<\/div>\n\t\t\t\t\t<\/div>\n\t\t<\/section>\n\t\t\t\t<section class=\"elementor-section elementor-top-section elementor-element elementor-element-da66af9 elementor-section-boxed elementor-section-height-default elementor-section-height-default\" data-id=\"da66af9\" data-element_type=\"section\" data-e-type=\"section\">\n\t\t\t\t\t\t<div class=\"elementor-container elementor-column-gap-default\">\n\t\t\t\t\t<div class=\"elementor-column elementor-col-100 elementor-top-column elementor-element elementor-element-e617c4e\" data-id=\"e617c4e\" data-element_type=\"column\" data-e-type=\"column\">\n\t\t\t<div class=\"elementor-widget-wrap elementor-element-populated\">\n\t\t\t\t\t\t<div class=\"elementor-element elementor-element-d185252 elementor-widget elementor-widget-spacer\" data-id=\"d185252\" data-element_type=\"widget\" data-e-type=\"widget\" data-widget_type=\"spacer.default\">\n\t\t\t\t<div class=\"elementor-widget-container\">\n\t\t\t\t\t\t\t<div class=\"elementor-spacer\">\n\t\t\t<div class=\"elementor-spacer-inner\"><\/div>\n\t\t<\/div>\n\t\t\t\t\t\t<\/div>\n\t\t\t\t<\/div>\n\t\t\t\t<div class=\"elementor-element elementor-element-3d76036 elementor-widget elementor-widget-image\" data-id=\"3d76036\" data-element_type=\"widget\" data-e-type=\"widget\" data-widget_type=\"image.default\">\n\t\t\t\t<div class=\"elementor-widget-container\">\n\t\t\t\t\t\t\t\t\t\t\t\t\t\t\t<img decoding=\"async\" width=\"745\" height=\"1024\" src=\"https:\/\/granbazar-games.com\/wp-content\/uploads\/2025\/02\/From_the_Geth_PUBLIC-745x1024.jpg\" class=\"attachment-large size-large wp-image-6024\" alt=\"\" srcset=\"https:\/\/granbazar-games.com\/wp-content\/uploads\/2025\/02\/From_the_Geth_PUBLIC-745x1024.jpg 745w, https:\/\/granbazar-games.com\/wp-content\/uploads\/2025\/02\/From_the_Geth_PUBLIC-218x300.jpg 218w, https:\/\/granbazar-games.com\/wp-content\/uploads\/2025\/02\/From_the_Geth_PUBLIC-768x1055.jpg 768w, https:\/\/granbazar-games.com\/wp-content\/uploads\/2025\/02\/From_the_Geth_PUBLIC-9x12.jpg 9w, https:\/\/granbazar-games.com\/wp-content\/uploads\/2025\/02\/From_the_Geth_PUBLIC-300x412.jpg 300w, https:\/\/granbazar-games.com\/wp-content\/uploads\/2025\/02\/From_the_Geth_PUBLIC-600x824.jpg 600w, https:\/\/granbazar-games.com\/wp-content\/uploads\/2025\/02\/From_the_Geth_PUBLIC.jpg 1000w\" sizes=\"(max-width: 745px) 100vw, 745px\" \/>\t\t\t\t\t\t\t\t\t\t\t\t\t\t\t<\/div>\n\t\t\t\t<\/div>\n\t\t\t\t\t<\/div>\n\t\t<\/div>\n\t\t\t\t\t<\/div>\n\t\t<\/section>\n\t\t\t\t<section class=\"elementor-section elementor-top-section elementor-element elementor-element-9c7a5c2 elementor-section-boxed elementor-section-height-default elementor-section-height-default\" data-id=\"9c7a5c2\" data-element_type=\"section\" data-e-type=\"section\">\n\t\t\t\t\t\t<div class=\"elementor-container elementor-column-gap-default\">\n\t\t\t\t\t<div class=\"elementor-column elementor-col-100 elementor-top-column elementor-element elementor-element-9a835f4\" data-id=\"9a835f4\" data-element_type=\"column\" data-e-type=\"column\">\n\t\t\t<div class=\"elementor-widget-wrap elementor-element-populated\">\n\t\t\t\t\t\t<div class=\"elementor-element elementor-element-c06b630 elementor-widget elementor-widget-spacer\" data-id=\"c06b630\" data-element_type=\"widget\" data-e-type=\"widget\" data-widget_type=\"spacer.default\">\n\t\t\t\t<div class=\"elementor-widget-container\">\n\t\t\t\t\t\t\t<div class=\"elementor-spacer\">\n\t\t\t<div class=\"elementor-spacer-inner\"><\/div>\n\t\t<\/div>\n\t\t\t\t\t\t<\/div>\n\t\t\t\t<\/div>\n\t\t\t\t<div class=\"elementor-element elementor-element-e5a0cb0 elementor-widget elementor-widget-image\" data-id=\"e5a0cb0\" data-element_type=\"widget\" data-e-type=\"widget\" data-widget_type=\"image.default\">\n\t\t\t\t<div class=\"elementor-widget-container\">\n\t\t\t\t\t\t\t\t\t\t\t\t\t\t\t<img loading=\"lazy\" decoding=\"async\" width=\"1000\" height=\"563\" src=\"https:\/\/granbazar-games.com\/wp-content\/uploads\/2025\/02\/Rooftop_Public.jpg\" class=\"attachment-large size-large wp-image-6019\" alt=\"\" srcset=\"https:\/\/granbazar-games.com\/wp-content\/uploads\/2025\/02\/Rooftop_Public.jpg 1000w, https:\/\/granbazar-games.com\/wp-content\/uploads\/2025\/02\/Rooftop_Public-300x169.jpg 300w, https:\/\/granbazar-games.com\/wp-content\/uploads\/2025\/02\/Rooftop_Public-768x432.jpg 768w, https:\/\/granbazar-games.com\/wp-content\/uploads\/2025\/02\/Rooftop_Public-18x10.jpg 18w, https:\/\/granbazar-games.com\/wp-content\/uploads\/2025\/02\/Rooftop_Public-600x338.jpg 600w\" sizes=\"(max-width: 1000px) 100vw, 1000px\" \/>\t\t\t\t\t\t\t\t\t\t\t\t\t\t\t<\/div>\n\t\t\t\t<\/div>\n\t\t\t\t\t<\/div>\n\t\t<\/div>\n\t\t\t\t\t<\/div>\n\t\t<\/section>\n\t\t\t\t<\/div>","protected":false},"excerpt":{"rendered":"<p>R\u00e9mi Leflere R\u00e9mi has always been deeply influenced by science fiction universes. Drawn to what he calls &#8220;dark and gritty worlds,&#8221; he quickly immersed himself in the realm of miniatures and video games, which allowed him to explore worlds with striking aesthetics. I first discovered his work through a mutual friend and was immediately captivated. [&hellip;]<\/p>\n","protected":false},"author":1,"featured_media":0,"parent":0,"menu_order":0,"comment_status":"closed","ping_status":"closed","template":"","meta":{"footnotes":""},"class_list":["post-6008","page","type-page","status-publish","hentry"],"blocksy_meta":[],"yoast_head":"<!-- This site is optimized with the Yoast SEO plugin v27.4 - https:\/\/yoast.com\/product\/yoast-seo-wordpress\/ -->\n<title>R\u00e9mi Leflere - Gran Bazar<\/title>\n<meta name=\"robots\" content=\"index, follow, max-snippet:-1, max-image-preview:large, max-video-preview:-1\" \/>\n<link rel=\"canonical\" href=\"https:\/\/granbazar-games.com\/fr\/remi-leflere\/\" \/>\n<meta property=\"og:locale\" content=\"fr_FR\" \/>\n<meta property=\"og:type\" content=\"article\" \/>\n<meta property=\"og:title\" content=\"R\u00e9mi Leflere - Gran Bazar\" \/>\n<meta property=\"og:description\" content=\"R\u00e9mi Leflere R\u00e9mi has always been deeply influenced by science fiction universes. Drawn to what he calls &#8220;dark and gritty worlds,&#8221; he quickly immersed himself in the realm of miniatures and video games, which allowed him to explore worlds with striking aesthetics. I first discovered his work through a mutual friend and was immediately captivated. [&hellip;]\" \/>\n<meta property=\"og:url\" content=\"https:\/\/granbazar-games.com\/fr\/remi-leflere\/\" \/>\n<meta property=\"og:site_name\" content=\"Gran Bazar\" \/>\n<meta property=\"article:modified_time\" content=\"2025-02-23T15:13:36+00:00\" \/>\n<meta property=\"og:image\" content=\"https:\/\/granbazar-games.com\/wp-content\/uploads\/2025\/02\/the_lab_public.jpg\" \/>\n\t<meta property=\"og:image:width\" content=\"1000\" \/>\n\t<meta property=\"og:image:height\" content=\"560\" \/>\n\t<meta property=\"og:image:type\" content=\"image\/jpeg\" \/>\n<meta name=\"twitter:card\" content=\"summary_large_image\" \/>\n<meta name=\"twitter:label1\" content=\"Dur\u00e9e de lecture estim\u00e9e\" \/>\n\t<meta name=\"twitter:data1\" content=\"3 minutes\" \/>\n<script type=\"application\/ld+json\" class=\"yoast-schema-graph\">{\"@context\":\"https:\\\/\\\/schema.org\",\"@graph\":[{\"@type\":\"WebPage\",\"@id\":\"https:\\\/\\\/granbazar-games.com\\\/remi-leflere\\\/\",\"url\":\"https:\\\/\\\/granbazar-games.com\\\/remi-leflere\\\/\",\"name\":\"R\u00e9mi Leflere - Gran Bazar\",\"isPartOf\":{\"@id\":\"https:\\\/\\\/granbazar-games.com\\\/en\\\/#website\"},\"primaryImageOfPage\":{\"@id\":\"https:\\\/\\\/granbazar-games.com\\\/remi-leflere\\\/#primaryimage\"},\"image\":{\"@id\":\"https:\\\/\\\/granbazar-games.com\\\/remi-leflere\\\/#primaryimage\"},\"thumbnailUrl\":\"http:\\\/\\\/granbazar-games.com\\\/wp-content\\\/uploads\\\/2025\\\/02\\\/the_lab_public.jpg\",\"datePublished\":\"2025-02-22T21:38:13+00:00\",\"dateModified\":\"2025-02-23T15:13:36+00:00\",\"breadcrumb\":{\"@id\":\"https:\\\/\\\/granbazar-games.com\\\/remi-leflere\\\/#breadcrumb\"},\"inLanguage\":\"fr-FR\",\"potentialAction\":[{\"@type\":\"ReadAction\",\"target\":[\"https:\\\/\\\/granbazar-games.com\\\/remi-leflere\\\/\"]}]},{\"@type\":\"ImageObject\",\"inLanguage\":\"fr-FR\",\"@id\":\"https:\\\/\\\/granbazar-games.com\\\/remi-leflere\\\/#primaryimage\",\"url\":\"http:\\\/\\\/granbazar-games.com\\\/wp-content\\\/uploads\\\/2025\\\/02\\\/the_lab_public.jpg\",\"contentUrl\":\"http:\\\/\\\/granbazar-games.com\\\/wp-content\\\/uploads\\\/2025\\\/02\\\/the_lab_public.jpg\"},{\"@type\":\"BreadcrumbList\",\"@id\":\"https:\\\/\\\/granbazar-games.com\\\/remi-leflere\\\/#breadcrumb\",\"itemListElement\":[{\"@type\":\"ListItem\",\"position\":1,\"name\":\"Home\",\"item\":\"https:\\\/\\\/granbazar-games.com\\\/\"},{\"@type\":\"ListItem\",\"position\":2,\"name\":\"R\u00e9mi Leflere\"}]},{\"@type\":\"WebSite\",\"@id\":\"https:\\\/\\\/granbazar-games.com\\\/en\\\/#website\",\"url\":\"https:\\\/\\\/granbazar-games.com\\\/en\\\/\",\"name\":\"indiewargame\",\"description\":\"Tout sur jeu de figurine Warbound\",\"publisher\":{\"@id\":\"https:\\\/\\\/granbazar-games.com\\\/en\\\/#organization\"},\"potentialAction\":[{\"@type\":\"SearchAction\",\"target\":{\"@type\":\"EntryPoint\",\"urlTemplate\":\"https:\\\/\\\/granbazar-games.com\\\/en\\\/?s={search_term_string}\"},\"query-input\":{\"@type\":\"PropertyValueSpecification\",\"valueRequired\":true,\"valueName\":\"search_term_string\"}}],\"inLanguage\":\"fr-FR\"},{\"@type\":\"Organization\",\"@id\":\"https:\\\/\\\/granbazar-games.com\\\/en\\\/#organization\",\"name\":\"Indie Wargame\",\"url\":\"https:\\\/\\\/granbazar-games.com\\\/en\\\/\",\"logo\":{\"@type\":\"ImageObject\",\"inLanguage\":\"fr-FR\",\"@id\":\"https:\\\/\\\/granbazar-games.com\\\/en\\\/#\\\/schema\\\/logo\\\/image\\\/\",\"url\":\"https:\\\/\\\/granbazar-games.com\\\/wp-content\\\/uploads\\\/2020\\\/05\\\/warbound.png\",\"contentUrl\":\"https:\\\/\\\/granbazar-games.com\\\/wp-content\\\/uploads\\\/2020\\\/05\\\/warbound.png\",\"width\":3987,\"height\":1269,\"caption\":\"Indie Wargame\"},\"image\":{\"@id\":\"https:\\\/\\\/granbazar-games.com\\\/en\\\/#\\\/schema\\\/logo\\\/image\\\/\"},\"sameAs\":[\"https:\\\/\\\/www.youtube.com\\\/channel\\\/UC89OhvX60LiNJU-jCoWs-LQ?view_as=subscriber\"]}]}<\/script>\n<!-- \/ Yoast SEO plugin. -->","yoast_head_json":{"title":"R\u00e9mi Leflere - Gran Bazar","robots":{"index":"index","follow":"follow","max-snippet":"max-snippet:-1","max-image-preview":"max-image-preview:large","max-video-preview":"max-video-preview:-1"},"canonical":"https:\/\/granbazar-games.com\/fr\/remi-leflere\/","og_locale":"fr_FR","og_type":"article","og_title":"R\u00e9mi Leflere - Gran Bazar","og_description":"R\u00e9mi Leflere R\u00e9mi has always been deeply influenced by science fiction universes. Drawn to what he calls &#8220;dark and gritty worlds,&#8221; he quickly immersed himself in the realm of miniatures and video games, which allowed him to explore worlds with striking aesthetics. I first discovered his work through a mutual friend and was immediately captivated. [&hellip;]","og_url":"https:\/\/granbazar-games.com\/fr\/remi-leflere\/","og_site_name":"Gran Bazar","article_modified_time":"2025-02-23T15:13:36+00:00","og_image":[{"width":1000,"height":560,"url":"https:\/\/granbazar-games.com\/wp-content\/uploads\/2025\/02\/the_lab_public.jpg","type":"image\/jpeg"}],"twitter_card":"summary_large_image","twitter_misc":{"Dur\u00e9e de lecture estim\u00e9e":"3 minutes"},"schema":{"@context":"https:\/\/schema.org","@graph":[{"@type":"WebPage","@id":"https:\/\/granbazar-games.com\/remi-leflere\/","url":"https:\/\/granbazar-games.com\/remi-leflere\/","name":"R\u00e9mi Leflere - Gran Bazar","isPartOf":{"@id":"https:\/\/granbazar-games.com\/en\/#website"},"primaryImageOfPage":{"@id":"https:\/\/granbazar-games.com\/remi-leflere\/#primaryimage"},"image":{"@id":"https:\/\/granbazar-games.com\/remi-leflere\/#primaryimage"},"thumbnailUrl":"http:\/\/granbazar-games.com\/wp-content\/uploads\/2025\/02\/the_lab_public.jpg","datePublished":"2025-02-22T21:38:13+00:00","dateModified":"2025-02-23T15:13:36+00:00","breadcrumb":{"@id":"https:\/\/granbazar-games.com\/remi-leflere\/#breadcrumb"},"inLanguage":"fr-FR","potentialAction":[{"@type":"ReadAction","target":["https:\/\/granbazar-games.com\/remi-leflere\/"]}]},{"@type":"ImageObject","inLanguage":"fr-FR","@id":"https:\/\/granbazar-games.com\/remi-leflere\/#primaryimage","url":"http:\/\/granbazar-games.com\/wp-content\/uploads\/2025\/02\/the_lab_public.jpg","contentUrl":"http:\/\/granbazar-games.com\/wp-content\/uploads\/2025\/02\/the_lab_public.jpg"},{"@type":"BreadcrumbList","@id":"https:\/\/granbazar-games.com\/remi-leflere\/#breadcrumb","itemListElement":[{"@type":"ListItem","position":1,"name":"Home","item":"https:\/\/granbazar-games.com\/"},{"@type":"ListItem","position":2,"name":"R\u00e9mi Leflere"}]},{"@type":"WebSite","@id":"https:\/\/granbazar-games.com\/en\/#website","url":"https:\/\/granbazar-games.com\/en\/","name":"indiewargame","description":"Tout sur jeu de figurine Warbound","publisher":{"@id":"https:\/\/granbazar-games.com\/en\/#organization"},"potentialAction":[{"@type":"SearchAction","target":{"@type":"EntryPoint","urlTemplate":"https:\/\/granbazar-games.com\/en\/?s={search_term_string}"},"query-input":{"@type":"PropertyValueSpecification","valueRequired":true,"valueName":"search_term_string"}}],"inLanguage":"fr-FR"},{"@type":"Organization","@id":"https:\/\/granbazar-games.com\/en\/#organization","name":"Indie Wargame","url":"https:\/\/granbazar-games.com\/en\/","logo":{"@type":"ImageObject","inLanguage":"fr-FR","@id":"https:\/\/granbazar-games.com\/en\/#\/schema\/logo\/image\/","url":"https:\/\/granbazar-games.com\/wp-content\/uploads\/2020\/05\/warbound.png","contentUrl":"https:\/\/granbazar-games.com\/wp-content\/uploads\/2020\/05\/warbound.png","width":3987,"height":1269,"caption":"Indie Wargame"},"image":{"@id":"https:\/\/granbazar-games.com\/en\/#\/schema\/logo\/image\/"},"sameAs":["https:\/\/www.youtube.com\/channel\/UC89OhvX60LiNJU-jCoWs-LQ?view_as=subscriber"]}]}},"jetpack_sharing_enabled":true,"_links":{"self":[{"href":"https:\/\/granbazar-games.com\/fr\/wp-json\/wp\/v2\/pages\/6008","targetHints":{"allow":["GET"]}}],"collection":[{"href":"https:\/\/granbazar-games.com\/fr\/wp-json\/wp\/v2\/pages"}],"about":[{"href":"https:\/\/granbazar-games.com\/fr\/wp-json\/wp\/v2\/types\/page"}],"author":[{"embeddable":true,"href":"https:\/\/granbazar-games.com\/fr\/wp-json\/wp\/v2\/users\/1"}],"replies":[{"embeddable":true,"href":"https:\/\/granbazar-games.com\/fr\/wp-json\/wp\/v2\/comments?post=6008"}],"version-history":[{"count":29,"href":"https:\/\/granbazar-games.com\/fr\/wp-json\/wp\/v2\/pages\/6008\/revisions"}],"predecessor-version":[{"id":6078,"href":"https:\/\/granbazar-games.com\/fr\/wp-json\/wp\/v2\/pages\/6008\/revisions\/6078"}],"wp:attachment":[{"href":"https:\/\/granbazar-games.com\/fr\/wp-json\/wp\/v2\/media?parent=6008"}],"curies":[{"name":"wp","href":"https:\/\/api.w.org\/{rel}","templated":true}]}}