{"id":7377,"date":"2025-12-04T23:22:34","date_gmt":"2025-12-04T21:22:34","guid":{"rendered":"https:\/\/granbazar-games.com\/?page_id=7377"},"modified":"2025-12-09T12:24:35","modified_gmt":"2025-12-09T10:24:35","slug":"cloud-harbor","status":"publish","type":"page","link":"https:\/\/granbazar-games.com\/fr\/cloud-harbor\/","title":{"rendered":"Cloud Harbor"},"content":{"rendered":"<div data-elementor-type=\"wp-post\" data-elementor-id=\"7377\" class=\"elementor elementor-7377\">\n\t\t\t\t\t\t<section class=\"elementor-section elementor-top-section elementor-element elementor-element-cef8eae ct-section-stretched elementor-section-full_width elementor-section-height-full elementor-section-items-top elementor-section-height-default\" data-id=\"cef8eae\" data-element_type=\"section\" data-e-type=\"section\" data-settings=\"{&quot;background_background&quot;:&quot;classic&quot;}\">\n\t\t\t\t\t\t<div class=\"elementor-container elementor-column-gap-default\">\n\t\t\t\t\t<div class=\"elementor-column elementor-col-100 elementor-top-column elementor-element elementor-element-0a6f530\" data-id=\"0a6f530\" data-element_type=\"column\" data-e-type=\"column\">\n\t\t\t<div class=\"elementor-widget-wrap\">\n\t\t\t\t\t\t\t<\/div>\n\t\t<\/div>\n\t\t\t\t\t<\/div>\n\t\t<\/section>\n\t\t\t\t<section class=\"elementor-section elementor-top-section elementor-element elementor-element-46a50d4 elementor-section-boxed elementor-section-height-default elementor-section-height-default\" data-id=\"46a50d4\" data-element_type=\"section\" data-e-type=\"section\">\n\t\t\t\t\t\t<div class=\"elementor-container elementor-column-gap-default\">\n\t\t\t\t\t<div class=\"elementor-column elementor-col-100 elementor-top-column elementor-element elementor-element-eb52f96\" data-id=\"eb52f96\" data-element_type=\"column\" data-e-type=\"column\">\n\t\t\t<div class=\"elementor-widget-wrap elementor-element-populated\">\n\t\t\t\t\t\t<div class=\"elementor-element elementor-element-fff848b elementor-hidden-mobile elementor-widget elementor-widget-text-editor\" data-id=\"fff848b\" data-element_type=\"widget\" data-e-type=\"widget\" data-widget_type=\"text-editor.default\">\n\t\t\t\t<div class=\"elementor-widget-container\">\n\t\t\t\t\t\t\t\t\t<p>Illustration : <a href=\"https:\/\/www.instagram.com\/orkimeds\/\">R\u00e9mi Lefl\u00e8re<\/a><\/p>\t\t\t\t\t\t\t\t<\/div>\n\t\t\t\t<\/div>\n\t\t\t\t\t<\/div>\n\t\t<\/div>\n\t\t\t\t\t<\/div>\n\t\t<\/section>\n\t\t\t\t<section class=\"elementor-section elementor-top-section elementor-element elementor-element-32e33ee elementor-section-boxed elementor-section-height-default elementor-section-height-default\" data-id=\"32e33ee\" data-element_type=\"section\" data-e-type=\"section\">\n\t\t\t\t\t\t<div class=\"elementor-container elementor-column-gap-default\">\n\t\t\t\t\t<div class=\"elementor-column elementor-col-100 elementor-top-column elementor-element elementor-element-4f289c1\" data-id=\"4f289c1\" data-element_type=\"column\" data-e-type=\"column\">\n\t\t\t<div class=\"elementor-widget-wrap elementor-element-populated\">\n\t\t\t\t\t\t<div class=\"elementor-element elementor-element-85d1507 elementor-widget elementor-widget-spacer\" data-id=\"85d1507\" data-element_type=\"widget\" data-e-type=\"widget\" data-widget_type=\"spacer.default\">\n\t\t\t\t<div class=\"elementor-widget-container\">\n\t\t\t\t\t\t\t<div class=\"elementor-spacer\">\n\t\t\t<div class=\"elementor-spacer-inner\"><\/div>\n\t\t<\/div>\n\t\t\t\t\t\t<\/div>\n\t\t\t\t<\/div>\n\t\t\t\t<div class=\"elementor-element elementor-element-c771b42 elementor-widget elementor-widget-heading\" data-id=\"c771b42\" data-element_type=\"widget\" data-e-type=\"widget\" data-widget_type=\"heading.default\">\n\t\t\t\t<div class=\"elementor-widget-container\">\n\t\t\t\t\t<h1 class=\"elementor-heading-title elementor-size-default\">Cloud Harbor<\/h1>\t\t\t\t<\/div>\n\t\t\t\t<\/div>\n\t\t\t\t<div class=\"elementor-element elementor-element-8f2cc93 elementor-hidden-mobile elementor-widget elementor-widget-spacer\" data-id=\"8f2cc93\" data-element_type=\"widget\" data-e-type=\"widget\" data-widget_type=\"spacer.default\">\n\t\t\t\t<div class=\"elementor-widget-container\">\n\t\t\t\t\t\t\t<div class=\"elementor-spacer\">\n\t\t\t<div class=\"elementor-spacer-inner\"><\/div>\n\t\t<\/div>\n\t\t\t\t\t\t<\/div>\n\t\t\t\t<\/div>\n\t\t\t\t<div class=\"elementor-element elementor-element-71fa6ca elementor-widget elementor-widget-text-editor\" data-id=\"71fa6ca\" data-element_type=\"widget\" data-e-type=\"widget\" data-widget_type=\"text-editor.default\">\n\t\t\t\t<div class=\"elementor-widget-container\">\n\t\t\t\t\t\t\t\t\t<p><span style=\"font-weight: 400;\">MATT observait le premier soleil se coucher. Il avait encore un peu de temps avant que le deuxi\u00e8me astre ne fonde derri\u00e8re l\u2019horizon. Il avait toujours aim\u00e9 cet instant, o\u00f9 les cris des buselards s\u2019\u00e9veillent et s\u2019\u00e9teignent \u00e0 intervalle irr\u00e9gulier comme si ce bref moment entre les jours et les nuits recelait quelques dangers surann\u00e9s. Les citoyens ne per\u00e7oivent sans doute dans ces craillements que le hasard complet d\u2019oiseaux d\u00e9rang\u00e9s. Incapable de lire la m\u00e9lodie s\u00e9quenc\u00e9e pourtant si distincte\u2026 enfin, personne n\u2019\u00e9coute les buselards de toute fa\u00e7on.<\/span><\/p>\n<p><span style=\"font-weight: 400;\">Les pieds dans le vide, il se risqua \u00e0 observer la surface, conscient que l\u2019appel du Vide pouvait le saisir \u00e0 tout instant. Il sourit, observant \u00e0 travers un courant du maze, deux ivrognes jouer \u00e0 la roulette rousse\u2026 pourquoi d\u00e9fier la mort avec un canon lorsqu\u2019on habite sur la g\u00e2chette ? Ses basquettes faisaient des mouvements de va-et-vient au-dessus d\u2019un nuage effiloch\u00e9, avec un rythme d&#8217;une pr\u00e9cision impossible. Il autorisa sa vision \u00e0 s\u2019ajuster au moment. Ouverture du diaph, focale un peu plus longue. Voil\u00e0. Une profondeur de champ r\u00e9duite, profiter de l\u2019instant.<\/span><\/p>\n<p><span style=\"font-weight: 400;\">La ville n\u2019allait pas tarder \u00e0 devenir silencieuse. Chacun allait redoubler d\u2019attention, ce n\u2019est pas le moment de\u2026 ah\u2026 une chute au district 5. Trop loin pour entendre le cri. Haussement d\u2019\u00e9paule. La nuit ne fait que commencer, il fera le compte demain.<\/span><\/p>\n<p><span style=\"font-weight: 400;\">Le mouvement de balancier s\u2019\u00e9tait propag\u00e9 jusqu&#8217;au torse. MATT d\u00e9sactive volontairement ses dispositifs de stabilisation, laissant ses capteurs prendre la mesure du vent. La sensation \u00e9tait grisante\u2026 non, il s\u2019agissait d\u2019autre chose. Le sentiment exact lui glissa entre les doigts alors qu\u2019il les tendait de plus en plus loin vers l\u2019horizon, les yeux ferm\u00e9s. Il suffirait d&#8217;un&#8230;<\/span><\/p>\n<p><span style=\"font-weight: 400;\"><span style=\"color: #dfc58b;\"><i>C\u2019est dangereux \u00e7a m\u2019sieur !<\/i><\/span><\/span><\/p>\n<p><span style=\"font-weight: 400;\">Il n\u2019avait pas entendu la petite fille s\u2019approcher et s&#8217;asseoir \u00e0 ses c\u00f4t\u00e9s. Un grand sourire illuminait le visage du petit humain, alors que ses petites jambes se balan\u00e7aient l\u00e9g\u00e8rement au-dessus du Vide, mimiquant les mouvements de l\u2019andro\u00efde.<\/span><span style=\"font-weight: 400;\"><br><\/span><span style=\"font-weight: 400;\">\u00c9trange, il jouait peut-\u00eatre un peu trop avec ses niveaux d\u2019alertes ces derniers temps, il aurait d\u00fb pr\u00e9voir cette rencontre depuis des jours.<\/span><\/p>\n<p><span style=\"font-weight: 400;\"><span style=\"color: #dfc58b;\"><i>C\u2019est mon spot pr\u00e9f\u00e9r\u00e9, j\u2019adore quand on vole au-d\u2019sus des montagnes<\/i><\/span>&nbsp;&#8211; lan\u00e7a la fillette, plissant des yeux pour regarder aussi loin qu\u2019elle le pouvait\u2026 d\u00e9sesp\u00e9r\u00e9ment proche, flou.<\/span><\/p>\n<p><span style=\"font-weight: 400;\"><span style=\"color: #8eded6;\"><i>Voler ?<\/i><\/span> &#8211; r\u00e9pondit-il, faisant abstraction de l\u2019\u00e2ge de son interlocutrice &#8211; <span style=\"color: #8eded6;\"><i>On ne vole pas, on tombe.<\/i><\/span><\/span><\/p>\n<p><span style=\"font-weight: 400;\">La petite humaine lui d\u00e9cocha un nouveau sourire innocent, puis pla\u00e7a un son index devant sa bouche avant d&#8217;\u00e9mettre un bruit blanc court \u00e9trangement apaisant.<\/span><\/p>\n<p><span style=\"font-weight: 400;\"><span style=\"color: #dfc58b;\"><i>Chuuut\u2026 \u00e9coute les buselards !<\/i><\/span><\/span><\/p>\t\t\t\t\t\t\t\t<\/div>\n\t\t\t\t<\/div>\n\t\t\t\t\t<\/div>\n\t\t<\/div>\n\t\t\t\t\t<\/div>\n\t\t<\/section>\n\t\t\t\t<\/div>","protected":false},"excerpt":{"rendered":"<p>Art : R\u00e9mi Lefl\u00e8re Cloud Harbor MATT observait le premier soleil se coucher. Il avait encore un peu de temps avant que le deuxi\u00e8me astre ne fonde derri\u00e8re l\u2019horizon. Il avait toujours aim\u00e9 cet instant, o\u00f9 les cris des buselards s\u2019\u00e9veillent et s\u2019\u00e9teignent \u00e0 intervalle irr\u00e9gulier comme si ce bref moment entre les jours et [&hellip;]<\/p>\n","protected":false},"author":126,"featured_media":0,"parent":0,"menu_order":0,"comment_status":"closed","ping_status":"closed","template":"","meta":{"footnotes":""},"class_list":["post-7377","page","type-page","status-publish","hentry"],"blocksy_meta":[],"yoast_head":"<!-- This site is optimized with the Yoast SEO plugin v27.4 - https:\/\/yoast.com\/product\/yoast-seo-wordpress\/ -->\n<title>Cloud Harbor - Gran Bazar<\/title>\n<meta name=\"robots\" content=\"index, follow, max-snippet:-1, max-image-preview:large, max-video-preview:-1\" \/>\n<link rel=\"canonical\" href=\"https:\/\/granbazar-games.com\/fr\/cloud-harbor\/\" \/>\n<meta property=\"og:locale\" content=\"fr_FR\" \/>\n<meta property=\"og:type\" content=\"article\" \/>\n<meta property=\"og:title\" content=\"Cloud Harbor - Gran Bazar\" \/>\n<meta property=\"og:description\" content=\"Art : R\u00e9mi Lefl\u00e8re Cloud Harbor MATT observait le premier soleil se coucher. Il avait encore un peu de temps avant que le deuxi\u00e8me astre ne fonde derri\u00e8re l\u2019horizon. Il avait toujours aim\u00e9 cet instant, o\u00f9 les cris des buselards s\u2019\u00e9veillent et s\u2019\u00e9teignent \u00e0 intervalle irr\u00e9gulier comme si ce bref moment entre les jours et [&hellip;]\" \/>\n<meta property=\"og:url\" content=\"https:\/\/granbazar-games.com\/fr\/cloud-harbor\/\" \/>\n<meta property=\"og:site_name\" content=\"Gran Bazar\" \/>\n<meta property=\"article:modified_time\" content=\"2025-12-09T10:24:35+00:00\" \/>\n<meta name=\"twitter:card\" content=\"summary_large_image\" \/>\n<meta name=\"twitter:label1\" content=\"Dur\u00e9e de lecture estim\u00e9e\" \/>\n\t<meta name=\"twitter:data1\" content=\"3 minutes\" \/>\n<script type=\"application\/ld+json\" class=\"yoast-schema-graph\">{\"@context\":\"https:\\\/\\\/schema.org\",\"@graph\":[{\"@type\":\"WebPage\",\"@id\":\"https:\\\/\\\/granbazar-games.com\\\/cloud-harbor\\\/\",\"url\":\"https:\\\/\\\/granbazar-games.com\\\/cloud-harbor\\\/\",\"name\":\"Cloud Harbor - Gran Bazar\",\"isPartOf\":{\"@id\":\"https:\\\/\\\/granbazar-games.com\\\/en\\\/#website\"},\"datePublished\":\"2025-12-04T21:22:34+00:00\",\"dateModified\":\"2025-12-09T10:24:35+00:00\",\"breadcrumb\":{\"@id\":\"https:\\\/\\\/granbazar-games.com\\\/cloud-harbor\\\/#breadcrumb\"},\"inLanguage\":\"fr-FR\",\"potentialAction\":[{\"@type\":\"ReadAction\",\"target\":[\"https:\\\/\\\/granbazar-games.com\\\/cloud-harbor\\\/\"]}]},{\"@type\":\"BreadcrumbList\",\"@id\":\"https:\\\/\\\/granbazar-games.com\\\/cloud-harbor\\\/#breadcrumb\",\"itemListElement\":[{\"@type\":\"ListItem\",\"position\":1,\"name\":\"Home\",\"item\":\"https:\\\/\\\/granbazar-games.com\\\/\"},{\"@type\":\"ListItem\",\"position\":2,\"name\":\"Cloud Harbor\"}]},{\"@type\":\"WebSite\",\"@id\":\"https:\\\/\\\/granbazar-games.com\\\/en\\\/#website\",\"url\":\"https:\\\/\\\/granbazar-games.com\\\/en\\\/\",\"name\":\"indiewargame\",\"description\":\"Tout sur jeu de figurine Warbound\",\"publisher\":{\"@id\":\"https:\\\/\\\/granbazar-games.com\\\/en\\\/#organization\"},\"potentialAction\":[{\"@type\":\"SearchAction\",\"target\":{\"@type\":\"EntryPoint\",\"urlTemplate\":\"https:\\\/\\\/granbazar-games.com\\\/en\\\/?s={search_term_string}\"},\"query-input\":{\"@type\":\"PropertyValueSpecification\",\"valueRequired\":true,\"valueName\":\"search_term_string\"}}],\"inLanguage\":\"fr-FR\"},{\"@type\":\"Organization\",\"@id\":\"https:\\\/\\\/granbazar-games.com\\\/en\\\/#organization\",\"name\":\"Indie Wargame\",\"url\":\"https:\\\/\\\/granbazar-games.com\\\/en\\\/\",\"logo\":{\"@type\":\"ImageObject\",\"inLanguage\":\"fr-FR\",\"@id\":\"https:\\\/\\\/granbazar-games.com\\\/en\\\/#\\\/schema\\\/logo\\\/image\\\/\",\"url\":\"https:\\\/\\\/granbazar-games.com\\\/wp-content\\\/uploads\\\/2020\\\/05\\\/warbound.png\",\"contentUrl\":\"https:\\\/\\\/granbazar-games.com\\\/wp-content\\\/uploads\\\/2020\\\/05\\\/warbound.png\",\"width\":3987,\"height\":1269,\"caption\":\"Indie Wargame\"},\"image\":{\"@id\":\"https:\\\/\\\/granbazar-games.com\\\/en\\\/#\\\/schema\\\/logo\\\/image\\\/\"},\"sameAs\":[\"https:\\\/\\\/www.youtube.com\\\/channel\\\/UC89OhvX60LiNJU-jCoWs-LQ?view_as=subscriber\"]}]}<\/script>\n<!-- \/ Yoast SEO plugin. -->","yoast_head_json":{"title":"Cloud Harbor - Gran Bazar","robots":{"index":"index","follow":"follow","max-snippet":"max-snippet:-1","max-image-preview":"max-image-preview:large","max-video-preview":"max-video-preview:-1"},"canonical":"https:\/\/granbazar-games.com\/fr\/cloud-harbor\/","og_locale":"fr_FR","og_type":"article","og_title":"Cloud Harbor - Gran Bazar","og_description":"Art : R\u00e9mi Lefl\u00e8re Cloud Harbor MATT observait le premier soleil se coucher. Il avait encore un peu de temps avant que le deuxi\u00e8me astre ne fonde derri\u00e8re l\u2019horizon. Il avait toujours aim\u00e9 cet instant, o\u00f9 les cris des buselards s\u2019\u00e9veillent et s\u2019\u00e9teignent \u00e0 intervalle irr\u00e9gulier comme si ce bref moment entre les jours et [&hellip;]","og_url":"https:\/\/granbazar-games.com\/fr\/cloud-harbor\/","og_site_name":"Gran Bazar","article_modified_time":"2025-12-09T10:24:35+00:00","twitter_card":"summary_large_image","twitter_misc":{"Dur\u00e9e de lecture estim\u00e9e":"3 minutes"},"schema":{"@context":"https:\/\/schema.org","@graph":[{"@type":"WebPage","@id":"https:\/\/granbazar-games.com\/cloud-harbor\/","url":"https:\/\/granbazar-games.com\/cloud-harbor\/","name":"Cloud Harbor - Gran Bazar","isPartOf":{"@id":"https:\/\/granbazar-games.com\/en\/#website"},"datePublished":"2025-12-04T21:22:34+00:00","dateModified":"2025-12-09T10:24:35+00:00","breadcrumb":{"@id":"https:\/\/granbazar-games.com\/cloud-harbor\/#breadcrumb"},"inLanguage":"fr-FR","potentialAction":[{"@type":"ReadAction","target":["https:\/\/granbazar-games.com\/cloud-harbor\/"]}]},{"@type":"BreadcrumbList","@id":"https:\/\/granbazar-games.com\/cloud-harbor\/#breadcrumb","itemListElement":[{"@type":"ListItem","position":1,"name":"Home","item":"https:\/\/granbazar-games.com\/"},{"@type":"ListItem","position":2,"name":"Cloud Harbor"}]},{"@type":"WebSite","@id":"https:\/\/granbazar-games.com\/en\/#website","url":"https:\/\/granbazar-games.com\/en\/","name":"indiewargame","description":"Tout sur jeu de figurine Warbound","publisher":{"@id":"https:\/\/granbazar-games.com\/en\/#organization"},"potentialAction":[{"@type":"SearchAction","target":{"@type":"EntryPoint","urlTemplate":"https:\/\/granbazar-games.com\/en\/?s={search_term_string}"},"query-input":{"@type":"PropertyValueSpecification","valueRequired":true,"valueName":"search_term_string"}}],"inLanguage":"fr-FR"},{"@type":"Organization","@id":"https:\/\/granbazar-games.com\/en\/#organization","name":"Indie Wargame","url":"https:\/\/granbazar-games.com\/en\/","logo":{"@type":"ImageObject","inLanguage":"fr-FR","@id":"https:\/\/granbazar-games.com\/en\/#\/schema\/logo\/image\/","url":"https:\/\/granbazar-games.com\/wp-content\/uploads\/2020\/05\/warbound.png","contentUrl":"https:\/\/granbazar-games.com\/wp-content\/uploads\/2020\/05\/warbound.png","width":3987,"height":1269,"caption":"Indie Wargame"},"image":{"@id":"https:\/\/granbazar-games.com\/en\/#\/schema\/logo\/image\/"},"sameAs":["https:\/\/www.youtube.com\/channel\/UC89OhvX60LiNJU-jCoWs-LQ?view_as=subscriber"]}]}},"jetpack_sharing_enabled":true,"_links":{"self":[{"href":"https:\/\/granbazar-games.com\/fr\/wp-json\/wp\/v2\/pages\/7377","targetHints":{"allow":["GET"]}}],"collection":[{"href":"https:\/\/granbazar-games.com\/fr\/wp-json\/wp\/v2\/pages"}],"about":[{"href":"https:\/\/granbazar-games.com\/fr\/wp-json\/wp\/v2\/types\/page"}],"author":[{"embeddable":true,"href":"https:\/\/granbazar-games.com\/fr\/wp-json\/wp\/v2\/users\/126"}],"replies":[{"embeddable":true,"href":"https:\/\/granbazar-games.com\/fr\/wp-json\/wp\/v2\/comments?post=7377"}],"version-history":[{"count":112,"href":"https:\/\/granbazar-games.com\/fr\/wp-json\/wp\/v2\/pages\/7377\/revisions"}],"predecessor-version":[{"id":7525,"href":"https:\/\/granbazar-games.com\/fr\/wp-json\/wp\/v2\/pages\/7377\/revisions\/7525"}],"wp:attachment":[{"href":"https:\/\/granbazar-games.com\/fr\/wp-json\/wp\/v2\/media?parent=7377"}],"curies":[{"name":"wp","href":"https:\/\/api.w.org\/{rel}","templated":true}]}}