{"id":2060,"date":"2022-12-01T15:21:27","date_gmt":"2022-12-01T13:21:27","guid":{"rendered":"https:\/\/granbazar-games.com\/?post_type=product&#038;p=2060"},"modified":"2026-04-01T23:15:44","modified_gmt":"2026-04-01T21:15:44","slug":"purifie","status":"publish","type":"product","link":"https:\/\/granbazar-games.com\/fr\/produit\/purifie\/","title":{"rendered":"Purifi\u00e9"},"content":{"rendered":"<p>Figurine en r\u00e9sine avec socle grav\u00e9 en r\u00e9sine. Vendue non peinte et non assembl\u00e9e.\nSocle en plastique non inclus.<\/p>\n<p>\u00c9chelle : 32 mm<\/p>\n<p>Design : <a href=\"https:\/\/www.instagram.com\/creationlocust\/?hl=fr\"><em>Thomas Rome<\/em><\/a><br \/>\nSculpture : <em><a href=\"https:\/\/www.instagram.com\/stephane_camosseto\/?hl=fr\">St\u00e9phane Camosseto<\/a><br \/>\n<\/em>Peinture <em><a href=\"https:\/\/www.facebook.com\/AGMadStudio\/\">MadStudio :\u00a0Alexandre Gille<\/a><\/em><br \/>\nMoulage <a href=\"https:\/\/www.grxcreations.com\/\"><em>GRX Cr\u00e9ations<\/em><\/a><\/p>","protected":false},"excerpt":{"rendered":"<p>Figurine en r\u00e9sine<\/p>","protected":false},"featured_media":2052,"template":"","meta":[],"product_brand":[],"product_cat":[51,70],"product_tag":[],"class_list":{"0":"post-2060","1":"product","2":"type-product","3":"status-publish","4":"has-post-thumbnail","6":"product_cat-pit","7":"product_cat-warbound","8":"product_shipping_class-miniatures","10":"first","11":"instock","12":"purchasable","13":"product-type-simple"},"yoast_head":"<!-- This site is optimized with the Yoast SEO plugin v27.4 - https:\/\/yoast.com\/product\/yoast-seo-wordpress\/ -->\n<title>Cleansed - Gran Bazar<\/title>\n<meta name=\"description\" content=\"Le Purifi\u00e9 est l&#039;heureux &quot;survivant&quot; du rituel de Purification et apportera la puissance de ses lance-flammes \u00e0 votre Warbound.\" \/>\n<meta name=\"robots\" content=\"index, follow, max-snippet:-1, max-image-preview:large, max-video-preview:-1\" \/>\n<link rel=\"canonical\" href=\"https:\/\/granbazar-games.com\/fr\/produit\/purifie\/\" \/>\n<meta property=\"og:locale\" content=\"fr_FR\" \/>\n<meta property=\"og:type\" content=\"article\" \/>\n<meta property=\"og:title\" content=\"Cleansed - Gran Bazar\" \/>\n<meta property=\"og:description\" content=\"Le Purifi\u00e9 est l&#039;heureux &quot;survivant&quot; du rituel de Purification et apportera la puissance de ses lance-flammes \u00e0 votre Warbound.\" \/>\n<meta property=\"og:url\" content=\"https:\/\/granbazar-games.com\/fr\/produit\/purifie\/\" \/>\n<meta property=\"og:site_name\" content=\"Gran Bazar\" \/>\n<meta property=\"article:modified_time\" content=\"2026-04-01T21:15:44+00:00\" \/>\n<meta property=\"og:image\" content=\"http:\/\/granbazar-games.com\/wp-content\/uploads\/2022\/12\/Purifie_front.jpg\" \/>\n\t<meta property=\"og:image:width\" content=\"1000\" \/>\n\t<meta property=\"og:image:height\" content=\"1000\" \/>\n\t<meta property=\"og:image:type\" content=\"image\/jpeg\" \/>\n<meta name=\"twitter:card\" content=\"summary_large_image\" \/>\n<meta name=\"twitter:label1\" content=\"Dur\u00e9e de lecture estim\u00e9e\" \/>\n\t<meta name=\"twitter:data1\" content=\"1 minute\" \/>\n<script type=\"application\/ld+json\" class=\"yoast-schema-graph\">{\"@context\":\"https:\\\/\\\/schema.org\",\"@graph\":[{\"@type\":\"WebPage\",\"@id\":\"https:\\\/\\\/granbazar-games.com\\\/product\\\/purifie\\\/\",\"url\":\"https:\\\/\\\/granbazar-games.com\\\/product\\\/purifie\\\/\",\"name\":\"Cleansed - Gran Bazar\",\"isPartOf\":{\"@id\":\"https:\\\/\\\/granbazar-games.com\\\/en\\\/#website\"},\"primaryImageOfPage\":{\"@id\":\"https:\\\/\\\/granbazar-games.com\\\/product\\\/purifie\\\/#primaryimage\"},\"image\":{\"@id\":\"https:\\\/\\\/granbazar-games.com\\\/product\\\/purifie\\\/#primaryimage\"},\"thumbnailUrl\":\"https:\\\/\\\/granbazar-games.com\\\/wp-content\\\/uploads\\\/2022\\\/12\\\/Purifie_front.jpg\",\"datePublished\":\"2022-12-01T13:21:27+00:00\",\"dateModified\":\"2026-04-01T21:15:44+00:00\",\"description\":\"Le Purifi\u00e9 est l'heureux \\\"survivant\\\" du rituel de Purification et apportera la puissance de ses lance-flammes \u00e0 votre Warbound.\",\"breadcrumb\":{\"@id\":\"https:\\\/\\\/granbazar-games.com\\\/product\\\/purifie\\\/#breadcrumb\"},\"inLanguage\":\"fr-FR\",\"potentialAction\":[{\"@type\":\"ReadAction\",\"target\":[\"https:\\\/\\\/granbazar-games.com\\\/product\\\/purifie\\\/\"]}]},{\"@type\":\"ImageObject\",\"inLanguage\":\"fr-FR\",\"@id\":\"https:\\\/\\\/granbazar-games.com\\\/product\\\/purifie\\\/#primaryimage\",\"url\":\"https:\\\/\\\/granbazar-games.com\\\/wp-content\\\/uploads\\\/2022\\\/12\\\/Purifie_front.jpg\",\"contentUrl\":\"https:\\\/\\\/granbazar-games.com\\\/wp-content\\\/uploads\\\/2022\\\/12\\\/Purifie_front.jpg\",\"width\":1000,\"height\":1000},{\"@type\":\"BreadcrumbList\",\"@id\":\"https:\\\/\\\/granbazar-games.com\\\/product\\\/purifie\\\/#breadcrumb\",\"itemListElement\":[{\"@type\":\"ListItem\",\"position\":1,\"name\":\"Home\",\"item\":\"https:\\\/\\\/granbazar-games.com\\\/\"},{\"@type\":\"ListItem\",\"position\":2,\"name\":\"Boutique\",\"item\":\"https:\\\/\\\/granbazar-games.com\\\/en\\\/boutique\\\/\"},{\"@type\":\"ListItem\",\"position\":3,\"name\":\"Cleansed\"}]},{\"@type\":\"WebSite\",\"@id\":\"https:\\\/\\\/granbazar-games.com\\\/en\\\/#website\",\"url\":\"https:\\\/\\\/granbazar-games.com\\\/en\\\/\",\"name\":\"indiewargame\",\"description\":\"Tout sur jeu de figurine Warbound\",\"publisher\":{\"@id\":\"https:\\\/\\\/granbazar-games.com\\\/en\\\/#organization\"},\"potentialAction\":[{\"@type\":\"SearchAction\",\"target\":{\"@type\":\"EntryPoint\",\"urlTemplate\":\"https:\\\/\\\/granbazar-games.com\\\/en\\\/?s={search_term_string}\"},\"query-input\":{\"@type\":\"PropertyValueSpecification\",\"valueRequired\":true,\"valueName\":\"search_term_string\"}}],\"inLanguage\":\"fr-FR\"},{\"@type\":\"Organization\",\"@id\":\"https:\\\/\\\/granbazar-games.com\\\/en\\\/#organization\",\"name\":\"Indie Wargame\",\"url\":\"https:\\\/\\\/granbazar-games.com\\\/en\\\/\",\"logo\":{\"@type\":\"ImageObject\",\"inLanguage\":\"fr-FR\",\"@id\":\"https:\\\/\\\/granbazar-games.com\\\/en\\\/#\\\/schema\\\/logo\\\/image\\\/\",\"url\":\"https:\\\/\\\/granbazar-games.com\\\/wp-content\\\/uploads\\\/2020\\\/05\\\/warbound.png\",\"contentUrl\":\"https:\\\/\\\/granbazar-games.com\\\/wp-content\\\/uploads\\\/2020\\\/05\\\/warbound.png\",\"width\":3987,\"height\":1269,\"caption\":\"Indie Wargame\"},\"image\":{\"@id\":\"https:\\\/\\\/granbazar-games.com\\\/en\\\/#\\\/schema\\\/logo\\\/image\\\/\"},\"sameAs\":[\"https:\\\/\\\/www.youtube.com\\\/channel\\\/UC89OhvX60LiNJU-jCoWs-LQ?view_as=subscriber\"]}]}<\/script>\n<!-- \/ Yoast SEO plugin. -->","yoast_head_json":{"title":"Cleansed - Gran Bazar","description":"Le Purifi\u00e9 est l'heureux \"survivant\" du rituel de Purification et apportera la puissance de ses lance-flammes \u00e0 votre Warbound.","robots":{"index":"index","follow":"follow","max-snippet":"max-snippet:-1","max-image-preview":"max-image-preview:large","max-video-preview":"max-video-preview:-1"},"canonical":"https:\/\/granbazar-games.com\/fr\/produit\/purifie\/","og_locale":"fr_FR","og_type":"article","og_title":"Cleansed - Gran Bazar","og_description":"Le Purifi\u00e9 est l'heureux \"survivant\" du rituel de Purification et apportera la puissance de ses lance-flammes \u00e0 votre Warbound.","og_url":"https:\/\/granbazar-games.com\/fr\/produit\/purifie\/","og_site_name":"Gran Bazar","article_modified_time":"2026-04-01T21:15:44+00:00","og_image":[{"width":1000,"height":1000,"url":"http:\/\/granbazar-games.com\/wp-content\/uploads\/2022\/12\/Purifie_front.jpg","type":"image\/jpeg"}],"twitter_card":"summary_large_image","twitter_misc":{"Dur\u00e9e de lecture estim\u00e9e":"1 minute"},"schema":{"@context":"https:\/\/schema.org","@graph":[{"@type":"WebPage","@id":"https:\/\/granbazar-games.com\/product\/purifie\/","url":"https:\/\/granbazar-games.com\/product\/purifie\/","name":"Cleansed - Gran Bazar","isPartOf":{"@id":"https:\/\/granbazar-games.com\/en\/#website"},"primaryImageOfPage":{"@id":"https:\/\/granbazar-games.com\/product\/purifie\/#primaryimage"},"image":{"@id":"https:\/\/granbazar-games.com\/product\/purifie\/#primaryimage"},"thumbnailUrl":"https:\/\/granbazar-games.com\/wp-content\/uploads\/2022\/12\/Purifie_front.jpg","datePublished":"2022-12-01T13:21:27+00:00","dateModified":"2026-04-01T21:15:44+00:00","description":"Le Purifi\u00e9 est l'heureux \"survivant\" du rituel de Purification et apportera la puissance de ses lance-flammes \u00e0 votre Warbound.","breadcrumb":{"@id":"https:\/\/granbazar-games.com\/product\/purifie\/#breadcrumb"},"inLanguage":"fr-FR","potentialAction":[{"@type":"ReadAction","target":["https:\/\/granbazar-games.com\/product\/purifie\/"]}]},{"@type":"ImageObject","inLanguage":"fr-FR","@id":"https:\/\/granbazar-games.com\/product\/purifie\/#primaryimage","url":"https:\/\/granbazar-games.com\/wp-content\/uploads\/2022\/12\/Purifie_front.jpg","contentUrl":"https:\/\/granbazar-games.com\/wp-content\/uploads\/2022\/12\/Purifie_front.jpg","width":1000,"height":1000},{"@type":"BreadcrumbList","@id":"https:\/\/granbazar-games.com\/product\/purifie\/#breadcrumb","itemListElement":[{"@type":"ListItem","position":1,"name":"Home","item":"https:\/\/granbazar-games.com\/"},{"@type":"ListItem","position":2,"name":"Boutique","item":"https:\/\/granbazar-games.com\/en\/boutique\/"},{"@type":"ListItem","position":3,"name":"Cleansed"}]},{"@type":"WebSite","@id":"https:\/\/granbazar-games.com\/en\/#website","url":"https:\/\/granbazar-games.com\/en\/","name":"indiewargame","description":"Tout sur jeu de figurine Warbound","publisher":{"@id":"https:\/\/granbazar-games.com\/en\/#organization"},"potentialAction":[{"@type":"SearchAction","target":{"@type":"EntryPoint","urlTemplate":"https:\/\/granbazar-games.com\/en\/?s={search_term_string}"},"query-input":{"@type":"PropertyValueSpecification","valueRequired":true,"valueName":"search_term_string"}}],"inLanguage":"fr-FR"},{"@type":"Organization","@id":"https:\/\/granbazar-games.com\/en\/#organization","name":"Indie Wargame","url":"https:\/\/granbazar-games.com\/en\/","logo":{"@type":"ImageObject","inLanguage":"fr-FR","@id":"https:\/\/granbazar-games.com\/en\/#\/schema\/logo\/image\/","url":"https:\/\/granbazar-games.com\/wp-content\/uploads\/2020\/05\/warbound.png","contentUrl":"https:\/\/granbazar-games.com\/wp-content\/uploads\/2020\/05\/warbound.png","width":3987,"height":1269,"caption":"Indie Wargame"},"image":{"@id":"https:\/\/granbazar-games.com\/en\/#\/schema\/logo\/image\/"},"sameAs":["https:\/\/www.youtube.com\/channel\/UC89OhvX60LiNJU-jCoWs-LQ?view_as=subscriber"]}]}},"jetpack_sharing_enabled":true,"_links":{"self":[{"href":"https:\/\/granbazar-games.com\/fr\/wp-json\/wp\/v2\/product\/2060","targetHints":{"allow":["GET"]}}],"collection":[{"href":"https:\/\/granbazar-games.com\/fr\/wp-json\/wp\/v2\/product"}],"about":[{"href":"https:\/\/granbazar-games.com\/fr\/wp-json\/wp\/v2\/types\/product"}],"wp:featuredmedia":[{"embeddable":true,"href":"https:\/\/granbazar-games.com\/fr\/wp-json\/wp\/v2\/media\/2052"}],"wp:attachment":[{"href":"https:\/\/granbazar-games.com\/fr\/wp-json\/wp\/v2\/media?parent=2060"}],"wp:term":[{"taxonomy":"product_brand","embeddable":true,"href":"https:\/\/granbazar-games.com\/fr\/wp-json\/wp\/v2\/product_brand?post=2060"},{"taxonomy":"product_cat","embeddable":true,"href":"https:\/\/granbazar-games.com\/fr\/wp-json\/wp\/v2\/product_cat?post=2060"},{"taxonomy":"product_tag","embeddable":true,"href":"https:\/\/granbazar-games.com\/fr\/wp-json\/wp\/v2\/product_tag?post=2060"}],"curies":[{"name":"wp","href":"https:\/\/api.w.org\/{rel}","templated":true}]}}