{"id":2704,"date":"2023-11-10T15:05:51","date_gmt":"2023-11-10T13:05:51","guid":{"rendered":"https:\/\/granbazar-games.com\/?post_type=product&#038;p=2704"},"modified":"2026-04-08T17:02:52","modified_gmt":"2026-04-08T15:02:52","slug":"starter-pack-foyer-2","status":"publish","type":"product","link":"https:\/\/granbazar-games.com\/fr\/produit\/starter-pack-foyer-2\/","title":{"rendered":"Starter Pack - Foyer"},"content":{"rendered":"<p>Un ensemble de 5 figurines de la faction du Foyer, parfait pour d\u00e9buter sa collection.<br \/>\nregroupe les figurines suivantes :<\/p>\n<p>2x Cultiste Enr\u00f4l\u00e9<br \/>\n1x Purifi\u00e9<br \/>\n1x Flamine<br \/>\n1x Gardien du Sanctum<\/p>","protected":false},"excerpt":{"rendered":"<p>Pack de d\u00e9marrage du Foyer<br \/>\nContient 5 figurines.<\/p>","protected":false},"featured_media":2051,"template":"","meta":[],"product_brand":[],"product_cat":[51,70],"product_tag":[],"class_list":{"0":"post-2704","1":"product","2":"type-product","3":"status-publish","4":"has-post-thumbnail","6":"product_cat-pit","7":"product_cat-warbound","8":"product_shipping_class-miniatures","10":"first","11":"instock","12":"sale","13":"purchasable","14":"product-type-simple"},"yoast_head":"<!-- This site is optimized with the Yoast SEO plugin v27.4 - https:\/\/yoast.com\/product\/yoast-seo-wordpress\/ -->\n<title>Starter Set - The Pit - Gran Bazar<\/title>\n<meta name=\"description\" content=\"Avec ce pack, d\u00e9marrez ou compl\u00e9tez votre collection Warbound avec un contingent du Foyer. Contient 5 figurines en r\u00e9sine de qualit\u00e9.\" \/>\n<meta name=\"robots\" content=\"index, follow, max-snippet:-1, max-image-preview:large, max-video-preview:-1\" \/>\n<link rel=\"canonical\" href=\"https:\/\/granbazar-games.com\/fr\/produit\/starter-pack-foyer-2\/\" \/>\n<meta property=\"og:locale\" content=\"fr_FR\" \/>\n<meta property=\"og:type\" content=\"article\" \/>\n<meta property=\"og:title\" content=\"Starter Set - The Pit - Gran Bazar\" \/>\n<meta property=\"og:description\" content=\"Avec ce pack, d\u00e9marrez ou compl\u00e9tez votre collection Warbound avec un contingent du Foyer. Contient 5 figurines en r\u00e9sine de qualit\u00e9.\" \/>\n<meta property=\"og:url\" content=\"https:\/\/granbazar-games.com\/fr\/produit\/starter-pack-foyer-2\/\" \/>\n<meta property=\"og:site_name\" content=\"Gran Bazar\" \/>\n<meta property=\"article:modified_time\" content=\"2026-04-08T15:02:52+00:00\" \/>\n<meta property=\"og:image\" content=\"http:\/\/granbazar-games.com\/wp-content\/uploads\/2022\/12\/Starter_foyer.jpg\" \/>\n\t<meta property=\"og:image:width\" content=\"1000\" \/>\n\t<meta property=\"og:image:height\" content=\"1000\" \/>\n\t<meta property=\"og:image:type\" content=\"image\/jpeg\" \/>\n<meta name=\"twitter:card\" content=\"summary_large_image\" \/>\n<meta name=\"twitter:label1\" content=\"Dur\u00e9e de lecture estim\u00e9e\" \/>\n\t<meta name=\"twitter:data1\" content=\"1 minute\" \/>\n<script type=\"application\/ld+json\" class=\"yoast-schema-graph\">{\"@context\":\"https:\\\/\\\/schema.org\",\"@graph\":[{\"@type\":\"WebPage\",\"@id\":\"https:\\\/\\\/granbazar-games.com\\\/product\\\/starter-pack-foyer-2\\\/\",\"url\":\"https:\\\/\\\/granbazar-games.com\\\/product\\\/starter-pack-foyer-2\\\/\",\"name\":\"Starter Set - The Pit - Gran Bazar\",\"isPartOf\":{\"@id\":\"https:\\\/\\\/granbazar-games.com\\\/en\\\/#website\"},\"primaryImageOfPage\":{\"@id\":\"https:\\\/\\\/granbazar-games.com\\\/product\\\/starter-pack-foyer-2\\\/#primaryimage\"},\"image\":{\"@id\":\"https:\\\/\\\/granbazar-games.com\\\/product\\\/starter-pack-foyer-2\\\/#primaryimage\"},\"thumbnailUrl\":\"https:\\\/\\\/granbazar-games.com\\\/wp-content\\\/uploads\\\/2022\\\/12\\\/Starter_foyer.jpg\",\"datePublished\":\"2023-11-10T13:05:51+00:00\",\"dateModified\":\"2026-04-08T15:02:52+00:00\",\"description\":\"Avec ce pack, d\u00e9marrez ou compl\u00e9tez votre collection Warbound avec un contingent du Foyer. Contient 5 figurines en r\u00e9sine de qualit\u00e9.\",\"breadcrumb\":{\"@id\":\"https:\\\/\\\/granbazar-games.com\\\/product\\\/starter-pack-foyer-2\\\/#breadcrumb\"},\"inLanguage\":\"fr-FR\",\"potentialAction\":[{\"@type\":\"ReadAction\",\"target\":[\"https:\\\/\\\/granbazar-games.com\\\/product\\\/starter-pack-foyer-2\\\/\"]}]},{\"@type\":\"ImageObject\",\"inLanguage\":\"fr-FR\",\"@id\":\"https:\\\/\\\/granbazar-games.com\\\/product\\\/starter-pack-foyer-2\\\/#primaryimage\",\"url\":\"https:\\\/\\\/granbazar-games.com\\\/wp-content\\\/uploads\\\/2022\\\/12\\\/Starter_foyer.jpg\",\"contentUrl\":\"https:\\\/\\\/granbazar-games.com\\\/wp-content\\\/uploads\\\/2022\\\/12\\\/Starter_foyer.jpg\",\"width\":1000,\"height\":1000},{\"@type\":\"BreadcrumbList\",\"@id\":\"https:\\\/\\\/granbazar-games.com\\\/product\\\/starter-pack-foyer-2\\\/#breadcrumb\",\"itemListElement\":[{\"@type\":\"ListItem\",\"position\":1,\"name\":\"Home\",\"item\":\"https:\\\/\\\/granbazar-games.com\\\/\"},{\"@type\":\"ListItem\",\"position\":2,\"name\":\"Boutique\",\"item\":\"https:\\\/\\\/granbazar-games.com\\\/en\\\/boutique\\\/\"},{\"@type\":\"ListItem\",\"position\":3,\"name\":\"Starter Set &#8211; The Pit\"}]},{\"@type\":\"WebSite\",\"@id\":\"https:\\\/\\\/granbazar-games.com\\\/en\\\/#website\",\"url\":\"https:\\\/\\\/granbazar-games.com\\\/en\\\/\",\"name\":\"indiewargame\",\"description\":\"Tout sur jeu de figurine Warbound\",\"publisher\":{\"@id\":\"https:\\\/\\\/granbazar-games.com\\\/en\\\/#organization\"},\"potentialAction\":[{\"@type\":\"SearchAction\",\"target\":{\"@type\":\"EntryPoint\",\"urlTemplate\":\"https:\\\/\\\/granbazar-games.com\\\/en\\\/?s={search_term_string}\"},\"query-input\":{\"@type\":\"PropertyValueSpecification\",\"valueRequired\":true,\"valueName\":\"search_term_string\"}}],\"inLanguage\":\"fr-FR\"},{\"@type\":\"Organization\",\"@id\":\"https:\\\/\\\/granbazar-games.com\\\/en\\\/#organization\",\"name\":\"Indie Wargame\",\"url\":\"https:\\\/\\\/granbazar-games.com\\\/en\\\/\",\"logo\":{\"@type\":\"ImageObject\",\"inLanguage\":\"fr-FR\",\"@id\":\"https:\\\/\\\/granbazar-games.com\\\/en\\\/#\\\/schema\\\/logo\\\/image\\\/\",\"url\":\"https:\\\/\\\/granbazar-games.com\\\/wp-content\\\/uploads\\\/2020\\\/05\\\/warbound.png\",\"contentUrl\":\"https:\\\/\\\/granbazar-games.com\\\/wp-content\\\/uploads\\\/2020\\\/05\\\/warbound.png\",\"width\":3987,\"height\":1269,\"caption\":\"Indie Wargame\"},\"image\":{\"@id\":\"https:\\\/\\\/granbazar-games.com\\\/en\\\/#\\\/schema\\\/logo\\\/image\\\/\"},\"sameAs\":[\"https:\\\/\\\/www.youtube.com\\\/channel\\\/UC89OhvX60LiNJU-jCoWs-LQ?view_as=subscriber\"]}]}<\/script>\n<!-- \/ Yoast SEO plugin. -->","yoast_head_json":{"title":"Starter Set - The Pit - Gran Bazar","description":"Avec ce pack, d\u00e9marrez ou compl\u00e9tez votre collection Warbound avec un contingent du Foyer. Contient 5 figurines en r\u00e9sine de qualit\u00e9.","robots":{"index":"index","follow":"follow","max-snippet":"max-snippet:-1","max-image-preview":"max-image-preview:large","max-video-preview":"max-video-preview:-1"},"canonical":"https:\/\/granbazar-games.com\/fr\/produit\/starter-pack-foyer-2\/","og_locale":"fr_FR","og_type":"article","og_title":"Starter Set - The Pit - Gran Bazar","og_description":"Avec ce pack, d\u00e9marrez ou compl\u00e9tez votre collection Warbound avec un contingent du Foyer. Contient 5 figurines en r\u00e9sine de qualit\u00e9.","og_url":"https:\/\/granbazar-games.com\/fr\/produit\/starter-pack-foyer-2\/","og_site_name":"Gran Bazar","article_modified_time":"2026-04-08T15:02:52+00:00","og_image":[{"width":1000,"height":1000,"url":"http:\/\/granbazar-games.com\/wp-content\/uploads\/2022\/12\/Starter_foyer.jpg","type":"image\/jpeg"}],"twitter_card":"summary_large_image","twitter_misc":{"Dur\u00e9e de lecture estim\u00e9e":"1 minute"},"schema":{"@context":"https:\/\/schema.org","@graph":[{"@type":"WebPage","@id":"https:\/\/granbazar-games.com\/product\/starter-pack-foyer-2\/","url":"https:\/\/granbazar-games.com\/product\/starter-pack-foyer-2\/","name":"Starter Set - The Pit - Gran Bazar","isPartOf":{"@id":"https:\/\/granbazar-games.com\/en\/#website"},"primaryImageOfPage":{"@id":"https:\/\/granbazar-games.com\/product\/starter-pack-foyer-2\/#primaryimage"},"image":{"@id":"https:\/\/granbazar-games.com\/product\/starter-pack-foyer-2\/#primaryimage"},"thumbnailUrl":"https:\/\/granbazar-games.com\/wp-content\/uploads\/2022\/12\/Starter_foyer.jpg","datePublished":"2023-11-10T13:05:51+00:00","dateModified":"2026-04-08T15:02:52+00:00","description":"Avec ce pack, d\u00e9marrez ou compl\u00e9tez votre collection Warbound avec un contingent du Foyer. Contient 5 figurines en r\u00e9sine de qualit\u00e9.","breadcrumb":{"@id":"https:\/\/granbazar-games.com\/product\/starter-pack-foyer-2\/#breadcrumb"},"inLanguage":"fr-FR","potentialAction":[{"@type":"ReadAction","target":["https:\/\/granbazar-games.com\/product\/starter-pack-foyer-2\/"]}]},{"@type":"ImageObject","inLanguage":"fr-FR","@id":"https:\/\/granbazar-games.com\/product\/starter-pack-foyer-2\/#primaryimage","url":"https:\/\/granbazar-games.com\/wp-content\/uploads\/2022\/12\/Starter_foyer.jpg","contentUrl":"https:\/\/granbazar-games.com\/wp-content\/uploads\/2022\/12\/Starter_foyer.jpg","width":1000,"height":1000},{"@type":"BreadcrumbList","@id":"https:\/\/granbazar-games.com\/product\/starter-pack-foyer-2\/#breadcrumb","itemListElement":[{"@type":"ListItem","position":1,"name":"Home","item":"https:\/\/granbazar-games.com\/"},{"@type":"ListItem","position":2,"name":"Boutique","item":"https:\/\/granbazar-games.com\/en\/boutique\/"},{"@type":"ListItem","position":3,"name":"Starter Set &#8211; The Pit"}]},{"@type":"WebSite","@id":"https:\/\/granbazar-games.com\/en\/#website","url":"https:\/\/granbazar-games.com\/en\/","name":"indiewargame","description":"Tout sur jeu de figurine Warbound","publisher":{"@id":"https:\/\/granbazar-games.com\/en\/#organization"},"potentialAction":[{"@type":"SearchAction","target":{"@type":"EntryPoint","urlTemplate":"https:\/\/granbazar-games.com\/en\/?s={search_term_string}"},"query-input":{"@type":"PropertyValueSpecification","valueRequired":true,"valueName":"search_term_string"}}],"inLanguage":"fr-FR"},{"@type":"Organization","@id":"https:\/\/granbazar-games.com\/en\/#organization","name":"Indie Wargame","url":"https:\/\/granbazar-games.com\/en\/","logo":{"@type":"ImageObject","inLanguage":"fr-FR","@id":"https:\/\/granbazar-games.com\/en\/#\/schema\/logo\/image\/","url":"https:\/\/granbazar-games.com\/wp-content\/uploads\/2020\/05\/warbound.png","contentUrl":"https:\/\/granbazar-games.com\/wp-content\/uploads\/2020\/05\/warbound.png","width":3987,"height":1269,"caption":"Indie Wargame"},"image":{"@id":"https:\/\/granbazar-games.com\/en\/#\/schema\/logo\/image\/"},"sameAs":["https:\/\/www.youtube.com\/channel\/UC89OhvX60LiNJU-jCoWs-LQ?view_as=subscriber"]}]}},"jetpack_sharing_enabled":true,"_links":{"self":[{"href":"https:\/\/granbazar-games.com\/fr\/wp-json\/wp\/v2\/product\/2704","targetHints":{"allow":["GET"]}}],"collection":[{"href":"https:\/\/granbazar-games.com\/fr\/wp-json\/wp\/v2\/product"}],"about":[{"href":"https:\/\/granbazar-games.com\/fr\/wp-json\/wp\/v2\/types\/product"}],"wp:featuredmedia":[{"embeddable":true,"href":"https:\/\/granbazar-games.com\/fr\/wp-json\/wp\/v2\/media\/2051"}],"wp:attachment":[{"href":"https:\/\/granbazar-games.com\/fr\/wp-json\/wp\/v2\/media?parent=2704"}],"wp:term":[{"taxonomy":"product_brand","embeddable":true,"href":"https:\/\/granbazar-games.com\/fr\/wp-json\/wp\/v2\/product_brand?post=2704"},{"taxonomy":"product_cat","embeddable":true,"href":"https:\/\/granbazar-games.com\/fr\/wp-json\/wp\/v2\/product_cat?post=2704"},{"taxonomy":"product_tag","embeddable":true,"href":"https:\/\/granbazar-games.com\/fr\/wp-json\/wp\/v2\/product_tag?post=2704"}],"curies":[{"name":"wp","href":"https:\/\/api.w.org\/{rel}","templated":true}]}}