{"id":3008,"date":"2024-01-06T14:28:26","date_gmt":"2024-01-06T12:28:26","guid":{"rendered":"https:\/\/granbazar-games.com\/product\/subscription\/"},"modified":"2025-12-07T23:46:54","modified_gmt":"2025-12-07T21:46:54","slug":"subscription","status":"publish","type":"product","link":"https:\/\/granbazar-games.com\/fr\/produit\/subscription\/","title":{"rendered":"WARBANK"},"content":{"rendered":"<p style=\"text-align: left;\">L\u2019abonnement Warbank est un abonnement mensuel vous permettant de convertir son co\u00fbt en N\u00e9ons, la monnaie virtuelle de notre site.\nIl existe deux classes d\u2019abonnement, vous permettant respectivement de payer <strong><span style=\"color: #0bddb9;\">10\u20ac\/mois<\/span><\/strong> ou <strong><span style=\"color: #0bddb9;\">20\u20ac\/mois<\/span><\/strong>, selon la quantit\u00e9 de N\u00e9ons que vous d\u00e9sirez recevoir.<\/p>\n<p style=\"text-align: left;\">Chaque ann\u00e9e, le Niveau de votre coffre augmente, am\u00e9liorant votre taux de conversion :<br \/>\nConsultez le <a href=\"https:\/\/granbazar-games.com\/fr\/warbank\/\">Tableaux des Niveaux<\/a> pour en apprendre plus.<\/p>\n<p style=\"text-align: left;\">Sur notre boutique <span style=\"color: #0bddb9;\"><strong>1\u20ac = 10 N\u00e9ons<\/strong><\/span><br \/>\nProfitez de cette offre unique tout en apportant \u00e0 notre \u00e9quipe de passionn\u00e9s la stabilit\u00e9 n\u00e9cessaire pour poursuivre notre r\u00eave.<\/p>","protected":false},"excerpt":{"rendered":"<p>Convertissez le payement mensuel de cet abonnement en <a href=\"https:\/\/granbazar-games.com\/fr\/mon-compte\/points\/\">N\u00e9ons<\/a>.<br \/>\nProfitez du bonus de fid\u00e9lit\u00e9 : Faites \u00e9voluer le <span style=\"color: #0bddb9;\">Niveau<\/span> de votre coffre et am\u00e9liorez votre taux de conversion !<\/p>\n<p>N\u2019attendez plus, et ouvrez votre coffre \u00e0 la Warbank !<br \/>\nRendez vous sur la <a href=\"https:\/\/granbazar-games.com\/fr\/warbank\/\">page explicative<\/a> pour en apprendre plus.<\/p>","protected":false},"featured_media":6757,"template":"","meta":[],"product_brand":[],"product_cat":[69,64,70],"product_tag":[63],"class_list":{"0":"post-3008","1":"product","2":"type-product","3":"status-publish","4":"has-post-thumbnail","6":"product_cat-nexus-keepers","7":"product_cat-sub","8":"product_cat-warbound","9":"product_tag-sub","11":"first","12":"instock","13":"sold-individually","14":"purchasable","15":"product-type-variable"},"yoast_head":"<!-- This site is optimized with the Yoast SEO plugin v27.4 - https:\/\/yoast.com\/product\/yoast-seo-wordpress\/ -->\n<title>WARBANK - Gran Bazar<\/title>\n<meta name=\"description\" content=\"L&#039;abonnement Warbank, l&#039;abonnement champion des toooutes petites entreprises. Convertissez vos euro en N\u00e9ons et obtenez de meilleurs prix sur la boutique!\" \/>\n<meta name=\"robots\" content=\"index, follow, max-snippet:-1, max-image-preview:large, max-video-preview:-1\" \/>\n<link rel=\"canonical\" href=\"https:\/\/granbazar-games.com\/fr\/produit\/subscription\/\" \/>\n<meta property=\"og:locale\" content=\"fr_FR\" \/>\n<meta property=\"og:type\" content=\"article\" \/>\n<meta property=\"og:title\" content=\"WARBANK - Gran Bazar\" \/>\n<meta property=\"og:description\" content=\"L&#039;abonnement Warbank, l&#039;abonnement champion des toooutes petites entreprises. Convertissez vos euro en N\u00e9ons et obtenez de meilleurs prix sur la boutique!\" \/>\n<meta property=\"og:url\" content=\"https:\/\/granbazar-games.com\/fr\/produit\/subscription\/\" \/>\n<meta property=\"og:site_name\" content=\"Gran Bazar\" \/>\n<meta property=\"article:modified_time\" content=\"2025-12-07T21:46:54+00:00\" \/>\n<meta property=\"og:image\" content=\"http:\/\/granbazar-games.com\/wp-content\/uploads\/2024\/01\/silver.jpg\" \/>\n\t<meta property=\"og:image:width\" content=\"1000\" \/>\n\t<meta property=\"og:image:height\" content=\"1000\" \/>\n\t<meta property=\"og:image:type\" content=\"image\/jpeg\" \/>\n<meta name=\"twitter:card\" content=\"summary_large_image\" \/>\n<meta name=\"twitter:label1\" content=\"Dur\u00e9e de lecture estim\u00e9e\" \/>\n\t<meta name=\"twitter:data1\" content=\"1 minute\" \/>\n<script type=\"application\/ld+json\" class=\"yoast-schema-graph\">{\"@context\":\"https:\\\/\\\/schema.org\",\"@graph\":[{\"@type\":\"WebPage\",\"@id\":\"https:\\\/\\\/granbazar-games.com\\\/product\\\/subscription\\\/\",\"url\":\"https:\\\/\\\/granbazar-games.com\\\/product\\\/subscription\\\/\",\"name\":\"WARBANK - Gran Bazar\",\"isPartOf\":{\"@id\":\"https:\\\/\\\/granbazar-games.com\\\/en\\\/#website\"},\"primaryImageOfPage\":{\"@id\":\"https:\\\/\\\/granbazar-games.com\\\/product\\\/subscription\\\/#primaryimage\"},\"image\":{\"@id\":\"https:\\\/\\\/granbazar-games.com\\\/product\\\/subscription\\\/#primaryimage\"},\"thumbnailUrl\":\"https:\\\/\\\/granbazar-games.com\\\/wp-content\\\/uploads\\\/2024\\\/01\\\/silver.jpg\",\"datePublished\":\"2024-01-06T12:28:26+00:00\",\"dateModified\":\"2025-12-07T21:46:54+00:00\",\"description\":\"L'abonnement Warbank, l'abonnement champion des toooutes petites entreprises. Convertissez vos euro en N\u00e9ons et obtenez de meilleurs prix sur la boutique!\",\"breadcrumb\":{\"@id\":\"https:\\\/\\\/granbazar-games.com\\\/product\\\/subscription\\\/#breadcrumb\"},\"inLanguage\":\"fr-FR\",\"potentialAction\":[{\"@type\":\"ReadAction\",\"target\":[\"https:\\\/\\\/granbazar-games.com\\\/product\\\/subscription\\\/\"]}]},{\"@type\":\"ImageObject\",\"inLanguage\":\"fr-FR\",\"@id\":\"https:\\\/\\\/granbazar-games.com\\\/product\\\/subscription\\\/#primaryimage\",\"url\":\"https:\\\/\\\/granbazar-games.com\\\/wp-content\\\/uploads\\\/2024\\\/01\\\/silver.jpg\",\"contentUrl\":\"https:\\\/\\\/granbazar-games.com\\\/wp-content\\\/uploads\\\/2024\\\/01\\\/silver.jpg\",\"width\":1000,\"height\":1000},{\"@type\":\"BreadcrumbList\",\"@id\":\"https:\\\/\\\/granbazar-games.com\\\/product\\\/subscription\\\/#breadcrumb\",\"itemListElement\":[{\"@type\":\"ListItem\",\"position\":1,\"name\":\"Home\",\"item\":\"https:\\\/\\\/granbazar-games.com\\\/\"},{\"@type\":\"ListItem\",\"position\":2,\"name\":\"Boutique\",\"item\":\"https:\\\/\\\/granbazar-games.com\\\/en\\\/boutique\\\/\"},{\"@type\":\"ListItem\",\"position\":3,\"name\":\"WARBANK\"}]},{\"@type\":\"WebSite\",\"@id\":\"https:\\\/\\\/granbazar-games.com\\\/en\\\/#website\",\"url\":\"https:\\\/\\\/granbazar-games.com\\\/en\\\/\",\"name\":\"indiewargame\",\"description\":\"Tout sur jeu de figurine Warbound\",\"publisher\":{\"@id\":\"https:\\\/\\\/granbazar-games.com\\\/en\\\/#organization\"},\"potentialAction\":[{\"@type\":\"SearchAction\",\"target\":{\"@type\":\"EntryPoint\",\"urlTemplate\":\"https:\\\/\\\/granbazar-games.com\\\/en\\\/?s={search_term_string}\"},\"query-input\":{\"@type\":\"PropertyValueSpecification\",\"valueRequired\":true,\"valueName\":\"search_term_string\"}}],\"inLanguage\":\"fr-FR\"},{\"@type\":\"Organization\",\"@id\":\"https:\\\/\\\/granbazar-games.com\\\/en\\\/#organization\",\"name\":\"Indie Wargame\",\"url\":\"https:\\\/\\\/granbazar-games.com\\\/en\\\/\",\"logo\":{\"@type\":\"ImageObject\",\"inLanguage\":\"fr-FR\",\"@id\":\"https:\\\/\\\/granbazar-games.com\\\/en\\\/#\\\/schema\\\/logo\\\/image\\\/\",\"url\":\"https:\\\/\\\/granbazar-games.com\\\/wp-content\\\/uploads\\\/2020\\\/05\\\/warbound.png\",\"contentUrl\":\"https:\\\/\\\/granbazar-games.com\\\/wp-content\\\/uploads\\\/2020\\\/05\\\/warbound.png\",\"width\":3987,\"height\":1269,\"caption\":\"Indie Wargame\"},\"image\":{\"@id\":\"https:\\\/\\\/granbazar-games.com\\\/en\\\/#\\\/schema\\\/logo\\\/image\\\/\"},\"sameAs\":[\"https:\\\/\\\/www.youtube.com\\\/channel\\\/UC89OhvX60LiNJU-jCoWs-LQ?view_as=subscriber\"]}]}<\/script>\n<!-- \/ Yoast SEO plugin. -->","yoast_head_json":{"title":"WARBANK - Gran Bazar","description":"L'abonnement Warbank, l'abonnement champion des toooutes petites entreprises. Convertissez vos euro en N\u00e9ons et obtenez de meilleurs prix sur la boutique!","robots":{"index":"index","follow":"follow","max-snippet":"max-snippet:-1","max-image-preview":"max-image-preview:large","max-video-preview":"max-video-preview:-1"},"canonical":"https:\/\/granbazar-games.com\/fr\/produit\/subscription\/","og_locale":"fr_FR","og_type":"article","og_title":"WARBANK - Gran Bazar","og_description":"L'abonnement Warbank, l'abonnement champion des toooutes petites entreprises. Convertissez vos euro en N\u00e9ons et obtenez de meilleurs prix sur la boutique!","og_url":"https:\/\/granbazar-games.com\/fr\/produit\/subscription\/","og_site_name":"Gran Bazar","article_modified_time":"2025-12-07T21:46:54+00:00","og_image":[{"width":1000,"height":1000,"url":"http:\/\/granbazar-games.com\/wp-content\/uploads\/2024\/01\/silver.jpg","type":"image\/jpeg"}],"twitter_card":"summary_large_image","twitter_misc":{"Dur\u00e9e de lecture estim\u00e9e":"1 minute"},"schema":{"@context":"https:\/\/schema.org","@graph":[{"@type":"WebPage","@id":"https:\/\/granbazar-games.com\/product\/subscription\/","url":"https:\/\/granbazar-games.com\/product\/subscription\/","name":"WARBANK - Gran Bazar","isPartOf":{"@id":"https:\/\/granbazar-games.com\/en\/#website"},"primaryImageOfPage":{"@id":"https:\/\/granbazar-games.com\/product\/subscription\/#primaryimage"},"image":{"@id":"https:\/\/granbazar-games.com\/product\/subscription\/#primaryimage"},"thumbnailUrl":"https:\/\/granbazar-games.com\/wp-content\/uploads\/2024\/01\/silver.jpg","datePublished":"2024-01-06T12:28:26+00:00","dateModified":"2025-12-07T21:46:54+00:00","description":"L'abonnement Warbank, l'abonnement champion des toooutes petites entreprises. Convertissez vos euro en N\u00e9ons et obtenez de meilleurs prix sur la boutique!","breadcrumb":{"@id":"https:\/\/granbazar-games.com\/product\/subscription\/#breadcrumb"},"inLanguage":"fr-FR","potentialAction":[{"@type":"ReadAction","target":["https:\/\/granbazar-games.com\/product\/subscription\/"]}]},{"@type":"ImageObject","inLanguage":"fr-FR","@id":"https:\/\/granbazar-games.com\/product\/subscription\/#primaryimage","url":"https:\/\/granbazar-games.com\/wp-content\/uploads\/2024\/01\/silver.jpg","contentUrl":"https:\/\/granbazar-games.com\/wp-content\/uploads\/2024\/01\/silver.jpg","width":1000,"height":1000},{"@type":"BreadcrumbList","@id":"https:\/\/granbazar-games.com\/product\/subscription\/#breadcrumb","itemListElement":[{"@type":"ListItem","position":1,"name":"Home","item":"https:\/\/granbazar-games.com\/"},{"@type":"ListItem","position":2,"name":"Boutique","item":"https:\/\/granbazar-games.com\/en\/boutique\/"},{"@type":"ListItem","position":3,"name":"WARBANK"}]},{"@type":"WebSite","@id":"https:\/\/granbazar-games.com\/en\/#website","url":"https:\/\/granbazar-games.com\/en\/","name":"indiewargame","description":"Tout sur jeu de figurine Warbound","publisher":{"@id":"https:\/\/granbazar-games.com\/en\/#organization"},"potentialAction":[{"@type":"SearchAction","target":{"@type":"EntryPoint","urlTemplate":"https:\/\/granbazar-games.com\/en\/?s={search_term_string}"},"query-input":{"@type":"PropertyValueSpecification","valueRequired":true,"valueName":"search_term_string"}}],"inLanguage":"fr-FR"},{"@type":"Organization","@id":"https:\/\/granbazar-games.com\/en\/#organization","name":"Indie Wargame","url":"https:\/\/granbazar-games.com\/en\/","logo":{"@type":"ImageObject","inLanguage":"fr-FR","@id":"https:\/\/granbazar-games.com\/en\/#\/schema\/logo\/image\/","url":"https:\/\/granbazar-games.com\/wp-content\/uploads\/2020\/05\/warbound.png","contentUrl":"https:\/\/granbazar-games.com\/wp-content\/uploads\/2020\/05\/warbound.png","width":3987,"height":1269,"caption":"Indie Wargame"},"image":{"@id":"https:\/\/granbazar-games.com\/en\/#\/schema\/logo\/image\/"},"sameAs":["https:\/\/www.youtube.com\/channel\/UC89OhvX60LiNJU-jCoWs-LQ?view_as=subscriber"]}]}},"jetpack_sharing_enabled":true,"_links":{"self":[{"href":"https:\/\/granbazar-games.com\/fr\/wp-json\/wp\/v2\/product\/3008","targetHints":{"allow":["GET"]}}],"collection":[{"href":"https:\/\/granbazar-games.com\/fr\/wp-json\/wp\/v2\/product"}],"about":[{"href":"https:\/\/granbazar-games.com\/fr\/wp-json\/wp\/v2\/types\/product"}],"wp:featuredmedia":[{"embeddable":true,"href":"https:\/\/granbazar-games.com\/fr\/wp-json\/wp\/v2\/media\/6757"}],"wp:attachment":[{"href":"https:\/\/granbazar-games.com\/fr\/wp-json\/wp\/v2\/media?parent=3008"}],"wp:term":[{"taxonomy":"product_brand","embeddable":true,"href":"https:\/\/granbazar-games.com\/fr\/wp-json\/wp\/v2\/product_brand?post=3008"},{"taxonomy":"product_cat","embeddable":true,"href":"https:\/\/granbazar-games.com\/fr\/wp-json\/wp\/v2\/product_cat?post=3008"},{"taxonomy":"product_tag","embeddable":true,"href":"https:\/\/granbazar-games.com\/fr\/wp-json\/wp\/v2\/product_tag?post=3008"}],"curies":[{"name":"wp","href":"https:\/\/api.w.org\/{rel}","templated":true}]}}