{"id":7762,"date":"2026-03-28T17:02:22","date_gmt":"2026-03-28T15:02:22","guid":{"rendered":"https:\/\/granbazar-games.com\/?post_type=product&#038;p=7762"},"modified":"2026-04-01T23:14:33","modified_gmt":"2026-04-01T21:14:33","slug":"pig-rider","status":"publish","type":"product","link":"https:\/\/granbazar-games.com\/fr\/produit\/pig-rider\/","title":{"rendered":"Chevaucheur de Porc"},"content":{"rendered":"","protected":false},"excerpt":{"rendered":"<p>L'\u00e9l\u00e9gance \u00e0 l'\u00e9tat pur. Admirez ce regard de braise, cette carrure athl\u00e9tique et un charisme \u00e0 faire p\u00e2lir n'importe quel top mod\u00e8le... Une v\u00e9ritable ic\u00f4ne de beaut\u00e9 rustique. Et le meilleur dans tout \u00e7a ? Il est m\u00eame accompagn\u00e9 de son propre chevaucheur gobelin pour parfaire la sc\u00e8ne.<\/p>\n<p>Figurine en r\u00e9sine. Vendue non peinte et non assembl\u00e9e.<\/p>\n<p>\u00c9chelle : 28 mm<\/p>\n<p>Sculpture : <em><a href=\"https:\/\/www.instagram.com\/luxthantor\/?hl=fr\">Lux Thantor<\/a><\/em><\/p>","protected":false},"featured_media":7764,"template":"","meta":[],"product_brand":[],"product_cat":[71],"product_tag":[],"class_list":{"0":"post-7762","1":"product","2":"type-product","3":"status-publish","4":"has-post-thumbnail","6":"product_cat-lux-thantor-miniatures","7":"product_shipping_class-miniatures","9":"first","10":"instock","11":"purchasable","12":"product-type-simple"},"yoast_head":"<!-- This site is optimized with the Yoast SEO plugin v27.3 - https:\/\/yoast.com\/product\/yoast-seo-wordpress\/ -->\n<title>Pig Rider - Gran Bazar<\/title>\n<meta name=\"description\" content=\"Figurine de gobelin sur cochon par Lux Thantor. Une sculpture artisanale de collection \u00e0 l&#039;\u00e9l\u00e9gance brute et au charisme unique.\" \/>\n<meta name=\"robots\" content=\"index, follow, max-snippet:-1, max-image-preview:large, max-video-preview:-1\" \/>\n<link rel=\"canonical\" href=\"https:\/\/granbazar-games.com\/fr\/produit\/pig-rider\/\" \/>\n<meta property=\"og:locale\" content=\"fr_FR\" \/>\n<meta property=\"og:type\" content=\"article\" \/>\n<meta property=\"og:title\" content=\"Pig Rider - Gran Bazar\" \/>\n<meta property=\"og:description\" content=\"Figurine de gobelin sur cochon par Lux Thantor. Une sculpture artisanale de collection \u00e0 l&#039;\u00e9l\u00e9gance brute et au charisme unique.\" \/>\n<meta property=\"og:url\" content=\"https:\/\/granbazar-games.com\/fr\/produit\/pig-rider\/\" \/>\n<meta property=\"og:site_name\" content=\"Gran Bazar\" \/>\n<meta property=\"article:modified_time\" content=\"2026-04-01T21:14:33+00:00\" \/>\n<meta property=\"og:image\" content=\"http:\/\/granbazar-games.com\/wp-content\/uploads\/2026\/03\/Pig_01.jpg\" \/>\n\t<meta property=\"og:image:width\" content=\"1000\" \/>\n\t<meta property=\"og:image:height\" content=\"1000\" \/>\n\t<meta property=\"og:image:type\" content=\"image\/jpeg\" \/>\n<meta name=\"twitter:card\" content=\"summary_large_image\" \/>\n<meta name=\"twitter:label1\" content=\"Dur\u00e9e de lecture estim\u00e9e\" \/>\n\t<meta name=\"twitter:data1\" content=\"1 minute\" \/>\n<script type=\"application\/ld+json\" class=\"yoast-schema-graph\">{\"@context\":\"https:\\\/\\\/schema.org\",\"@graph\":[{\"@type\":\"WebPage\",\"@id\":\"https:\\\/\\\/granbazar-games.com\\\/product\\\/pig-rider\\\/\",\"url\":\"https:\\\/\\\/granbazar-games.com\\\/product\\\/pig-rider\\\/\",\"name\":\"Pig Rider - Gran Bazar\",\"isPartOf\":{\"@id\":\"https:\\\/\\\/granbazar-games.com\\\/en\\\/#website\"},\"primaryImageOfPage\":{\"@id\":\"https:\\\/\\\/granbazar-games.com\\\/product\\\/pig-rider\\\/#primaryimage\"},\"image\":{\"@id\":\"https:\\\/\\\/granbazar-games.com\\\/product\\\/pig-rider\\\/#primaryimage\"},\"thumbnailUrl\":\"https:\\\/\\\/granbazar-games.com\\\/wp-content\\\/uploads\\\/2026\\\/03\\\/Pig_01.jpg\",\"datePublished\":\"2026-03-28T15:02:22+00:00\",\"dateModified\":\"2026-04-01T21:14:33+00:00\",\"description\":\"Figurine de gobelin sur cochon par Lux Thantor. Une sculpture artisanale de collection \u00e0 l'\u00e9l\u00e9gance brute et au charisme unique.\",\"breadcrumb\":{\"@id\":\"https:\\\/\\\/granbazar-games.com\\\/product\\\/pig-rider\\\/#breadcrumb\"},\"inLanguage\":\"fr-FR\",\"potentialAction\":[{\"@type\":\"ReadAction\",\"target\":[\"https:\\\/\\\/granbazar-games.com\\\/product\\\/pig-rider\\\/\"]}]},{\"@type\":\"ImageObject\",\"inLanguage\":\"fr-FR\",\"@id\":\"https:\\\/\\\/granbazar-games.com\\\/product\\\/pig-rider\\\/#primaryimage\",\"url\":\"https:\\\/\\\/granbazar-games.com\\\/wp-content\\\/uploads\\\/2026\\\/03\\\/Pig_01.jpg\",\"contentUrl\":\"https:\\\/\\\/granbazar-games.com\\\/wp-content\\\/uploads\\\/2026\\\/03\\\/Pig_01.jpg\",\"width\":1000,\"height\":1000},{\"@type\":\"BreadcrumbList\",\"@id\":\"https:\\\/\\\/granbazar-games.com\\\/product\\\/pig-rider\\\/#breadcrumb\",\"itemListElement\":[{\"@type\":\"ListItem\",\"position\":1,\"name\":\"Home\",\"item\":\"https:\\\/\\\/granbazar-games.com\\\/\"},{\"@type\":\"ListItem\",\"position\":2,\"name\":\"Boutique\",\"item\":\"https:\\\/\\\/granbazar-games.com\\\/en\\\/boutique\\\/\"},{\"@type\":\"ListItem\",\"position\":3,\"name\":\"Pig Rider\"}]},{\"@type\":\"WebSite\",\"@id\":\"https:\\\/\\\/granbazar-games.com\\\/en\\\/#website\",\"url\":\"https:\\\/\\\/granbazar-games.com\\\/en\\\/\",\"name\":\"indiewargame\",\"description\":\"Tout sur jeu de figurine Warbound\",\"publisher\":{\"@id\":\"https:\\\/\\\/granbazar-games.com\\\/en\\\/#organization\"},\"potentialAction\":[{\"@type\":\"SearchAction\",\"target\":{\"@type\":\"EntryPoint\",\"urlTemplate\":\"https:\\\/\\\/granbazar-games.com\\\/en\\\/?s={search_term_string}\"},\"query-input\":{\"@type\":\"PropertyValueSpecification\",\"valueRequired\":true,\"valueName\":\"search_term_string\"}}],\"inLanguage\":\"fr-FR\"},{\"@type\":\"Organization\",\"@id\":\"https:\\\/\\\/granbazar-games.com\\\/en\\\/#organization\",\"name\":\"Indie Wargame\",\"url\":\"https:\\\/\\\/granbazar-games.com\\\/en\\\/\",\"logo\":{\"@type\":\"ImageObject\",\"inLanguage\":\"fr-FR\",\"@id\":\"https:\\\/\\\/granbazar-games.com\\\/en\\\/#\\\/schema\\\/logo\\\/image\\\/\",\"url\":\"https:\\\/\\\/granbazar-games.com\\\/wp-content\\\/uploads\\\/2020\\\/05\\\/warbound.png\",\"contentUrl\":\"https:\\\/\\\/granbazar-games.com\\\/wp-content\\\/uploads\\\/2020\\\/05\\\/warbound.png\",\"width\":3987,\"height\":1269,\"caption\":\"Indie Wargame\"},\"image\":{\"@id\":\"https:\\\/\\\/granbazar-games.com\\\/en\\\/#\\\/schema\\\/logo\\\/image\\\/\"},\"sameAs\":[\"https:\\\/\\\/www.youtube.com\\\/channel\\\/UC89OhvX60LiNJU-jCoWs-LQ?view_as=subscriber\"]}]}<\/script>\n<!-- \/ Yoast SEO plugin. -->","yoast_head_json":{"title":"Pig Rider - Gran Bazar","description":"Figurine de gobelin sur cochon par Lux Thantor. Une sculpture artisanale de collection \u00e0 l'\u00e9l\u00e9gance brute et au charisme unique.","robots":{"index":"index","follow":"follow","max-snippet":"max-snippet:-1","max-image-preview":"max-image-preview:large","max-video-preview":"max-video-preview:-1"},"canonical":"https:\/\/granbazar-games.com\/fr\/produit\/pig-rider\/","og_locale":"fr_FR","og_type":"article","og_title":"Pig Rider - Gran Bazar","og_description":"Figurine de gobelin sur cochon par Lux Thantor. Une sculpture artisanale de collection \u00e0 l'\u00e9l\u00e9gance brute et au charisme unique.","og_url":"https:\/\/granbazar-games.com\/fr\/produit\/pig-rider\/","og_site_name":"Gran Bazar","article_modified_time":"2026-04-01T21:14:33+00:00","og_image":[{"width":1000,"height":1000,"url":"http:\/\/granbazar-games.com\/wp-content\/uploads\/2026\/03\/Pig_01.jpg","type":"image\/jpeg"}],"twitter_card":"summary_large_image","twitter_misc":{"Dur\u00e9e de lecture estim\u00e9e":"1 minute"},"schema":{"@context":"https:\/\/schema.org","@graph":[{"@type":"WebPage","@id":"https:\/\/granbazar-games.com\/product\/pig-rider\/","url":"https:\/\/granbazar-games.com\/product\/pig-rider\/","name":"Pig Rider - Gran Bazar","isPartOf":{"@id":"https:\/\/granbazar-games.com\/en\/#website"},"primaryImageOfPage":{"@id":"https:\/\/granbazar-games.com\/product\/pig-rider\/#primaryimage"},"image":{"@id":"https:\/\/granbazar-games.com\/product\/pig-rider\/#primaryimage"},"thumbnailUrl":"https:\/\/granbazar-games.com\/wp-content\/uploads\/2026\/03\/Pig_01.jpg","datePublished":"2026-03-28T15:02:22+00:00","dateModified":"2026-04-01T21:14:33+00:00","description":"Figurine de gobelin sur cochon par Lux Thantor. Une sculpture artisanale de collection \u00e0 l'\u00e9l\u00e9gance brute et au charisme unique.","breadcrumb":{"@id":"https:\/\/granbazar-games.com\/product\/pig-rider\/#breadcrumb"},"inLanguage":"fr-FR","potentialAction":[{"@type":"ReadAction","target":["https:\/\/granbazar-games.com\/product\/pig-rider\/"]}]},{"@type":"ImageObject","inLanguage":"fr-FR","@id":"https:\/\/granbazar-games.com\/product\/pig-rider\/#primaryimage","url":"https:\/\/granbazar-games.com\/wp-content\/uploads\/2026\/03\/Pig_01.jpg","contentUrl":"https:\/\/granbazar-games.com\/wp-content\/uploads\/2026\/03\/Pig_01.jpg","width":1000,"height":1000},{"@type":"BreadcrumbList","@id":"https:\/\/granbazar-games.com\/product\/pig-rider\/#breadcrumb","itemListElement":[{"@type":"ListItem","position":1,"name":"Home","item":"https:\/\/granbazar-games.com\/"},{"@type":"ListItem","position":2,"name":"Boutique","item":"https:\/\/granbazar-games.com\/en\/boutique\/"},{"@type":"ListItem","position":3,"name":"Pig Rider"}]},{"@type":"WebSite","@id":"https:\/\/granbazar-games.com\/en\/#website","url":"https:\/\/granbazar-games.com\/en\/","name":"indiewargame","description":"Tout sur jeu de figurine Warbound","publisher":{"@id":"https:\/\/granbazar-games.com\/en\/#organization"},"potentialAction":[{"@type":"SearchAction","target":{"@type":"EntryPoint","urlTemplate":"https:\/\/granbazar-games.com\/en\/?s={search_term_string}"},"query-input":{"@type":"PropertyValueSpecification","valueRequired":true,"valueName":"search_term_string"}}],"inLanguage":"fr-FR"},{"@type":"Organization","@id":"https:\/\/granbazar-games.com\/en\/#organization","name":"Indie Wargame","url":"https:\/\/granbazar-games.com\/en\/","logo":{"@type":"ImageObject","inLanguage":"fr-FR","@id":"https:\/\/granbazar-games.com\/en\/#\/schema\/logo\/image\/","url":"https:\/\/granbazar-games.com\/wp-content\/uploads\/2020\/05\/warbound.png","contentUrl":"https:\/\/granbazar-games.com\/wp-content\/uploads\/2020\/05\/warbound.png","width":3987,"height":1269,"caption":"Indie Wargame"},"image":{"@id":"https:\/\/granbazar-games.com\/en\/#\/schema\/logo\/image\/"},"sameAs":["https:\/\/www.youtube.com\/channel\/UC89OhvX60LiNJU-jCoWs-LQ?view_as=subscriber"]}]}},"jetpack_sharing_enabled":true,"_links":{"self":[{"href":"https:\/\/granbazar-games.com\/fr\/wp-json\/wp\/v2\/product\/7762","targetHints":{"allow":["GET"]}}],"collection":[{"href":"https:\/\/granbazar-games.com\/fr\/wp-json\/wp\/v2\/product"}],"about":[{"href":"https:\/\/granbazar-games.com\/fr\/wp-json\/wp\/v2\/types\/product"}],"wp:featuredmedia":[{"embeddable":true,"href":"https:\/\/granbazar-games.com\/fr\/wp-json\/wp\/v2\/media\/7764"}],"wp:attachment":[{"href":"https:\/\/granbazar-games.com\/fr\/wp-json\/wp\/v2\/media?parent=7762"}],"wp:term":[{"taxonomy":"product_brand","embeddable":true,"href":"https:\/\/granbazar-games.com\/fr\/wp-json\/wp\/v2\/product_brand?post=7762"},{"taxonomy":"product_cat","embeddable":true,"href":"https:\/\/granbazar-games.com\/fr\/wp-json\/wp\/v2\/product_cat?post=7762"},{"taxonomy":"product_tag","embeddable":true,"href":"https:\/\/granbazar-games.com\/fr\/wp-json\/wp\/v2\/product_tag?post=7762"}],"curies":[{"name":"wp","href":"https:\/\/api.w.org\/{rel}","templated":true}]}}