{"id":7783,"date":"2026-03-28T17:53:43","date_gmt":"2026-03-28T15:53:43","guid":{"rendered":"https:\/\/granbazar-games.com\/?post_type=product&#038;p=7783"},"modified":"2026-04-05T19:50:05","modified_gmt":"2026-04-05T17:50:05","slug":"buccaneer","status":"publish","type":"product","link":"https:\/\/granbazar-games.com\/fr\/produit\/buccaneer\/","title":{"rendered":"Boucanier \u00c9ternel"},"content":{"rendered":"","protected":false},"excerpt":{"rendered":"<p>Il a pass\u00e9 l'\u00e9ternit\u00e9 \u00e0 chercher ce tr\u00e9sor, et il n'est pas pr\u00e8s de l\u00e2cher son butin.<br \/>\nUne pi\u00e8ce d'exposition qui ravira les peintres de concours.<\/p>\n<p>Figurine en r\u00e9sine. Vendue non peinte et non assembl\u00e9e.<\/p>\n<p>Scale : 65 mm<\/p>\n<p>Sculpture : <em><a href=\"https:\/\/www.instagram.com\/luxthantor\/?hl=fr\">Lux Thantor<\/a><\/em><\/p>","protected":false},"featured_media":7784,"template":"","meta":[],"product_brand":[],"product_cat":[71],"product_tag":[],"class_list":{"0":"post-7783","1":"product","2":"type-product","3":"status-publish","4":"has-post-thumbnail","6":"product_cat-lux-thantor-miniatures","7":"product_shipping_class-miniatures","9":"first","10":"instock","11":"purchasable","12":"product-type-simple"},"yoast_head":"<!-- This site is optimized with the Yoast SEO plugin v27.3 - https:\/\/yoast.com\/product\/yoast-seo-wordpress\/ -->\n<title>The Eternal Buccaneer - Gran Bazar<\/title>\n<meta name=\"description\" content=\"Figurine de pirate zombie sur coffre au tr\u00e9sor par Lux Thantor. Sculpture d&#039;exposition grande \u00e9chelle (65mm) con\u00e7ue pour les peintres de concours.\" \/>\n<meta name=\"robots\" content=\"index, follow, max-snippet:-1, max-image-preview:large, max-video-preview:-1\" \/>\n<link rel=\"canonical\" href=\"https:\/\/granbazar-games.com\/fr\/produit\/buccaneer\/\" \/>\n<meta property=\"og:locale\" content=\"fr_FR\" \/>\n<meta property=\"og:type\" content=\"article\" \/>\n<meta property=\"og:title\" content=\"The Eternal Buccaneer - Gran Bazar\" \/>\n<meta property=\"og:description\" content=\"Figurine de pirate zombie sur coffre au tr\u00e9sor par Lux Thantor. Sculpture d&#039;exposition grande \u00e9chelle (65mm) con\u00e7ue pour les peintres de concours.\" \/>\n<meta property=\"og:url\" content=\"https:\/\/granbazar-games.com\/fr\/produit\/buccaneer\/\" \/>\n<meta property=\"og:site_name\" content=\"Gran Bazar\" \/>\n<meta property=\"article:modified_time\" content=\"2026-04-05T17:50:05+00:00\" \/>\n<meta property=\"og:image\" content=\"http:\/\/granbazar-games.com\/wp-content\/uploads\/2026\/03\/Pirate_01.jpg\" \/>\n\t<meta property=\"og:image:width\" content=\"1000\" \/>\n\t<meta property=\"og:image:height\" content=\"1000\" \/>\n\t<meta property=\"og:image:type\" content=\"image\/jpeg\" \/>\n<meta name=\"twitter:card\" content=\"summary_large_image\" \/>\n<meta name=\"twitter:label1\" content=\"Dur\u00e9e de lecture estim\u00e9e\" \/>\n\t<meta name=\"twitter:data1\" content=\"1 minute\" \/>\n<script type=\"application\/ld+json\" class=\"yoast-schema-graph\">{\"@context\":\"https:\\\/\\\/schema.org\",\"@graph\":[{\"@type\":\"WebPage\",\"@id\":\"https:\\\/\\\/granbazar-games.com\\\/product\\\/buccaneer\\\/\",\"url\":\"https:\\\/\\\/granbazar-games.com\\\/product\\\/buccaneer\\\/\",\"name\":\"The Eternal Buccaneer - Gran Bazar\",\"isPartOf\":{\"@id\":\"https:\\\/\\\/granbazar-games.com\\\/en\\\/#website\"},\"primaryImageOfPage\":{\"@id\":\"https:\\\/\\\/granbazar-games.com\\\/product\\\/buccaneer\\\/#primaryimage\"},\"image\":{\"@id\":\"https:\\\/\\\/granbazar-games.com\\\/product\\\/buccaneer\\\/#primaryimage\"},\"thumbnailUrl\":\"https:\\\/\\\/granbazar-games.com\\\/wp-content\\\/uploads\\\/2026\\\/03\\\/Pirate_01.jpg\",\"datePublished\":\"2026-03-28T15:53:43+00:00\",\"dateModified\":\"2026-04-05T17:50:05+00:00\",\"description\":\"Figurine de pirate zombie sur coffre au tr\u00e9sor par Lux Thantor. Sculpture d'exposition grande \u00e9chelle (65mm) con\u00e7ue pour les peintres de concours.\",\"breadcrumb\":{\"@id\":\"https:\\\/\\\/granbazar-games.com\\\/product\\\/buccaneer\\\/#breadcrumb\"},\"inLanguage\":\"fr-FR\",\"potentialAction\":[{\"@type\":\"ReadAction\",\"target\":[\"https:\\\/\\\/granbazar-games.com\\\/product\\\/buccaneer\\\/\"]}]},{\"@type\":\"ImageObject\",\"inLanguage\":\"fr-FR\",\"@id\":\"https:\\\/\\\/granbazar-games.com\\\/product\\\/buccaneer\\\/#primaryimage\",\"url\":\"https:\\\/\\\/granbazar-games.com\\\/wp-content\\\/uploads\\\/2026\\\/03\\\/Pirate_01.jpg\",\"contentUrl\":\"https:\\\/\\\/granbazar-games.com\\\/wp-content\\\/uploads\\\/2026\\\/03\\\/Pirate_01.jpg\",\"width\":1000,\"height\":1000},{\"@type\":\"BreadcrumbList\",\"@id\":\"https:\\\/\\\/granbazar-games.com\\\/product\\\/buccaneer\\\/#breadcrumb\",\"itemListElement\":[{\"@type\":\"ListItem\",\"position\":1,\"name\":\"Home\",\"item\":\"https:\\\/\\\/granbazar-games.com\\\/\"},{\"@type\":\"ListItem\",\"position\":2,\"name\":\"Boutique\",\"item\":\"https:\\\/\\\/granbazar-games.com\\\/en\\\/boutique\\\/\"},{\"@type\":\"ListItem\",\"position\":3,\"name\":\"The Eternal Buccaneer\"}]},{\"@type\":\"WebSite\",\"@id\":\"https:\\\/\\\/granbazar-games.com\\\/en\\\/#website\",\"url\":\"https:\\\/\\\/granbazar-games.com\\\/en\\\/\",\"name\":\"indiewargame\",\"description\":\"Tout sur jeu de figurine Warbound\",\"publisher\":{\"@id\":\"https:\\\/\\\/granbazar-games.com\\\/en\\\/#organization\"},\"potentialAction\":[{\"@type\":\"SearchAction\",\"target\":{\"@type\":\"EntryPoint\",\"urlTemplate\":\"https:\\\/\\\/granbazar-games.com\\\/en\\\/?s={search_term_string}\"},\"query-input\":{\"@type\":\"PropertyValueSpecification\",\"valueRequired\":true,\"valueName\":\"search_term_string\"}}],\"inLanguage\":\"fr-FR\"},{\"@type\":\"Organization\",\"@id\":\"https:\\\/\\\/granbazar-games.com\\\/en\\\/#organization\",\"name\":\"Indie Wargame\",\"url\":\"https:\\\/\\\/granbazar-games.com\\\/en\\\/\",\"logo\":{\"@type\":\"ImageObject\",\"inLanguage\":\"fr-FR\",\"@id\":\"https:\\\/\\\/granbazar-games.com\\\/en\\\/#\\\/schema\\\/logo\\\/image\\\/\",\"url\":\"https:\\\/\\\/granbazar-games.com\\\/wp-content\\\/uploads\\\/2020\\\/05\\\/warbound.png\",\"contentUrl\":\"https:\\\/\\\/granbazar-games.com\\\/wp-content\\\/uploads\\\/2020\\\/05\\\/warbound.png\",\"width\":3987,\"height\":1269,\"caption\":\"Indie Wargame\"},\"image\":{\"@id\":\"https:\\\/\\\/granbazar-games.com\\\/en\\\/#\\\/schema\\\/logo\\\/image\\\/\"},\"sameAs\":[\"https:\\\/\\\/www.youtube.com\\\/channel\\\/UC89OhvX60LiNJU-jCoWs-LQ?view_as=subscriber\"]}]}<\/script>\n<!-- \/ Yoast SEO plugin. -->","yoast_head_json":{"title":"The Eternal Buccaneer - Gran Bazar","description":"Figurine de pirate zombie sur coffre au tr\u00e9sor par Lux Thantor. Sculpture d'exposition grande \u00e9chelle (65mm) con\u00e7ue pour les peintres de concours.","robots":{"index":"index","follow":"follow","max-snippet":"max-snippet:-1","max-image-preview":"max-image-preview:large","max-video-preview":"max-video-preview:-1"},"canonical":"https:\/\/granbazar-games.com\/fr\/produit\/buccaneer\/","og_locale":"fr_FR","og_type":"article","og_title":"The Eternal Buccaneer - Gran Bazar","og_description":"Figurine de pirate zombie sur coffre au tr\u00e9sor par Lux Thantor. Sculpture d'exposition grande \u00e9chelle (65mm) con\u00e7ue pour les peintres de concours.","og_url":"https:\/\/granbazar-games.com\/fr\/produit\/buccaneer\/","og_site_name":"Gran Bazar","article_modified_time":"2026-04-05T17:50:05+00:00","og_image":[{"width":1000,"height":1000,"url":"http:\/\/granbazar-games.com\/wp-content\/uploads\/2026\/03\/Pirate_01.jpg","type":"image\/jpeg"}],"twitter_card":"summary_large_image","twitter_misc":{"Dur\u00e9e de lecture estim\u00e9e":"1 minute"},"schema":{"@context":"https:\/\/schema.org","@graph":[{"@type":"WebPage","@id":"https:\/\/granbazar-games.com\/product\/buccaneer\/","url":"https:\/\/granbazar-games.com\/product\/buccaneer\/","name":"The Eternal Buccaneer - Gran Bazar","isPartOf":{"@id":"https:\/\/granbazar-games.com\/en\/#website"},"primaryImageOfPage":{"@id":"https:\/\/granbazar-games.com\/product\/buccaneer\/#primaryimage"},"image":{"@id":"https:\/\/granbazar-games.com\/product\/buccaneer\/#primaryimage"},"thumbnailUrl":"https:\/\/granbazar-games.com\/wp-content\/uploads\/2026\/03\/Pirate_01.jpg","datePublished":"2026-03-28T15:53:43+00:00","dateModified":"2026-04-05T17:50:05+00:00","description":"Figurine de pirate zombie sur coffre au tr\u00e9sor par Lux Thantor. Sculpture d'exposition grande \u00e9chelle (65mm) con\u00e7ue pour les peintres de concours.","breadcrumb":{"@id":"https:\/\/granbazar-games.com\/product\/buccaneer\/#breadcrumb"},"inLanguage":"fr-FR","potentialAction":[{"@type":"ReadAction","target":["https:\/\/granbazar-games.com\/product\/buccaneer\/"]}]},{"@type":"ImageObject","inLanguage":"fr-FR","@id":"https:\/\/granbazar-games.com\/product\/buccaneer\/#primaryimage","url":"https:\/\/granbazar-games.com\/wp-content\/uploads\/2026\/03\/Pirate_01.jpg","contentUrl":"https:\/\/granbazar-games.com\/wp-content\/uploads\/2026\/03\/Pirate_01.jpg","width":1000,"height":1000},{"@type":"BreadcrumbList","@id":"https:\/\/granbazar-games.com\/product\/buccaneer\/#breadcrumb","itemListElement":[{"@type":"ListItem","position":1,"name":"Home","item":"https:\/\/granbazar-games.com\/"},{"@type":"ListItem","position":2,"name":"Boutique","item":"https:\/\/granbazar-games.com\/en\/boutique\/"},{"@type":"ListItem","position":3,"name":"The Eternal Buccaneer"}]},{"@type":"WebSite","@id":"https:\/\/granbazar-games.com\/en\/#website","url":"https:\/\/granbazar-games.com\/en\/","name":"indiewargame","description":"Tout sur jeu de figurine Warbound","publisher":{"@id":"https:\/\/granbazar-games.com\/en\/#organization"},"potentialAction":[{"@type":"SearchAction","target":{"@type":"EntryPoint","urlTemplate":"https:\/\/granbazar-games.com\/en\/?s={search_term_string}"},"query-input":{"@type":"PropertyValueSpecification","valueRequired":true,"valueName":"search_term_string"}}],"inLanguage":"fr-FR"},{"@type":"Organization","@id":"https:\/\/granbazar-games.com\/en\/#organization","name":"Indie Wargame","url":"https:\/\/granbazar-games.com\/en\/","logo":{"@type":"ImageObject","inLanguage":"fr-FR","@id":"https:\/\/granbazar-games.com\/en\/#\/schema\/logo\/image\/","url":"https:\/\/granbazar-games.com\/wp-content\/uploads\/2020\/05\/warbound.png","contentUrl":"https:\/\/granbazar-games.com\/wp-content\/uploads\/2020\/05\/warbound.png","width":3987,"height":1269,"caption":"Indie Wargame"},"image":{"@id":"https:\/\/granbazar-games.com\/en\/#\/schema\/logo\/image\/"},"sameAs":["https:\/\/www.youtube.com\/channel\/UC89OhvX60LiNJU-jCoWs-LQ?view_as=subscriber"]}]}},"jetpack_sharing_enabled":true,"_links":{"self":[{"href":"https:\/\/granbazar-games.com\/fr\/wp-json\/wp\/v2\/product\/7783","targetHints":{"allow":["GET"]}}],"collection":[{"href":"https:\/\/granbazar-games.com\/fr\/wp-json\/wp\/v2\/product"}],"about":[{"href":"https:\/\/granbazar-games.com\/fr\/wp-json\/wp\/v2\/types\/product"}],"wp:featuredmedia":[{"embeddable":true,"href":"https:\/\/granbazar-games.com\/fr\/wp-json\/wp\/v2\/media\/7784"}],"wp:attachment":[{"href":"https:\/\/granbazar-games.com\/fr\/wp-json\/wp\/v2\/media?parent=7783"}],"wp:term":[{"taxonomy":"product_brand","embeddable":true,"href":"https:\/\/granbazar-games.com\/fr\/wp-json\/wp\/v2\/product_brand?post=7783"},{"taxonomy":"product_cat","embeddable":true,"href":"https:\/\/granbazar-games.com\/fr\/wp-json\/wp\/v2\/product_cat?post=7783"},{"taxonomy":"product_tag","embeddable":true,"href":"https:\/\/granbazar-games.com\/fr\/wp-json\/wp\/v2\/product_tag?post=7783"}],"curies":[{"name":"wp","href":"https:\/\/api.w.org\/{rel}","templated":true}]}}