{"id":7787,"date":"2026-03-28T18:02:08","date_gmt":"2026-03-28T16:02:08","guid":{"rendered":"https:\/\/granbazar-games.com\/?post_type=product&#038;p=7787"},"modified":"2026-04-01T23:14:33","modified_gmt":"2026-04-01T21:14:33","slug":"kranky","status":"publish","type":"product","link":"https:\/\/granbazar-games.com\/fr\/produit\/kranky\/","title":{"rendered":"Kranky"},"content":{"rendered":"","protected":false},"excerpt":{"rendered":"<p>Un peu de ceci, un peu de cela, et surtout beaucoup de mauvaise humeur. N\u00e9 d'un \u00e9clair de g\u00e9nie et de quelques pi\u00e8ces de r\u00e9cup\u00e9ration, Kranky est la preuve vivante que la science n'a pas toujours bon go\u00fbt.<\/p>\n<p>Figurine en r\u00e9sine. Vendue non peinte et non assembl\u00e9e.<\/p>\n<p>\u00c9chelle : 28 mm<\/p>\n<p>Sculpture : <em><a href=\"https:\/\/www.instagram.com\/luxthantor\/?hl=fr\">Lux Thantor<\/a><\/em><\/p>","protected":false},"featured_media":7789,"template":"","meta":[],"product_brand":[],"product_cat":[71],"product_tag":[],"class_list":{"0":"post-7787","1":"product","2":"type-product","3":"status-publish","4":"has-post-thumbnail","6":"product_cat-lux-thantor-miniatures","7":"product_shipping_class-miniatures","9":"first","10":"instock","11":"purchasable","12":"product-type-simple"},"yoast_head":"<!-- This site is optimized with the Yoast SEO plugin v27.3 - https:\/\/yoast.com\/product\/yoast-seo-wordpress\/ -->\n<title>Kranky - Gran Bazar<\/title>\n<meta name=\"description\" content=\"Figurine Kranky par Lux Thantor. Inspir\u00e9 des classiques de l&#039;horreur, une sculpture artisanale haute pr\u00e9cision avec options de personnalisation.\" \/>\n<meta name=\"robots\" content=\"index, follow, max-snippet:-1, max-image-preview:large, max-video-preview:-1\" \/>\n<link rel=\"canonical\" href=\"https:\/\/granbazar-games.com\/fr\/produit\/kranky\/\" \/>\n<meta property=\"og:locale\" content=\"fr_FR\" \/>\n<meta property=\"og:type\" content=\"article\" \/>\n<meta property=\"og:title\" content=\"Kranky - Gran Bazar\" \/>\n<meta property=\"og:description\" content=\"Figurine Kranky par Lux Thantor. Inspir\u00e9 des classiques de l&#039;horreur, une sculpture artisanale haute pr\u00e9cision avec options de personnalisation.\" \/>\n<meta property=\"og:url\" content=\"https:\/\/granbazar-games.com\/fr\/produit\/kranky\/\" \/>\n<meta property=\"og:site_name\" content=\"Gran Bazar\" \/>\n<meta property=\"article:modified_time\" content=\"2026-04-01T21:14:33+00:00\" \/>\n<meta property=\"og:image\" content=\"http:\/\/granbazar-games.com\/wp-content\/uploads\/2026\/03\/Kranky_01.jpg\" \/>\n\t<meta property=\"og:image:width\" content=\"1000\" \/>\n\t<meta property=\"og:image:height\" content=\"999\" \/>\n\t<meta property=\"og:image:type\" content=\"image\/jpeg\" \/>\n<meta name=\"twitter:card\" content=\"summary_large_image\" \/>\n<meta name=\"twitter:label1\" content=\"Dur\u00e9e de lecture estim\u00e9e\" \/>\n\t<meta name=\"twitter:data1\" content=\"1 minute\" \/>\n<script type=\"application\/ld+json\" class=\"yoast-schema-graph\">{\"@context\":\"https:\\\/\\\/schema.org\",\"@graph\":[{\"@type\":\"WebPage\",\"@id\":\"https:\\\/\\\/granbazar-games.com\\\/product\\\/kranky\\\/\",\"url\":\"https:\\\/\\\/granbazar-games.com\\\/product\\\/kranky\\\/\",\"name\":\"Kranky - Gran Bazar\",\"isPartOf\":{\"@id\":\"https:\\\/\\\/granbazar-games.com\\\/en\\\/#website\"},\"primaryImageOfPage\":{\"@id\":\"https:\\\/\\\/granbazar-games.com\\\/product\\\/kranky\\\/#primaryimage\"},\"image\":{\"@id\":\"https:\\\/\\\/granbazar-games.com\\\/product\\\/kranky\\\/#primaryimage\"},\"thumbnailUrl\":\"https:\\\/\\\/granbazar-games.com\\\/wp-content\\\/uploads\\\/2026\\\/03\\\/Kranky_01.jpg\",\"datePublished\":\"2026-03-28T16:02:08+00:00\",\"dateModified\":\"2026-04-01T21:14:33+00:00\",\"description\":\"Figurine Kranky par Lux Thantor. Inspir\u00e9 des classiques de l'horreur, une sculpture artisanale haute pr\u00e9cision avec options de personnalisation.\",\"breadcrumb\":{\"@id\":\"https:\\\/\\\/granbazar-games.com\\\/product\\\/kranky\\\/#breadcrumb\"},\"inLanguage\":\"fr-FR\",\"potentialAction\":[{\"@type\":\"ReadAction\",\"target\":[\"https:\\\/\\\/granbazar-games.com\\\/product\\\/kranky\\\/\"]}]},{\"@type\":\"ImageObject\",\"inLanguage\":\"fr-FR\",\"@id\":\"https:\\\/\\\/granbazar-games.com\\\/product\\\/kranky\\\/#primaryimage\",\"url\":\"https:\\\/\\\/granbazar-games.com\\\/wp-content\\\/uploads\\\/2026\\\/03\\\/Kranky_01.jpg\",\"contentUrl\":\"https:\\\/\\\/granbazar-games.com\\\/wp-content\\\/uploads\\\/2026\\\/03\\\/Kranky_01.jpg\",\"width\":1000,\"height\":999},{\"@type\":\"BreadcrumbList\",\"@id\":\"https:\\\/\\\/granbazar-games.com\\\/product\\\/kranky\\\/#breadcrumb\",\"itemListElement\":[{\"@type\":\"ListItem\",\"position\":1,\"name\":\"Home\",\"item\":\"https:\\\/\\\/granbazar-games.com\\\/\"},{\"@type\":\"ListItem\",\"position\":2,\"name\":\"Boutique\",\"item\":\"https:\\\/\\\/granbazar-games.com\\\/en\\\/boutique\\\/\"},{\"@type\":\"ListItem\",\"position\":3,\"name\":\"Kranky\"}]},{\"@type\":\"WebSite\",\"@id\":\"https:\\\/\\\/granbazar-games.com\\\/en\\\/#website\",\"url\":\"https:\\\/\\\/granbazar-games.com\\\/en\\\/\",\"name\":\"indiewargame\",\"description\":\"Tout sur jeu de figurine Warbound\",\"publisher\":{\"@id\":\"https:\\\/\\\/granbazar-games.com\\\/en\\\/#organization\"},\"potentialAction\":[{\"@type\":\"SearchAction\",\"target\":{\"@type\":\"EntryPoint\",\"urlTemplate\":\"https:\\\/\\\/granbazar-games.com\\\/en\\\/?s={search_term_string}\"},\"query-input\":{\"@type\":\"PropertyValueSpecification\",\"valueRequired\":true,\"valueName\":\"search_term_string\"}}],\"inLanguage\":\"fr-FR\"},{\"@type\":\"Organization\",\"@id\":\"https:\\\/\\\/granbazar-games.com\\\/en\\\/#organization\",\"name\":\"Indie Wargame\",\"url\":\"https:\\\/\\\/granbazar-games.com\\\/en\\\/\",\"logo\":{\"@type\":\"ImageObject\",\"inLanguage\":\"fr-FR\",\"@id\":\"https:\\\/\\\/granbazar-games.com\\\/en\\\/#\\\/schema\\\/logo\\\/image\\\/\",\"url\":\"https:\\\/\\\/granbazar-games.com\\\/wp-content\\\/uploads\\\/2020\\\/05\\\/warbound.png\",\"contentUrl\":\"https:\\\/\\\/granbazar-games.com\\\/wp-content\\\/uploads\\\/2020\\\/05\\\/warbound.png\",\"width\":3987,\"height\":1269,\"caption\":\"Indie Wargame\"},\"image\":{\"@id\":\"https:\\\/\\\/granbazar-games.com\\\/en\\\/#\\\/schema\\\/logo\\\/image\\\/\"},\"sameAs\":[\"https:\\\/\\\/www.youtube.com\\\/channel\\\/UC89OhvX60LiNJU-jCoWs-LQ?view_as=subscriber\"]}]}<\/script>\n<!-- \/ Yoast SEO plugin. -->","yoast_head_json":{"title":"Kranky - Gran Bazar","description":"Figurine Kranky par Lux Thantor. Inspir\u00e9 des classiques de l'horreur, une sculpture artisanale haute pr\u00e9cision avec options de personnalisation.","robots":{"index":"index","follow":"follow","max-snippet":"max-snippet:-1","max-image-preview":"max-image-preview:large","max-video-preview":"max-video-preview:-1"},"canonical":"https:\/\/granbazar-games.com\/fr\/produit\/kranky\/","og_locale":"fr_FR","og_type":"article","og_title":"Kranky - Gran Bazar","og_description":"Figurine Kranky par Lux Thantor. Inspir\u00e9 des classiques de l'horreur, une sculpture artisanale haute pr\u00e9cision avec options de personnalisation.","og_url":"https:\/\/granbazar-games.com\/fr\/produit\/kranky\/","og_site_name":"Gran Bazar","article_modified_time":"2026-04-01T21:14:33+00:00","og_image":[{"width":1000,"height":999,"url":"http:\/\/granbazar-games.com\/wp-content\/uploads\/2026\/03\/Kranky_01.jpg","type":"image\/jpeg"}],"twitter_card":"summary_large_image","twitter_misc":{"Dur\u00e9e de lecture estim\u00e9e":"1 minute"},"schema":{"@context":"https:\/\/schema.org","@graph":[{"@type":"WebPage","@id":"https:\/\/granbazar-games.com\/product\/kranky\/","url":"https:\/\/granbazar-games.com\/product\/kranky\/","name":"Kranky - Gran Bazar","isPartOf":{"@id":"https:\/\/granbazar-games.com\/en\/#website"},"primaryImageOfPage":{"@id":"https:\/\/granbazar-games.com\/product\/kranky\/#primaryimage"},"image":{"@id":"https:\/\/granbazar-games.com\/product\/kranky\/#primaryimage"},"thumbnailUrl":"https:\/\/granbazar-games.com\/wp-content\/uploads\/2026\/03\/Kranky_01.jpg","datePublished":"2026-03-28T16:02:08+00:00","dateModified":"2026-04-01T21:14:33+00:00","description":"Figurine Kranky par Lux Thantor. Inspir\u00e9 des classiques de l'horreur, une sculpture artisanale haute pr\u00e9cision avec options de personnalisation.","breadcrumb":{"@id":"https:\/\/granbazar-games.com\/product\/kranky\/#breadcrumb"},"inLanguage":"fr-FR","potentialAction":[{"@type":"ReadAction","target":["https:\/\/granbazar-games.com\/product\/kranky\/"]}]},{"@type":"ImageObject","inLanguage":"fr-FR","@id":"https:\/\/granbazar-games.com\/product\/kranky\/#primaryimage","url":"https:\/\/granbazar-games.com\/wp-content\/uploads\/2026\/03\/Kranky_01.jpg","contentUrl":"https:\/\/granbazar-games.com\/wp-content\/uploads\/2026\/03\/Kranky_01.jpg","width":1000,"height":999},{"@type":"BreadcrumbList","@id":"https:\/\/granbazar-games.com\/product\/kranky\/#breadcrumb","itemListElement":[{"@type":"ListItem","position":1,"name":"Home","item":"https:\/\/granbazar-games.com\/"},{"@type":"ListItem","position":2,"name":"Boutique","item":"https:\/\/granbazar-games.com\/en\/boutique\/"},{"@type":"ListItem","position":3,"name":"Kranky"}]},{"@type":"WebSite","@id":"https:\/\/granbazar-games.com\/en\/#website","url":"https:\/\/granbazar-games.com\/en\/","name":"indiewargame","description":"Tout sur jeu de figurine Warbound","publisher":{"@id":"https:\/\/granbazar-games.com\/en\/#organization"},"potentialAction":[{"@type":"SearchAction","target":{"@type":"EntryPoint","urlTemplate":"https:\/\/granbazar-games.com\/en\/?s={search_term_string}"},"query-input":{"@type":"PropertyValueSpecification","valueRequired":true,"valueName":"search_term_string"}}],"inLanguage":"fr-FR"},{"@type":"Organization","@id":"https:\/\/granbazar-games.com\/en\/#organization","name":"Indie Wargame","url":"https:\/\/granbazar-games.com\/en\/","logo":{"@type":"ImageObject","inLanguage":"fr-FR","@id":"https:\/\/granbazar-games.com\/en\/#\/schema\/logo\/image\/","url":"https:\/\/granbazar-games.com\/wp-content\/uploads\/2020\/05\/warbound.png","contentUrl":"https:\/\/granbazar-games.com\/wp-content\/uploads\/2020\/05\/warbound.png","width":3987,"height":1269,"caption":"Indie Wargame"},"image":{"@id":"https:\/\/granbazar-games.com\/en\/#\/schema\/logo\/image\/"},"sameAs":["https:\/\/www.youtube.com\/channel\/UC89OhvX60LiNJU-jCoWs-LQ?view_as=subscriber"]}]}},"jetpack_sharing_enabled":true,"_links":{"self":[{"href":"https:\/\/granbazar-games.com\/fr\/wp-json\/wp\/v2\/product\/7787","targetHints":{"allow":["GET"]}}],"collection":[{"href":"https:\/\/granbazar-games.com\/fr\/wp-json\/wp\/v2\/product"}],"about":[{"href":"https:\/\/granbazar-games.com\/fr\/wp-json\/wp\/v2\/types\/product"}],"wp:featuredmedia":[{"embeddable":true,"href":"https:\/\/granbazar-games.com\/fr\/wp-json\/wp\/v2\/media\/7789"}],"wp:attachment":[{"href":"https:\/\/granbazar-games.com\/fr\/wp-json\/wp\/v2\/media?parent=7787"}],"wp:term":[{"taxonomy":"product_brand","embeddable":true,"href":"https:\/\/granbazar-games.com\/fr\/wp-json\/wp\/v2\/product_brand?post=7787"},{"taxonomy":"product_cat","embeddable":true,"href":"https:\/\/granbazar-games.com\/fr\/wp-json\/wp\/v2\/product_cat?post=7787"},{"taxonomy":"product_tag","embeddable":true,"href":"https:\/\/granbazar-games.com\/fr\/wp-json\/wp\/v2\/product_tag?post=7787"}],"curies":[{"name":"wp","href":"https:\/\/api.w.org\/{rel}","templated":true}]}}